{"id":696,"date":"2023-11-30T12:24:44","date_gmt":"2023-11-30T10:24:44","guid":{"rendered":"https:\/\/eventdk.nordiske-medier.dk\/pack-point-nordic\/?page_id=696"},"modified":"2025-03-07T14:09:54","modified_gmt":"2025-03-07T13:09:54","slug":"faq","status":"publish","type":"page","link":"https:\/\/nmevents.se\/roadshow\/faq\/","title":{"rendered":"Om oss"},"content":{"rendered":"\t\t<div data-elementor-type=\"wp-page\" data-elementor-id=\"696\" class=\"elementor elementor-696\" data-elementor-post-type=\"page\">\n\t\t\t\t<div class=\"elementor-element elementor-element-307f06b e-flex e-con-boxed e-con e-parent\" data-id=\"307f06b\" data-element_type=\"container\" data-core-v316-plus=\"true\">\n\t\t\t\t\t<div class=\"e-con-inner\">\n\t\t\t\t<div class=\"elementor-element elementor-element-e8bdb33 elementor-widget elementor-widget-spacer\" data-id=\"e8bdb33\" data-element_type=\"widget\" data-widget_type=\"spacer.default\">\n\t\t\t\t<div class=\"elementor-widget-container\">\n\t\t\t<style>\/*! elementor - v3.20.0 - 20-03-2024 *\/\n.elementor-column .elementor-spacer-inner{height:var(--spacer-size)}.e-con{--container-widget-width:100%}.e-con-inner>.elementor-widget-spacer,.e-con>.elementor-widget-spacer{width:var(--container-widget-width,var(--spacer-size));--align-self:var(--container-widget-align-self,initial);--flex-shrink:0}.e-con-inner>.elementor-widget-spacer>.elementor-widget-container,.e-con>.elementor-widget-spacer>.elementor-widget-container{height:100%;width:100%}.e-con-inner>.elementor-widget-spacer>.elementor-widget-container>.elementor-spacer,.e-con>.elementor-widget-spacer>.elementor-widget-container>.elementor-spacer{height:100%}.e-con-inner>.elementor-widget-spacer>.elementor-widget-container>.elementor-spacer>.elementor-spacer-inner,.e-con>.elementor-widget-spacer>.elementor-widget-container>.elementor-spacer>.elementor-spacer-inner{height:var(--container-widget-height,var(--spacer-size))}.e-con-inner>.elementor-widget-spacer.elementor-widget-empty,.e-con>.elementor-widget-spacer.elementor-widget-empty{position:relative;min-height:22px;min-width:22px}.e-con-inner>.elementor-widget-spacer.elementor-widget-empty .elementor-widget-empty-icon,.e-con>.elementor-widget-spacer.elementor-widget-empty .elementor-widget-empty-icon{position:absolute;top:0;bottom:0;left:0;right:0;margin:auto;padding:0;width:22px;height:22px}<\/style>\t\t<div class=\"elementor-spacer\">\n\t\t\t<div class=\"elementor-spacer-inner\"><\/div>\n\t\t<\/div>\n\t\t\t\t<\/div>\n\t\t\t\t<\/div>\n\t\t\t\t\t<\/div>\n\t\t\t\t<\/div>\n\t\t<div class=\"elementor-element elementor-element-296b82c e-flex e-con-boxed e-con e-parent\" data-id=\"296b82c\" data-element_type=\"container\" data-core-v316-plus=\"true\">\n\t\t\t\t\t<div class=\"e-con-inner\">\n\t\t<div class=\"elementor-element elementor-element-eb2a8e7 e-flex e-con-boxed e-con e-child\" data-id=\"eb2a8e7\" data-element_type=\"container\">\n\t\t\t\t\t<div class=\"e-con-inner\">\n\t\t<div class=\"elementor-element elementor-element-5b158a9 e-con-full e-flex e-con e-child\" data-id=\"5b158a9\" data-element_type=\"container\">\n\t\t\t\t<div class=\"elementor-element elementor-element-632f7fa elementor-widget elementor-widget-text-editor\" data-id=\"632f7fa\" data-element_type=\"widget\" data-widget_type=\"text-editor.default\">\n\t\t\t\t<div class=\"elementor-widget-container\">\n\t\t\t<style>\/*! elementor - v3.20.0 - 20-03-2024 *\/\n.elementor-widget-text-editor.elementor-drop-cap-view-stacked .elementor-drop-cap{background-color:#69727d;color:#fff}.elementor-widget-text-editor.elementor-drop-cap-view-framed .elementor-drop-cap{color:#69727d;border:3px solid;background-color:transparent}.elementor-widget-text-editor:not(.elementor-drop-cap-view-default) .elementor-drop-cap{margin-top:8px}.elementor-widget-text-editor:not(.elementor-drop-cap-view-default) .elementor-drop-cap-letter{width:1em;height:1em}.elementor-widget-text-editor .elementor-drop-cap{float:left;text-align:center;line-height:1;font-size:50px}.elementor-widget-text-editor .elementor-drop-cap-letter{display:inline-block}<\/style>\t\t\t\t<p>Motormagasinet<\/p>\t\t\t\t\t\t<\/div>\n\t\t\t\t<\/div>\n\t\t\t\t<div class=\"elementor-element elementor-element-9aee674 elementor-widget elementor-widget-text-editor\" data-id=\"9aee674\" data-element_type=\"widget\" data-widget_type=\"text-editor.default\">\n\t\t\t\t<div class=\"elementor-widget-container\">\n\t\t\t\t\t\t\t<p>\u2013 f\u00f6r den som vill f\u00f6lja branschen<\/p>\t\t\t\t\t\t<\/div>\n\t\t\t\t<\/div>\n\t\t\t\t<div class=\"elementor-element elementor-element-b5754c9 elementor-widget elementor-widget-text-editor\" data-id=\"b5754c9\" data-element_type=\"widget\" data-widget_type=\"text-editor.default\">\n\t\t\t\t<div class=\"elementor-widget-container\">\n\t\t\t\t\t\t\t<p>Motormagasinet \u00e4r branschens ledande, oberoende nyhetsk\u00e4lla i tryck och digitalt. H\u00e4r f\u00e5r du information och inspiration om allt som h\u00e4nder i fordonsbranschen.<\/p><p>Genom Motormagasinets alla kanaler, i tryck, p\u00e5 webben och i nyhetsbreven, f\u00e5r du heta nyheter, reportage fr\u00e5n branschf\u00f6retag, tekniska beskrivningar och f\u00f6rdjupningar i ett eller flera teman, allt skrivet av v\u00e5ra initierade reportrar.<\/p><p>Chefredakt\u00f6r<br \/><strong>Marcus Nyberg<br \/><\/strong>+46 (0)70 947 16 31<br \/>marcus.nyberg@nordiskemedier.se<strong><br \/><\/strong><\/p>\t\t\t\t\t\t<\/div>\n\t\t\t\t<\/div>\n\t\t\t\t<\/div>\n\t\t<div class=\"elementor-element elementor-element-19d7fc6 e-con-full e-flex e-con e-child\" data-id=\"19d7fc6\" data-element_type=\"container\">\n\t\t\t\t<div class=\"elementor-element elementor-element-13c6997 elementor-widget elementor-widget-image\" data-id=\"13c6997\" data-element_type=\"widget\" data-widget_type=\"image.default\">\n\t\t\t\t<div class=\"elementor-widget-container\">\n\t\t\t<style>\/*! elementor - v3.20.0 - 20-03-2024 *\/\n.elementor-widget-image{text-align:center}.elementor-widget-image a{display:inline-block}.elementor-widget-image a img[src$=\".svg\"]{width:48px}.elementor-widget-image img{vertical-align:middle;display:inline-block}<\/style>\t\t\t\t\t\t\t\t\t\t<img fetchpriority=\"high\" decoding=\"async\" width=\"800\" height=\"453\" src=\"https:\/\/nmevents.se\/roadshow\/wp-content\/uploads\/sites\/59\/2025\/03\/samlingsbild-MM-1024x580.png\" class=\"attachment-large size-large wp-image-2429\" alt=\"\" srcset=\"https:\/\/nmevents.se\/roadshow\/wp-content\/uploads\/sites\/59\/2025\/03\/samlingsbild-MM-1024x580.png 1024w, https:\/\/nmevents.se\/roadshow\/wp-content\/uploads\/sites\/59\/2025\/03\/samlingsbild-MM-300x170.png 300w, https:\/\/nmevents.se\/roadshow\/wp-content\/uploads\/sites\/59\/2025\/03\/samlingsbild-MM-768x435.png 768w, https:\/\/nmevents.se\/roadshow\/wp-content\/uploads\/sites\/59\/2025\/03\/samlingsbild-MM-1536x869.png 1536w, https:\/\/nmevents.se\/roadshow\/wp-content\/uploads\/sites\/59\/2025\/03\/samlingsbild-MM-2048x1159.png 2048w\" sizes=\"(max-width: 800px) 100vw, 800px\" \/>\t\t\t\t\t\t\t\t\t\t\t\t\t<\/div>\n\t\t\t\t<\/div>\n\t\t\t\t<\/div>\n\t\t\t\t\t<\/div>\n\t\t\t\t<\/div>\n\t\t\t\t\t<\/div>\n\t\t\t\t<\/div>\n\t\t<div class=\"elementor-element elementor-element-cdd81c8 e-flex e-con-boxed e-con e-parent\" data-id=\"cdd81c8\" data-element_type=\"container\" data-core-v316-plus=\"true\">\n\t\t\t\t\t<div class=\"e-con-inner\">\n\t\t\t\t<div class=\"elementor-element elementor-element-31d915a elementor-widget elementor-widget-spacer\" data-id=\"31d915a\" data-element_type=\"widget\" data-widget_type=\"spacer.default\">\n\t\t\t\t<div class=\"elementor-widget-container\">\n\t\t\t\t\t<div class=\"elementor-spacer\">\n\t\t\t<div class=\"elementor-spacer-inner\"><\/div>\n\t\t<\/div>\n\t\t\t\t<\/div>\n\t\t\t\t<\/div>\n\t\t\t\t\t<\/div>\n\t\t\t\t<\/div>\n\t\t<div class=\"elementor-element elementor-element-5dd8fb6 e-flex e-con-boxed e-con e-parent\" data-id=\"5dd8fb6\" data-element_type=\"container\" data-settings=\"{&quot;background_background&quot;:&quot;gradient&quot;}\" data-core-v316-plus=\"true\">\n\t\t\t\t\t<div class=\"e-con-inner\">\n\t\t\t\t<div class=\"elementor-element elementor-element-a9d685c elementor-widget elementor-widget-text-editor\" data-id=\"a9d685c\" data-element_type=\"widget\" data-widget_type=\"text-editor.default\">\n\t\t\t\t<div class=\"elementor-widget-container\">\n\t\t\t\t\t\t\t<p>Under <strong>2025 <\/strong>arrangerar vi \u00e4ven<\/p>\t\t\t\t\t\t<\/div>\n\t\t\t\t<\/div>\n\t\t\t\t\t<\/div>\n\t\t\t\t<\/div>\n\t\t<div class=\"elementor-element elementor-element-3c7bb8b e-flex e-con-boxed e-con e-parent\" data-id=\"3c7bb8b\" data-element_type=\"container\" data-core-v316-plus=\"true\">\n\t\t\t\t\t<div class=\"e-con-inner\">\n\t\t\t\t<div class=\"elementor-element elementor-element-7a7eb77 elementor-widget elementor-widget-spacer\" data-id=\"7a7eb77\" data-element_type=\"widget\" data-widget_type=\"spacer.default\">\n\t\t\t\t<div class=\"elementor-widget-container\">\n\t\t\t\t\t<div class=\"elementor-spacer\">\n\t\t\t<div class=\"elementor-spacer-inner\"><\/div>\n\t\t<\/div>\n\t\t\t\t<\/div>\n\t\t\t\t<\/div>\n\t\t\t\t\t<\/div>\n\t\t\t\t<\/div>\n\t\t<div class=\"elementor-element elementor-element-00d6b81 e-flex e-con-boxed e-con e-parent\" data-id=\"00d6b81\" data-element_type=\"container\" data-core-v316-plus=\"true\">\n\t\t\t\t\t<div class=\"e-con-inner\">\n\t\t<div class=\"elementor-element elementor-element-9261eef e-con-full e-flex e-con e-child\" data-id=\"9261eef\" data-element_type=\"container\">\n\t\t\t\t<div class=\"elementor-element elementor-element-29566f7 elementor-widget elementor-widget-text-editor\" data-id=\"29566f7\" data-element_type=\"widget\" data-widget_type=\"text-editor.default\">\n\t\t\t\t<div class=\"elementor-widget-container\">\n\t\t\t\t\t\t\t<p>\u00c5rets Bils\u00e4ljare<\/p>\t\t\t\t\t\t<\/div>\n\t\t\t\t<\/div>\n\t\t\t\t<div class=\"elementor-element elementor-element-94be1a5 elementor-widget elementor-widget-text-editor\" data-id=\"94be1a5\" data-element_type=\"widget\" data-widget_type=\"text-editor.default\">\n\t\t\t\t<div class=\"elementor-widget-container\">\n\t\t\t\t\t\t\t<p>\u00c5rets bils\u00e4ljare \u00e4r en t\u00e4vling som arrangeras av Motormagasinet och Nextlane. <br \/>S\u00e4ljaren som vinner &#8221;\u00c5rets Bils\u00e4ljare&#8221; arbetar proaktivt f\u00f6r att hitta kunder och aff\u00e4rer, <br \/>kan hantera olika digitala och sociala kanaler f\u00f6r att s\u00e4lja p\u00e5 nya s\u00e4tt och \u00e4r duktig <br \/>p\u00e5 att v\u00e5rda befintliga kundrelationer<\/p>\t\t\t\t\t\t<\/div>\n\t\t\t\t<\/div>\n\t\t\t\t<div class=\"elementor-element elementor-element-8853606 elementor-widget elementor-widget-button\" data-id=\"8853606\" data-element_type=\"widget\" data-widget_type=\"button.default\">\n\t\t\t\t<div class=\"elementor-widget-container\">\n\t\t\t\t\t<div class=\"elementor-button-wrapper\">\n\t\t\t<a class=\"elementor-button elementor-button-link elementor-size-sm\" href=\"https:\/\/nmevents.se\/aretsbilsaljare\/\" target=\"_blank\">\n\t\t\t\t\t\t<span class=\"elementor-button-content-wrapper\">\n\t\t\t\t\t\t<span class=\"elementor-button-text\">L\u00e4s mer h\u00e4r<\/span>\n\t\t<\/span>\n\t\t\t\t\t<\/a>\n\t\t<\/div>\n\t\t\t\t<\/div>\n\t\t\t\t<\/div>\n\t\t\t\t<\/div>\n\t\t<div class=\"elementor-element elementor-element-d8100d8 e-con-full e-flex e-con e-child\" data-id=\"d8100d8\" data-element_type=\"container\">\n\t\t\t\t<div class=\"elementor-element elementor-element-eacc4b7 elementor-widget elementor-widget-text-editor\" data-id=\"eacc4b7\" data-element_type=\"widget\" data-widget_type=\"text-editor.default\">\n\t\t\t\t<div class=\"elementor-widget-container\">\n\t\t\t\t\t\t\t<p>Motordagen Live<\/p>\t\t\t\t\t\t<\/div>\n\t\t\t\t<\/div>\n\t\t\t\t<div class=\"elementor-element elementor-element-ea364bb elementor-widget elementor-widget-text-editor\" data-id=\"ea364bb\" data-element_type=\"widget\" data-widget_type=\"text-editor.default\">\n\t\t\t\t<div class=\"elementor-widget-container\">\n\t\t\t\t\t\t\t<p>Motordagen Live\u00a0\u00e4r fordonsbranschens nya m\u00f6tesplats, d\u00e4r deltagare f\u00e5r uppleva de senaste nyheterna\u00a0under en inspirerande och fartfylld dag.\u00a0<\/p>\t\t\t\t\t\t<\/div>\n\t\t\t\t<\/div>\n\t\t\t\t<div class=\"elementor-element elementor-element-d0c1397 elementor-widget elementor-widget-button\" data-id=\"d0c1397\" data-element_type=\"widget\" data-widget_type=\"button.default\">\n\t\t\t\t<div class=\"elementor-widget-container\">\n\t\t\t\t\t<div class=\"elementor-button-wrapper\">\n\t\t\t<a class=\"elementor-button elementor-button-link elementor-size-sm\" href=\"https:\/\/nmevents.se\/motordagenlive\/\" target=\"_blank\">\n\t\t\t\t\t\t<span class=\"elementor-button-content-wrapper\">\n\t\t\t\t\t\t<span class=\"elementor-button-text\">L\u00e4s mer h\u00e4r<\/span>\n\t\t<\/span>\n\t\t\t\t\t<\/a>\n\t\t<\/div>\n\t\t\t\t<\/div>\n\t\t\t\t<\/div>\n\t\t\t\t<\/div>\n\t\t\t\t\t<\/div>\n\t\t\t\t<\/div>\n\t\t<div class=\"elementor-element elementor-element-84f6f99 e-flex e-con-boxed e-con e-parent\" data-id=\"84f6f99\" data-element_type=\"container\" data-core-v316-plus=\"true\">\n\t\t\t\t\t<div class=\"e-con-inner\">\n\t\t\t\t<div class=\"elementor-element elementor-element-ff6b219 elementor-widget elementor-widget-spacer\" data-id=\"ff6b219\" data-element_type=\"widget\" data-widget_type=\"spacer.default\">\n\t\t\t\t<div class=\"elementor-widget-container\">\n\t\t\t\t\t<div class=\"elementor-spacer\">\n\t\t\t<div class=\"elementor-spacer-inner\"><\/div>\n\t\t<\/div>\n\t\t\t\t<\/div>\n\t\t\t\t<\/div>\n\t\t\t\t\t<\/div>\n\t\t\t\t<\/div>\n\t\t\t\t<\/div>\n\t\t","protected":false},"excerpt":{"rendered":"<p>Motormagasinet \u2013 f\u00f6r den som vill f\u00f6lja branschen Motormagasinet \u00e4r branschens ledande, oberoende nyhetsk\u00e4lla i tryck och digitalt. H\u00e4r f\u00e5r du information och inspiration om allt som h\u00e4nder i fordonsbranschen. Genom Motormagasinets alla kanaler, i tryck, p\u00e5 webben och i nyhetsbreven, f\u00e5r du heta nyheter, reportage fr\u00e5n branschf\u00f6retag, tekniska beskrivningar och f\u00f6rdjupningar i ett eller [&hellip;]<\/p>\n","protected":false},"author":1,"featured_media":0,"parent":0,"menu_order":0,"comment_status":"closed","ping_status":"closed","template":"elementor_header_footer","meta":{"_acf_changed":false,"footnotes":""},"acf":[],"_links":{"self":[{"href":"https:\/\/nmevents.se\/roadshow\/wp-json\/wp\/v2\/pages\/696"}],"collection":[{"href":"https:\/\/nmevents.se\/roadshow\/wp-json\/wp\/v2\/pages"}],"about":[{"href":"https:\/\/nmevents.se\/roadshow\/wp-json\/wp\/v2\/types\/page"}],"author":[{"embeddable":true,"href":"https:\/\/nmevents.se\/roadshow\/wp-json\/wp\/v2\/users\/1"}],"replies":[{"embeddable":true,"href":"https:\/\/nmevents.se\/roadshow\/wp-json\/wp\/v2\/comments?post=696"}],"version-history":[{"count":78,"href":"https:\/\/nmevents.se\/roadshow\/wp-json\/wp\/v2\/pages\/696\/revisions"}],"predecessor-version":[{"id":2549,"href":"https:\/\/nmevents.se\/roadshow\/wp-json\/wp\/v2\/pages\/696\/revisions\/2549"}],"wp:attachment":[{"href":"https:\/\/nmevents.se\/roadshow\/wp-json\/wp\/v2\/media?parent=696"}],"curies":[{"name":"wp","href":"https:\/\/api.w.org\/{rel}","templated":true}]}}