{"id":808,"date":"2024-02-21T10:27:50","date_gmt":"2024-02-21T09:27:50","guid":{"rendered":"https:\/\/nmevents.se\/roadshow\/?page_id=808"},"modified":"2026-01-30T14:13:57","modified_gmt":"2026-01-30T13:13:57","slug":"blir-var-partner","status":"publish","type":"page","link":"https:\/\/nmevents.se\/roadshow\/blir-var-partner\/","title":{"rendered":"Bli v\u00e5r partner"},"content":{"rendered":"\t\t<div data-elementor-type=\"wp-page\" data-elementor-id=\"808\" class=\"elementor elementor-808\" data-elementor-post-type=\"page\">\n\t\t\t\t<div class=\"elementor-element elementor-element-6ae9be4 e-flex e-con-boxed e-con e-parent\" data-id=\"6ae9be4\" data-element_type=\"container\" data-core-v316-plus=\"true\">\n\t\t\t\t\t<div class=\"e-con-inner\">\n\t\t\t\t<div class=\"elementor-element elementor-element-e1ccfbc elementor-widget elementor-widget-spacer\" data-id=\"e1ccfbc\" data-element_type=\"widget\" data-widget_type=\"spacer.default\">\n\t\t\t\t<div class=\"elementor-widget-container\">\n\t\t\t<style>\/*! elementor - v3.20.0 - 20-03-2024 *\/\n.elementor-column .elementor-spacer-inner{height:var(--spacer-size)}.e-con{--container-widget-width:100%}.e-con-inner>.elementor-widget-spacer,.e-con>.elementor-widget-spacer{width:var(--container-widget-width,var(--spacer-size));--align-self:var(--container-widget-align-self,initial);--flex-shrink:0}.e-con-inner>.elementor-widget-spacer>.elementor-widget-container,.e-con>.elementor-widget-spacer>.elementor-widget-container{height:100%;width:100%}.e-con-inner>.elementor-widget-spacer>.elementor-widget-container>.elementor-spacer,.e-con>.elementor-widget-spacer>.elementor-widget-container>.elementor-spacer{height:100%}.e-con-inner>.elementor-widget-spacer>.elementor-widget-container>.elementor-spacer>.elementor-spacer-inner,.e-con>.elementor-widget-spacer>.elementor-widget-container>.elementor-spacer>.elementor-spacer-inner{height:var(--container-widget-height,var(--spacer-size))}.e-con-inner>.elementor-widget-spacer.elementor-widget-empty,.e-con>.elementor-widget-spacer.elementor-widget-empty{position:relative;min-height:22px;min-width:22px}.e-con-inner>.elementor-widget-spacer.elementor-widget-empty .elementor-widget-empty-icon,.e-con>.elementor-widget-spacer.elementor-widget-empty .elementor-widget-empty-icon{position:absolute;top:0;bottom:0;left:0;right:0;margin:auto;padding:0;width:22px;height:22px}<\/style>\t\t<div class=\"elementor-spacer\">\n\t\t\t<div class=\"elementor-spacer-inner\"><\/div>\n\t\t<\/div>\n\t\t\t\t<\/div>\n\t\t\t\t<\/div>\n\t\t\t\t\t<\/div>\n\t\t\t\t<\/div>\n\t\t<div class=\"elementor-element elementor-element-28eab1d e-flex e-con-boxed e-con e-parent\" data-id=\"28eab1d\" data-element_type=\"container\" data-core-v316-plus=\"true\">\n\t\t\t\t\t<div class=\"e-con-inner\">\n\t\t<div class=\"elementor-element elementor-element-73d31c8 e-con-full e-flex e-con e-child\" data-id=\"73d31c8\" data-element_type=\"container\" data-settings=\"{&quot;background_background&quot;:&quot;gradient&quot;}\">\n\t\t\t\t<div class=\"elementor-element elementor-element-3ab678c elementor-widget__width-initial elementor-widget elementor-widget-text-editor\" data-id=\"3ab678c\" data-element_type=\"widget\" data-widget_type=\"text-editor.default\">\n\t\t\t\t<div class=\"elementor-widget-container\">\n\t\t\t<style>\/*! elementor - v3.20.0 - 20-03-2024 *\/\n.elementor-widget-text-editor.elementor-drop-cap-view-stacked .elementor-drop-cap{background-color:#69727d;color:#fff}.elementor-widget-text-editor.elementor-drop-cap-view-framed .elementor-drop-cap{color:#69727d;border:3px solid;background-color:transparent}.elementor-widget-text-editor:not(.elementor-drop-cap-view-default) .elementor-drop-cap{margin-top:8px}.elementor-widget-text-editor:not(.elementor-drop-cap-view-default) .elementor-drop-cap-letter{width:1em;height:1em}.elementor-widget-text-editor .elementor-drop-cap{float:left;text-align:center;line-height:1;font-size:50px}.elementor-widget-text-editor .elementor-drop-cap-letter{display:inline-block}<\/style>\t\t\t\t<p>Delta som partner<\/p>\t\t\t\t\t\t<\/div>\n\t\t\t\t<\/div>\n\t\t\t\t<div class=\"elementor-element elementor-element-5fc2742 elementor-widget elementor-widget-text-editor\" data-id=\"5fc2742\" data-element_type=\"widget\" data-widget_type=\"text-editor.default\">\n\t\t\t\t<div class=\"elementor-widget-container\">\n\t\t\t\t\t\t\t<p>Vi erbjuder tv\u00e5 olika partnerskap f\u00f6r f\u00f6retag som vill ta del av detta uppskattade event:<\/p>\t\t\t\t\t\t<\/div>\n\t\t\t\t<\/div>\n\t\t\t\t<div class=\"elementor-element elementor-element-de2366f elementor-widget elementor-widget-text-editor\" data-id=\"de2366f\" data-element_type=\"widget\" data-widget_type=\"text-editor.default\">\n\t\t\t\t<div class=\"elementor-widget-container\">\n\t\t\t\t\t\t\t<p><strong>Kedjepartner \u2013 S\u00e4tt dina verkst\u00e4der i rampljuset<\/strong><\/p>\t\t\t\t\t\t<\/div>\n\t\t\t\t<\/div>\n\t\t\t\t<div class=\"elementor-element elementor-element-148face elementor-widget elementor-widget-text-editor\" data-id=\"148face\" data-element_type=\"widget\" data-widget_type=\"text-editor.default\">\n\t\t\t\t<div class=\"elementor-widget-container\">\n\t\t\t\t\t\t\t<p>Som Kedjepartner f\u00e5r ni m\u00f6jligheten att v\u00e4lja ut tre verkst\u00e4der som v\u00e5r redaktion kommer att bes\u00f6ka. Varje bes\u00f6k resulterar i ett professionellt reportage d\u00e4r verkstaden och dess verksamhet lyfts fram b\u00e5de i v\u00e5r tidning och digitalt.<\/p><ul><li>Tre verkst\u00e4der f\u00e5r redaktionellt bes\u00f6k och reportage<\/li><li>Exponering i tidningen och digitalt<\/li><li>Varum\u00e4rket syns i all v\u00e5r annonsering<\/li><li>Alla anst\u00e4llda p\u00e5 verkst\u00e4derna f\u00e5r en exklusiv goodiebag<\/li><\/ul><p>Deadline: Verkst\u00e4derna ska vara valda senast mitten av maj<\/p>\t\t\t\t\t\t<\/div>\n\t\t\t\t<\/div>\n\t\t\t\t<div class=\"elementor-element elementor-element-566a69d elementor-widget-divider--view-line elementor-widget elementor-widget-divider\" data-id=\"566a69d\" data-element_type=\"widget\" data-widget_type=\"divider.default\">\n\t\t\t\t<div class=\"elementor-widget-container\">\n\t\t\t<style>\/*! elementor - v3.20.0 - 20-03-2024 *\/\n.elementor-widget-divider{--divider-border-style:none;--divider-border-width:1px;--divider-color:#0c0d0e;--divider-icon-size:20px;--divider-element-spacing:10px;--divider-pattern-height:24px;--divider-pattern-size:20px;--divider-pattern-url:none;--divider-pattern-repeat:repeat-x}.elementor-widget-divider .elementor-divider{display:flex}.elementor-widget-divider .elementor-divider__text{font-size:15px;line-height:1;max-width:95%}.elementor-widget-divider .elementor-divider__element{margin:0 var(--divider-element-spacing);flex-shrink:0}.elementor-widget-divider .elementor-icon{font-size:var(--divider-icon-size)}.elementor-widget-divider .elementor-divider-separator{display:flex;margin:0;direction:ltr}.elementor-widget-divider--view-line_icon .elementor-divider-separator,.elementor-widget-divider--view-line_text .elementor-divider-separator{align-items:center}.elementor-widget-divider--view-line_icon .elementor-divider-separator:after,.elementor-widget-divider--view-line_icon .elementor-divider-separator:before,.elementor-widget-divider--view-line_text .elementor-divider-separator:after,.elementor-widget-divider--view-line_text .elementor-divider-separator:before{display:block;content:\"\";border-block-end:0;flex-grow:1;border-block-start:var(--divider-border-width) var(--divider-border-style) var(--divider-color)}.elementor-widget-divider--element-align-left .elementor-divider .elementor-divider-separator>.elementor-divider__svg:first-of-type{flex-grow:0;flex-shrink:100}.elementor-widget-divider--element-align-left .elementor-divider-separator:before{content:none}.elementor-widget-divider--element-align-left .elementor-divider__element{margin-left:0}.elementor-widget-divider--element-align-right .elementor-divider .elementor-divider-separator>.elementor-divider__svg:last-of-type{flex-grow:0;flex-shrink:100}.elementor-widget-divider--element-align-right .elementor-divider-separator:after{content:none}.elementor-widget-divider--element-align-right .elementor-divider__element{margin-right:0}.elementor-widget-divider--element-align-start .elementor-divider .elementor-divider-separator>.elementor-divider__svg:first-of-type{flex-grow:0;flex-shrink:100}.elementor-widget-divider--element-align-start .elementor-divider-separator:before{content:none}.elementor-widget-divider--element-align-start .elementor-divider__element{margin-inline-start:0}.elementor-widget-divider--element-align-end .elementor-divider .elementor-divider-separator>.elementor-divider__svg:last-of-type{flex-grow:0;flex-shrink:100}.elementor-widget-divider--element-align-end .elementor-divider-separator:after{content:none}.elementor-widget-divider--element-align-end .elementor-divider__element{margin-inline-end:0}.elementor-widget-divider:not(.elementor-widget-divider--view-line_text):not(.elementor-widget-divider--view-line_icon) .elementor-divider-separator{border-block-start:var(--divider-border-width) var(--divider-border-style) var(--divider-color)}.elementor-widget-divider--separator-type-pattern{--divider-border-style:none}.elementor-widget-divider--separator-type-pattern.elementor-widget-divider--view-line .elementor-divider-separator,.elementor-widget-divider--separator-type-pattern:not(.elementor-widget-divider--view-line) .elementor-divider-separator:after,.elementor-widget-divider--separator-type-pattern:not(.elementor-widget-divider--view-line) .elementor-divider-separator:before,.elementor-widget-divider--separator-type-pattern:not([class*=elementor-widget-divider--view]) .elementor-divider-separator{width:100%;min-height:var(--divider-pattern-height);-webkit-mask-size:var(--divider-pattern-size) 100%;mask-size:var(--divider-pattern-size) 100%;-webkit-mask-repeat:var(--divider-pattern-repeat);mask-repeat:var(--divider-pattern-repeat);background-color:var(--divider-color);-webkit-mask-image:var(--divider-pattern-url);mask-image:var(--divider-pattern-url)}.elementor-widget-divider--no-spacing{--divider-pattern-size:auto}.elementor-widget-divider--bg-round{--divider-pattern-repeat:round}.rtl .elementor-widget-divider .elementor-divider__text{direction:rtl}.e-con-inner>.elementor-widget-divider,.e-con>.elementor-widget-divider{width:var(--container-widget-width,100%);--flex-grow:var(--container-widget-flex-grow)}<\/style>\t\t<div class=\"elementor-divider\">\n\t\t\t<span class=\"elementor-divider-separator\">\n\t\t\t\t\t\t<\/span>\n\t\t<\/div>\n\t\t\t\t<\/div>\n\t\t\t\t<\/div>\n\t\t\t\t<div class=\"elementor-element elementor-element-0a75b3f elementor-widget elementor-widget-text-editor\" data-id=\"0a75b3f\" data-element_type=\"widget\" data-widget_type=\"text-editor.default\">\n\t\t\t\t<div class=\"elementor-widget-container\">\n\t\t\t\t\t\t\t<p><strong>Produktpartner \u2013 Exponera ditt varum\u00e4rke och dina produkter<\/strong><\/p>\t\t\t\t\t\t<\/div>\n\t\t\t\t<\/div>\n\t\t\t\t<div class=\"elementor-element elementor-element-6eb9961 elementor-widget elementor-widget-text-editor\" data-id=\"6eb9961\" data-element_type=\"widget\" data-widget_type=\"text-editor.default\">\n\t\t\t\t<div class=\"elementor-widget-container\">\n\t\t\t\t\t\t\t<p>Som Produktpartner f\u00e5r ni synlighet i all v\u00e5r marknadsf\u00f6ring och en plats i v\u00e5ra popul\u00e4ra goodiebags, som delas ut till samtliga anst\u00e4llda p\u00e5 de verkst\u00e4der vi bes\u00f6ker. Det h\u00e4r \u00e4r ett perfekt tillf\u00e4lle att l\u00e5ta er produkt n\u00e5 ut direkt till en engagerad m\u00e5lgrupp!<\/p><ul><li>Varum\u00e4rket exponeras i all marknadsf\u00f6ring<\/li><li>Era produkter l\u00e4ggs i v\u00e5ra uppskattade goodiebags<\/li><li>N\u00e5 direkt ut till mekaniker och verkstadsanst\u00e4llda<\/li><\/ul><p>Deadline: Produkterna ska levereras senast mitten av maj<\/p>\t\t\t\t\t\t<\/div>\n\t\t\t\t<\/div>\n\t\t\t\t<div class=\"elementor-element elementor-element-bf48e7d elementor-widget-divider--view-line elementor-widget elementor-widget-divider\" data-id=\"bf48e7d\" data-element_type=\"widget\" data-widget_type=\"divider.default\">\n\t\t\t\t<div class=\"elementor-widget-container\">\n\t\t\t\t\t<div class=\"elementor-divider\">\n\t\t\t<span class=\"elementor-divider-separator\">\n\t\t\t\t\t\t<\/span>\n\t\t<\/div>\n\t\t\t\t<\/div>\n\t\t\t\t<\/div>\n\t\t\t\t<div class=\"elementor-element elementor-element-f93389d elementor-widget elementor-widget-text-editor\" data-id=\"f93389d\" data-element_type=\"widget\" data-widget_type=\"text-editor.default\">\n\t\t\t\t<div class=\"elementor-widget-container\">\n\t\t\t\t\t\t\t<p><strong>Pris &amp; Bokning<\/strong><\/p>\t\t\t\t\t\t<\/div>\n\t\t\t\t<\/div>\n\t\t\t\t<div class=\"elementor-element elementor-element-649225a elementor-widget elementor-widget-text-editor\" data-id=\"649225a\" data-element_type=\"widget\" data-widget_type=\"text-editor.default\">\n\t\t\t\t<div class=\"elementor-widget-container\">\n\t\t\t\t\t\t\t<p>F\u00f6r endast <strong>13 900 kr<\/strong> blir ni en del av denna unika branschh\u00e4ndelse, d\u00e4r ert varum\u00e4rke f\u00e5r synlighet i b\u00e5de tryckt och digital form samt genom direkta m\u00f6ten med verkst\u00e4der runt om i landet.<\/p><p><strong>Anm\u00e4l ditt intresse redan idag och s\u00e4kra din plats p\u00e5 \u00e5rets Roadshow!<\/strong><\/p><p><strong>Kontakta oss f\u00f6r mer information och bokning.<\/strong><\/p>\t\t\t\t\t\t<\/div>\n\t\t\t\t<\/div>\n\t\t\t\t<div class=\"elementor-element elementor-element-206851b elementor-align-left elementor-widget elementor-widget-button\" data-id=\"206851b\" data-element_type=\"widget\" data-widget_type=\"button.default\">\n\t\t\t\t<div class=\"elementor-widget-container\">\n\t\t\t\t\t<div class=\"elementor-button-wrapper\">\n\t\t\t<a class=\"elementor-button elementor-button-link elementor-size-lg\" href=\"https:\/\/nmevents.se\/roadshow\/kontakt\/\">\n\t\t\t\t\t\t<span class=\"elementor-button-content-wrapper\">\n\t\t\t\t\t\t<span class=\"elementor-button-text\">Kontakt<\/span>\n\t\t<\/span>\n\t\t\t\t\t<\/a>\n\t\t<\/div>\n\t\t\t\t<\/div>\n\t\t\t\t<\/div>\n\t\t\t\t<div class=\"elementor-element elementor-element-50e1dd0 elementor-widget elementor-widget-spacer\" data-id=\"50e1dd0\" data-element_type=\"widget\" data-widget_type=\"spacer.default\">\n\t\t\t\t<div class=\"elementor-widget-container\">\n\t\t\t\t\t<div class=\"elementor-spacer\">\n\t\t\t<div class=\"elementor-spacer-inner\"><\/div>\n\t\t<\/div>\n\t\t\t\t<\/div>\n\t\t\t\t<\/div>\n\t\t\t\t<\/div>\n\t\t<div class=\"elementor-element elementor-element-a582f5d e-con-full e-flex e-con e-child\" data-id=\"a582f5d\" data-element_type=\"container\">\n\t\t\t\t<div class=\"elementor-element elementor-element-a08c0f4 elementor-widget elementor-widget-image\" data-id=\"a08c0f4\" data-element_type=\"widget\" data-widget_type=\"image.default\">\n\t\t\t\t<div class=\"elementor-widget-container\">\n\t\t\t<style>\/*! elementor - v3.20.0 - 20-03-2024 *\/\n.elementor-widget-image{text-align:center}.elementor-widget-image a{display:inline-block}.elementor-widget-image a img[src$=\".svg\"]{width:48px}.elementor-widget-image img{vertical-align:middle;display:inline-block}<\/style>\t\t\t\t\t\t\t\t\t\t<img fetchpriority=\"high\" decoding=\"async\" width=\"480\" height=\"865\" src=\"https:\/\/nmevents.se\/roadshow\/wp-content\/uploads\/sites\/59\/2025\/03\/GettyImages-1186931776-1.jpg\" class=\"attachment-large size-large wp-image-2602\" alt=\"\" srcset=\"https:\/\/nmevents.se\/roadshow\/wp-content\/uploads\/sites\/59\/2025\/03\/GettyImages-1186931776-1.jpg 480w, https:\/\/nmevents.se\/roadshow\/wp-content\/uploads\/sites\/59\/2025\/03\/GettyImages-1186931776-1-166x300.jpg 166w\" sizes=\"(max-width: 480px) 100vw, 480px\" \/>\t\t\t\t\t\t\t\t\t\t\t\t\t<\/div>\n\t\t\t\t<\/div>\n\t\t\t\t<\/div>\n\t\t\t\t\t<\/div>\n\t\t\t\t<\/div>\n\t\t\t\t<\/div>\n\t\t","protected":false},"excerpt":{"rendered":"<p>Delta som partner Vi erbjuder tv\u00e5 olika partnerskap f\u00f6r f\u00f6retag som vill ta del av detta uppskattade event: Kedjepartner \u2013 S\u00e4tt dina verkst\u00e4der i rampljuset Som Kedjepartner f\u00e5r ni m\u00f6jligheten att v\u00e4lja ut tre verkst\u00e4der som v\u00e5r redaktion kommer att bes\u00f6ka. Varje bes\u00f6k resulterar i ett professionellt reportage d\u00e4r verkstaden och dess verksamhet lyfts fram [&hellip;]<\/p>\n","protected":false},"author":12,"featured_media":0,"parent":0,"menu_order":0,"comment_status":"closed","ping_status":"closed","template":"","meta":{"_acf_changed":false,"footnotes":""},"acf":[],"_links":{"self":[{"href":"https:\/\/nmevents.se\/roadshow\/wp-json\/wp\/v2\/pages\/808"}],"collection":[{"href":"https:\/\/nmevents.se\/roadshow\/wp-json\/wp\/v2\/pages"}],"about":[{"href":"https:\/\/nmevents.se\/roadshow\/wp-json\/wp\/v2\/types\/page"}],"author":[{"embeddable":true,"href":"https:\/\/nmevents.se\/roadshow\/wp-json\/wp\/v2\/users\/12"}],"replies":[{"embeddable":true,"href":"https:\/\/nmevents.se\/roadshow\/wp-json\/wp\/v2\/comments?post=808"}],"version-history":[{"count":138,"href":"https:\/\/nmevents.se\/roadshow\/wp-json\/wp\/v2\/pages\/808\/revisions"}],"predecessor-version":[{"id":2672,"href":"https:\/\/nmevents.se\/roadshow\/wp-json\/wp\/v2\/pages\/808\/revisions\/2672"}],"wp:attachment":[{"href":"https:\/\/nmevents.se\/roadshow\/wp-json\/wp\/v2\/media?parent=808"}],"curies":[{"name":"wp","href":"https:\/\/api.w.org\/{rel}","templated":true}]}}