{"id":201,"date":"2023-11-08T13:46:21","date_gmt":"2023-11-08T11:46:21","guid":{"rendered":"https:\/\/eventdk.nordiske-medier.dk\/atervinningsgalan\/?page_id=201"},"modified":"2026-02-11T13:40:52","modified_gmt":"2026-02-11T12:40:52","slug":"om-oss","status":"publish","type":"page","link":"https:\/\/nmevents.se\/snyggastemaskin\/om-oss\/","title":{"rendered":"Om oss"},"content":{"rendered":"\t\t<div data-elementor-type=\"wp-page\" data-elementor-id=\"201\" class=\"elementor elementor-201\" data-elementor-post-type=\"page\">\n\t\t\t\t<div class=\"elementor-element elementor-element-dc69a17 e-flex e-con-boxed e-con e-parent\" data-id=\"dc69a17\" data-element_type=\"container\" data-core-v316-plus=\"true\">\n\t\t\t\t\t<div class=\"e-con-inner\">\n\t\t\t\t<div class=\"elementor-element elementor-element-ab12fb0 elementor-widget elementor-widget-spacer\" data-id=\"ab12fb0\" data-element_type=\"widget\" data-widget_type=\"spacer.default\">\n\t\t\t\t<div class=\"elementor-widget-container\">\n\t\t\t<style>\/*! elementor - v3.20.0 - 20-03-2024 *\/\n.elementor-column .elementor-spacer-inner{height:var(--spacer-size)}.e-con{--container-widget-width:100%}.e-con-inner>.elementor-widget-spacer,.e-con>.elementor-widget-spacer{width:var(--container-widget-width,var(--spacer-size));--align-self:var(--container-widget-align-self,initial);--flex-shrink:0}.e-con-inner>.elementor-widget-spacer>.elementor-widget-container,.e-con>.elementor-widget-spacer>.elementor-widget-container{height:100%;width:100%}.e-con-inner>.elementor-widget-spacer>.elementor-widget-container>.elementor-spacer,.e-con>.elementor-widget-spacer>.elementor-widget-container>.elementor-spacer{height:100%}.e-con-inner>.elementor-widget-spacer>.elementor-widget-container>.elementor-spacer>.elementor-spacer-inner,.e-con>.elementor-widget-spacer>.elementor-widget-container>.elementor-spacer>.elementor-spacer-inner{height:var(--container-widget-height,var(--spacer-size))}.e-con-inner>.elementor-widget-spacer.elementor-widget-empty,.e-con>.elementor-widget-spacer.elementor-widget-empty{position:relative;min-height:22px;min-width:22px}.e-con-inner>.elementor-widget-spacer.elementor-widget-empty .elementor-widget-empty-icon,.e-con>.elementor-widget-spacer.elementor-widget-empty .elementor-widget-empty-icon{position:absolute;top:0;bottom:0;left:0;right:0;margin:auto;padding:0;width:22px;height:22px}<\/style>\t\t<div class=\"elementor-spacer\">\n\t\t\t<div class=\"elementor-spacer-inner\"><\/div>\n\t\t<\/div>\n\t\t\t\t<\/div>\n\t\t\t\t<\/div>\n\t\t\t\t\t<\/div>\n\t\t\t\t<\/div>\n\t\t<div class=\"elementor-element elementor-element-c60e0ac e-flex e-con-boxed e-con e-parent\" data-id=\"c60e0ac\" data-element_type=\"container\" data-core-v316-plus=\"true\">\n\t\t\t\t\t<div class=\"e-con-inner\">\n\t\t<div class=\"elementor-element elementor-element-cc9de00 e-con-full e-flex e-con e-child\" data-id=\"cc9de00\" data-element_type=\"container\">\n\t\t\t\t<div class=\"elementor-element elementor-element-b6c2937 elementor-widget elementor-widget-text-editor\" data-id=\"b6c2937\" data-element_type=\"widget\" data-widget_type=\"text-editor.default\">\n\t\t\t\t<div class=\"elementor-widget-container\">\n\t\t\t<style>\/*! elementor - v3.20.0 - 20-03-2024 *\/\n.elementor-widget-text-editor.elementor-drop-cap-view-stacked .elementor-drop-cap{background-color:#69727d;color:#fff}.elementor-widget-text-editor.elementor-drop-cap-view-framed .elementor-drop-cap{color:#69727d;border:3px solid;background-color:transparent}.elementor-widget-text-editor:not(.elementor-drop-cap-view-default) .elementor-drop-cap{margin-top:8px}.elementor-widget-text-editor:not(.elementor-drop-cap-view-default) .elementor-drop-cap-letter{width:1em;height:1em}.elementor-widget-text-editor .elementor-drop-cap{float:left;text-align:center;line-height:1;font-size:50px}.elementor-widget-text-editor .elementor-drop-cap-letter{display:inline-block}<\/style>\t\t\t\t<p>LEVERANSTIDNINGEN ENTREPRENAD<\/p>\t\t\t\t\t\t<\/div>\n\t\t\t\t<\/div>\n\t\t\t\t<div class=\"elementor-element elementor-element-331353c elementor-widget elementor-widget-text-editor\" data-id=\"331353c\" data-element_type=\"widget\" data-widget_type=\"text-editor.default\">\n\t\t\t\t<div class=\"elementor-widget-container\">\n\t\t\t\t\t\t\t<p>Leveranstidningen Entreprenad \u00e4r entreprenadbranschens egen tidning och kan genom n\u00e4rhet och goda relationer till s\u00e5v\u00e4l l\u00e4sare som annons\u00f6rer ge en sv\u00e5rslagen \u00f6versikt av utvecklingen i anl\u00e4ggningsbranschen.\u00a0<\/p><p>Redaktionellt ligger fokus p\u00e5 produktivitet, teknisk utveckling, milj\u00f6, arbetsmilj\u00f6, f\u00f6retagande, aff\u00e4rer och marknads\u00f6versikter. H\u00e4r kan du l\u00e4sa det senaste fr\u00e5n bland annat anl\u00e4ggning, bostadsbyggande, milj\u00f6arbete, gruvor, rivning och bergt\u00e4kter,<br \/>men ocks\u00e5 nyheter av betydelse f\u00f6r exempelvis hamnar, skogsoch st\u00e5lindustrin samt kommunsektorn.<\/p><p>Leveranstidningen Entreprenad finns ocks\u00e5 p\u00e5 n\u00e4tet, portalen entreprenad.com uppdateras flitigt och ett dagligt nyhetsbrev n\u00e5r \u00f6ver 30 000 mottagare.<\/p><p>Chefredakt\u00f6r<br \/><strong>Philip Dahl<br \/><\/strong>+46 (0)73 682 53 05<br \/>philip.dahl@nordiskemedier.se<\/p>\t\t\t\t\t\t<\/div>\n\t\t\t\t<\/div>\n\t\t\t\t<\/div>\n\t\t<div class=\"elementor-element elementor-element-78f92a5 e-con-full e-flex e-con e-child\" data-id=\"78f92a5\" data-element_type=\"container\">\n\t\t\t\t<div class=\"elementor-element elementor-element-a686923 elementor-widget elementor-widget-image\" data-id=\"a686923\" data-element_type=\"widget\" data-widget_type=\"image.default\">\n\t\t\t\t<div class=\"elementor-widget-container\">\n\t\t\t<style>\/*! elementor - v3.20.0 - 20-03-2024 *\/\n.elementor-widget-image{text-align:center}.elementor-widget-image a{display:inline-block}.elementor-widget-image a img[src$=\".svg\"]{width:48px}.elementor-widget-image img{vertical-align:middle;display:inline-block}<\/style>\t\t\t\t\t\t\t\t\t\t<img fetchpriority=\"high\" decoding=\"async\" width=\"1042\" height=\"569\" src=\"https:\/\/nmevents.se\/snyggastemaskin\/wp-content\/uploads\/sites\/75\/2025\/09\/Samlingsbild-Entreprenad-medier.png\" class=\"attachment-full size-full wp-image-3178\" alt=\"\" srcset=\"https:\/\/nmevents.se\/snyggastemaskin\/wp-content\/uploads\/sites\/75\/2025\/09\/Samlingsbild-Entreprenad-medier.png 1042w, https:\/\/nmevents.se\/snyggastemaskin\/wp-content\/uploads\/sites\/75\/2025\/09\/Samlingsbild-Entreprenad-medier-300x164.png 300w, https:\/\/nmevents.se\/snyggastemaskin\/wp-content\/uploads\/sites\/75\/2025\/09\/Samlingsbild-Entreprenad-medier-1024x559.png 1024w, https:\/\/nmevents.se\/snyggastemaskin\/wp-content\/uploads\/sites\/75\/2025\/09\/Samlingsbild-Entreprenad-medier-768x419.png 768w\" sizes=\"(max-width: 1042px) 100vw, 1042px\" \/>\t\t\t\t\t\t\t\t\t\t\t\t\t<\/div>\n\t\t\t\t<\/div>\n\t\t\t\t<\/div>\n\t\t\t\t\t<\/div>\n\t\t\t\t<\/div>\n\t\t<div class=\"elementor-element elementor-element-6d048b6 e-flex e-con-boxed e-con e-parent\" data-id=\"6d048b6\" data-element_type=\"container\" data-core-v316-plus=\"true\">\n\t\t\t\t\t<div class=\"e-con-inner\">\n\t\t\t\t<div class=\"elementor-element elementor-element-4dfa900 elementor-widget elementor-widget-spacer\" data-id=\"4dfa900\" data-element_type=\"widget\" data-widget_type=\"spacer.default\">\n\t\t\t\t<div class=\"elementor-widget-container\">\n\t\t\t\t\t<div class=\"elementor-spacer\">\n\t\t\t<div class=\"elementor-spacer-inner\"><\/div>\n\t\t<\/div>\n\t\t\t\t<\/div>\n\t\t\t\t<\/div>\n\t\t\t\t\t<\/div>\n\t\t\t\t<\/div>\n\t\t\t\t<\/div>\n\t\t","protected":false},"excerpt":{"rendered":"<p>LEVERANSTIDNINGEN ENTREPRENAD Leveranstidningen Entreprenad \u00e4r entreprenadbranschens egen tidning och kan genom n\u00e4rhet och goda relationer till s\u00e5v\u00e4l l\u00e4sare som annons\u00f6rer ge en sv\u00e5rslagen \u00f6versikt av utvecklingen i anl\u00e4ggningsbranschen.\u00a0 Redaktionellt ligger fokus p\u00e5 produktivitet, teknisk utveckling, milj\u00f6, arbetsmilj\u00f6, f\u00f6retagande, aff\u00e4rer och marknads\u00f6versikter. H\u00e4r kan du l\u00e4sa det senaste fr\u00e5n bland annat anl\u00e4ggning, bostadsbyggande, milj\u00f6arbete, gruvor, rivning [&hellip;]<\/p>\n","protected":false},"author":1,"featured_media":0,"parent":0,"menu_order":0,"comment_status":"closed","ping_status":"closed","template":"elementor_header_footer","meta":{"_acf_changed":false,"inline_featured_image":false,"footnotes":""},"acf":[],"_links":{"self":[{"href":"https:\/\/nmevents.se\/snyggastemaskin\/wp-json\/wp\/v2\/pages\/201"}],"collection":[{"href":"https:\/\/nmevents.se\/snyggastemaskin\/wp-json\/wp\/v2\/pages"}],"about":[{"href":"https:\/\/nmevents.se\/snyggastemaskin\/wp-json\/wp\/v2\/types\/page"}],"author":[{"embeddable":true,"href":"https:\/\/nmevents.se\/snyggastemaskin\/wp-json\/wp\/v2\/users\/1"}],"replies":[{"embeddable":true,"href":"https:\/\/nmevents.se\/snyggastemaskin\/wp-json\/wp\/v2\/comments?post=201"}],"version-history":[{"count":44,"href":"https:\/\/nmevents.se\/snyggastemaskin\/wp-json\/wp\/v2\/pages\/201\/revisions"}],"predecessor-version":[{"id":3331,"href":"https:\/\/nmevents.se\/snyggastemaskin\/wp-json\/wp\/v2\/pages\/201\/revisions\/3331"}],"wp:attachment":[{"href":"https:\/\/nmevents.se\/snyggastemaskin\/wp-json\/wp\/v2\/media?parent=201"}],"curies":[{"name":"wp","href":"https:\/\/api.w.org\/{rel}","templated":true}]}}