{"id":2718,"date":"2025-05-05T11:39:10","date_gmt":"2025-05-05T09:39:10","guid":{"rendered":"https:\/\/nmevents.se\/snyggastemaskin2\/?page_id=2718"},"modified":"2026-02-11T13:39:44","modified_gmt":"2026-02-11T12:39:44","slug":"om-tavlingen","status":"publish","type":"page","link":"https:\/\/nmevents.se\/snyggastemaskin\/om-tavlingen\/","title":{"rendered":"Om t\u00e4vlingen"},"content":{"rendered":"\t\t<div data-elementor-type=\"wp-page\" data-elementor-id=\"2718\" class=\"elementor elementor-2718\" data-elementor-post-type=\"page\">\n\t\t\t\t<div class=\"elementor-element elementor-element-a04d950 e-flex e-con-boxed e-con e-parent\" data-id=\"a04d950\" data-element_type=\"container\" data-core-v316-plus=\"true\">\n\t\t\t\t\t<div class=\"e-con-inner\">\n\t\t\t\t<div class=\"elementor-element elementor-element-cd376a2 elementor-widget elementor-widget-spacer\" data-id=\"cd376a2\" data-element_type=\"widget\" data-widget_type=\"spacer.default\">\n\t\t\t\t<div class=\"elementor-widget-container\">\n\t\t\t<style>\/*! elementor - v3.20.0 - 20-03-2024 *\/\n.elementor-column .elementor-spacer-inner{height:var(--spacer-size)}.e-con{--container-widget-width:100%}.e-con-inner>.elementor-widget-spacer,.e-con>.elementor-widget-spacer{width:var(--container-widget-width,var(--spacer-size));--align-self:var(--container-widget-align-self,initial);--flex-shrink:0}.e-con-inner>.elementor-widget-spacer>.elementor-widget-container,.e-con>.elementor-widget-spacer>.elementor-widget-container{height:100%;width:100%}.e-con-inner>.elementor-widget-spacer>.elementor-widget-container>.elementor-spacer,.e-con>.elementor-widget-spacer>.elementor-widget-container>.elementor-spacer{height:100%}.e-con-inner>.elementor-widget-spacer>.elementor-widget-container>.elementor-spacer>.elementor-spacer-inner,.e-con>.elementor-widget-spacer>.elementor-widget-container>.elementor-spacer>.elementor-spacer-inner{height:var(--container-widget-height,var(--spacer-size))}.e-con-inner>.elementor-widget-spacer.elementor-widget-empty,.e-con>.elementor-widget-spacer.elementor-widget-empty{position:relative;min-height:22px;min-width:22px}.e-con-inner>.elementor-widget-spacer.elementor-widget-empty .elementor-widget-empty-icon,.e-con>.elementor-widget-spacer.elementor-widget-empty .elementor-widget-empty-icon{position:absolute;top:0;bottom:0;left:0;right:0;margin:auto;padding:0;width:22px;height:22px}<\/style>\t\t<div class=\"elementor-spacer\">\n\t\t\t<div class=\"elementor-spacer-inner\"><\/div>\n\t\t<\/div>\n\t\t\t\t<\/div>\n\t\t\t\t<\/div>\n\t\t\t\t\t<\/div>\n\t\t\t\t<\/div>\n\t\t<div class=\"elementor-element elementor-element-dbd0be2 e-flex e-con-boxed e-con e-parent\" data-id=\"dbd0be2\" data-element_type=\"container\" data-core-v316-plus=\"true\">\n\t\t\t\t\t<div class=\"e-con-inner\">\n\t\t<div class=\"elementor-element elementor-element-be095cc e-con-full e-flex e-con e-child\" data-id=\"be095cc\" data-element_type=\"container\">\n\t\t\t\t<div class=\"elementor-element elementor-element-c9074f5 elementor-widget elementor-widget-text-editor\" data-id=\"c9074f5\" data-element_type=\"widget\" data-widget_type=\"text-editor.default\">\n\t\t\t\t<div class=\"elementor-widget-container\">\n\t\t\t<style>\/*! elementor - v3.20.0 - 20-03-2024 *\/\n.elementor-widget-text-editor.elementor-drop-cap-view-stacked .elementor-drop-cap{background-color:#69727d;color:#fff}.elementor-widget-text-editor.elementor-drop-cap-view-framed .elementor-drop-cap{color:#69727d;border:3px solid;background-color:transparent}.elementor-widget-text-editor:not(.elementor-drop-cap-view-default) .elementor-drop-cap{margin-top:8px}.elementor-widget-text-editor:not(.elementor-drop-cap-view-default) .elementor-drop-cap-letter{width:1em;height:1em}.elementor-widget-text-editor .elementor-drop-cap{float:left;text-align:center;line-height:1;font-size:50px}.elementor-widget-text-editor .elementor-drop-cap-letter{display:inline-block}<\/style>\t\t\t\t<p>SVERIGES SNYGGASTE MASKIN\u00a0<\/p>\t\t\t\t\t\t<\/div>\n\t\t\t\t<\/div>\n\t\t\t\t<div class=\"elementor-element elementor-element-351bcc8 elementor-widget elementor-widget-text-editor\" data-id=\"351bcc8\" data-element_type=\"widget\" data-widget_type=\"text-editor.default\">\n\t\t\t\t<div class=\"elementor-widget-container\">\n\t\t\t\t\t\t\t<p>Sveriges Snyggaste Maskin \u00e4r en t\u00e4vling som arrangeras av tidningen Entreprenad. Syftet \u00e4r att uppm\u00e4rksamma och hylla entreprenadbranschen och alla typer av entreprenadmaskiner.<\/p><p>T\u00e4vlingen Sveriges snyggaste entreprenadmaskin 2026 ska hylla det personliga uttrycket och det visuella hantverket, d\u00e4r passionen, detaljerna och originaliteten premieras.<\/p><p>T\u00e4vlingen \u00e4r \u00f6ppen f\u00f6r alla och vem som helst kan skicka in ett bidrag \u2013 oavsett om man sj\u00e4lv \u00e4ger maskinen eller vill lyfta fram n\u00e5gon annans. Priset delas ut till det f\u00f6retag som \u00e4ger och representerar den vinnande maskinen.<\/p><p>En jury best\u00e5ende av redaktionen f\u00f6r tidningen Entreprenad samt s\u00e4rskilt inbjudna representanter fr\u00e5n branschen.<\/p><p>T\u00e4vlingen f\u00e5r bred uppm\u00e4rksamhet i Leveranstidningen Entreprenads alla kanaler \u2013 b\u00e5de i tryckt form, p\u00e5 webben, i nyhetsbrev och via sociala medier.<\/p><p>Det h\u00e4r \u00e4r din chans att visa upp en maskin som f\u00f6rtj\u00e4nar att<br \/>st\u00e5 i rampljuset, missa inte att skicka in ditt bidrag!<\/p><p><strong>Priset delas ut p\u00e5 Svenska Maskinm\u00e4ssan 2026.<\/strong><\/p>\t\t\t\t\t\t<\/div>\n\t\t\t\t<\/div>\n\t\t\t\t<\/div>\n\t\t<div class=\"elementor-element elementor-element-ff92e65 e-con-full e-flex e-con e-child\" data-id=\"ff92e65\" data-element_type=\"container\">\n\t\t\t\t<div class=\"elementor-element elementor-element-874bc41 elementor-widget elementor-widget-image\" data-id=\"874bc41\" data-element_type=\"widget\" data-widget_type=\"image.default\">\n\t\t\t\t<div class=\"elementor-widget-container\">\n\t\t\t<style>\/*! elementor - v3.20.0 - 20-03-2024 *\/\n.elementor-widget-image{text-align:center}.elementor-widget-image a{display:inline-block}.elementor-widget-image a img[src$=\".svg\"]{width:48px}.elementor-widget-image img{vertical-align:middle;display:inline-block}<\/style>\t\t\t\t\t\t\t\t\t\t<img fetchpriority=\"high\" decoding=\"async\" width=\"800\" height=\"695\" src=\"https:\/\/nmevents.se\/snyggastemaskin\/wp-content\/uploads\/sites\/75\/2026\/02\/ssm_skopa.jpg\" class=\"attachment-large size-large wp-image-3322\" alt=\"\" srcset=\"https:\/\/nmevents.se\/snyggastemaskin\/wp-content\/uploads\/sites\/75\/2026\/02\/ssm_skopa.jpg 908w, https:\/\/nmevents.se\/snyggastemaskin\/wp-content\/uploads\/sites\/75\/2026\/02\/ssm_skopa-300x261.jpg 300w, https:\/\/nmevents.se\/snyggastemaskin\/wp-content\/uploads\/sites\/75\/2026\/02\/ssm_skopa-768x667.jpg 768w\" sizes=\"(max-width: 800px) 100vw, 800px\" \/>\t\t\t\t\t\t\t\t\t\t\t\t\t<\/div>\n\t\t\t\t<\/div>\n\t\t\t\t<\/div>\n\t\t\t\t\t<\/div>\n\t\t\t\t<\/div>\n\t\t<div class=\"elementor-element elementor-element-cfbfeae e-flex e-con-boxed e-con e-parent\" data-id=\"cfbfeae\" data-element_type=\"container\" data-core-v316-plus=\"true\">\n\t\t\t\t\t<div class=\"e-con-inner\">\n\t\t\t\t<div class=\"elementor-element elementor-element-eb0e97e elementor-widget elementor-widget-spacer\" data-id=\"eb0e97e\" data-element_type=\"widget\" data-widget_type=\"spacer.default\">\n\t\t\t\t<div class=\"elementor-widget-container\">\n\t\t\t\t\t<div class=\"elementor-spacer\">\n\t\t\t<div class=\"elementor-spacer-inner\"><\/div>\n\t\t<\/div>\n\t\t\t\t<\/div>\n\t\t\t\t<\/div>\n\t\t\t\t\t<\/div>\n\t\t\t\t<\/div>\n\t\t<div class=\"elementor-element elementor-element-0727533 e-flex e-con-boxed e-con e-parent\" data-id=\"0727533\" data-element_type=\"container\" data-core-v316-plus=\"true\">\n\t\t\t\t\t<div class=\"e-con-inner\">\n\t\t\t\t<div class=\"elementor-element elementor-element-425f7f4 elementor-widget elementor-widget-text-editor\" data-id=\"425f7f4\" data-element_type=\"widget\" data-widget_type=\"text-editor.default\">\n\t\t\t\t<div class=\"elementor-widget-container\">\n\t\t\t\t\t\t\t<p>KRITERIER F\u00d6R SVERIGES SNYGGASTE ENTREPRENADMASKIN 2026<\/p>\t\t\t\t\t\t<\/div>\n\t\t\t\t<\/div>\n\t\t\t\t<div class=\"elementor-element elementor-element-c808e4b elementor-widget elementor-widget-text-editor\" data-id=\"c808e4b\" data-element_type=\"widget\" data-widget_type=\"text-editor.default\">\n\t\t\t\t<div class=\"elementor-widget-container\">\n\t\t\t\t\t\t\t<p>T\u00e4vlingen Sveriges snyggaste entreprenadmaskin 2026 ska hylla det personliga uttrycket <br \/>och det visuella hantverket, d\u00e4r passionen, detaljerna och originaliteten premieras.<\/p><p><strong>H\u00e4r \u00e4r juryns bed\u00f6mningskriterier:<\/strong><\/p>\t\t\t\t\t\t<\/div>\n\t\t\t\t<\/div>\n\t\t\t\t\t<\/div>\n\t\t\t\t<\/div>\n\t\t<div class=\"elementor-element elementor-element-181a243 e-flex e-con-boxed e-con e-parent\" data-id=\"181a243\" data-element_type=\"container\" data-core-v316-plus=\"true\">\n\t\t\t\t\t<div class=\"e-con-inner\">\n\t\t\t\t<div class=\"elementor-element elementor-element-e4a7a20 elementor-widget elementor-widget-spacer\" data-id=\"e4a7a20\" data-element_type=\"widget\" data-widget_type=\"spacer.default\">\n\t\t\t\t<div class=\"elementor-widget-container\">\n\t\t\t\t\t<div class=\"elementor-spacer\">\n\t\t\t<div class=\"elementor-spacer-inner\"><\/div>\n\t\t<\/div>\n\t\t\t\t<\/div>\n\t\t\t\t<\/div>\n\t\t\t\t\t<\/div>\n\t\t\t\t<\/div>\n\t\t<div class=\"elementor-element elementor-element-eec2940 e-flex e-con-boxed e-con e-parent\" data-id=\"eec2940\" data-element_type=\"container\" data-core-v316-plus=\"true\">\n\t\t\t\t\t<div class=\"e-con-inner\">\n\t\t<div class=\"elementor-element elementor-element-c39972d e-con-full e-flex e-con e-child\" data-id=\"c39972d\" data-element_type=\"container\">\n\t\t\t\t<div class=\"elementor-element elementor-element-7014ad0 elementor-widget elementor-widget-text-editor\" data-id=\"7014ad0\" data-element_type=\"widget\" data-widget_type=\"text-editor.default\">\n\t\t\t\t<div class=\"elementor-widget-container\">\n\t\t\t\t\t\t\t<p><strong>PERSONLIG ANPASSNING<\/strong><\/p><p>Maskinen ska b\u00e4ra tydliga sp\u00e5r av f\u00f6rarens eller f\u00f6retagets personliga pr\u00e4gel \u2013 det kan vara speciallack, foliering, unika dekaler eller egendesignade detaljer.<\/p>\t\t\t\t\t\t<\/div>\n\t\t\t\t<\/div>\n\t\t\t\t<div class=\"elementor-element elementor-element-5bb345f elementor-widget elementor-widget-text-editor\" data-id=\"5bb345f\" data-element_type=\"widget\" data-widget_type=\"text-editor.default\">\n\t\t\t\t<div class=\"elementor-widget-container\">\n\t\t\t\t\t\t\t<p><strong>VISUELL HELHET<\/strong><\/p><p>Maskinens utseende ska k\u00e4nnas genomt\u00e4nkt och ha ett sammanh\u00e4ngande visuellt uttryck, fr\u00e5n f\u00e4rgval till detaljer och eventuella tillbeh\u00f6r.<\/p>\t\t\t\t\t\t<\/div>\n\t\t\t\t<\/div>\n\t\t\t\t<\/div>\n\t\t\t\t<div class=\"elementor-element elementor-element-810c6c6 elementor-widget elementor-widget-spacer\" data-id=\"810c6c6\" data-element_type=\"widget\" data-widget_type=\"spacer.default\">\n\t\t\t\t<div class=\"elementor-widget-container\">\n\t\t\t\t\t<div class=\"elementor-spacer\">\n\t\t\t<div class=\"elementor-spacer-inner\"><\/div>\n\t\t<\/div>\n\t\t\t\t<\/div>\n\t\t\t\t<\/div>\n\t\t<div class=\"elementor-element elementor-element-6347a49 e-con-full e-flex e-con e-child\" data-id=\"6347a49\" data-element_type=\"container\">\n\t\t\t\t<div class=\"elementor-element elementor-element-9289436 elementor-widget elementor-widget-text-editor\" data-id=\"9289436\" data-element_type=\"widget\" data-widget_type=\"text-editor.default\">\n\t\t\t\t<div class=\"elementor-widget-container\">\n\t\t\t\t\t\t\t<p><strong>SKICK OCH SK\u00d6TSEL<\/strong><\/p><p>Maskinen ska vara v\u00e4l omh\u00e4ndertagen, med ett skick som visar stolthet i \u00e4gande och anv\u00e4ndning, men den f\u00e5r g\u00e4rna vara begagnad och anv\u00e4nd.<\/p>\t\t\t\t\t\t<\/div>\n\t\t\t\t<\/div>\n\t\t\t\t<div class=\"elementor-element elementor-element-ffeff87 elementor-widget elementor-widget-text-editor\" data-id=\"ffeff87\" data-element_type=\"widget\" data-widget_type=\"text-editor.default\">\n\t\t\t\t<div class=\"elementor-widget-container\">\n\t\t\t\t\t\t\t<p><strong>KREATIVITET OCH FUNKTION<\/strong><\/p><p>Bonuspo\u00e4ng ges f\u00f6r ov\u00e4ntade l\u00f6sningar, humoristiska detaljer eller nyskapande inslag som sticker ut. Det \u00e4r extra meriterande om en snygg detalj ocks\u00e5 fyller en funktion, till exempel f\u00f6rb\u00e4ttrar f\u00f6rarkomforten, f\u00f6renklar arbetet eller h\u00f6jer produktiviteten.<\/p>\t\t\t\t\t\t<\/div>\n\t\t\t\t<\/div>\n\t\t\t\t<\/div>\n\t\t\t\t\t<\/div>\n\t\t\t\t<\/div>\n\t\t\t\t<\/div>\n\t\t","protected":false},"excerpt":{"rendered":"<p>SVERIGES SNYGGASTE MASKIN\u00a0 Sveriges Snyggaste Maskin \u00e4r en t\u00e4vling som arrangeras av tidningen Entreprenad. Syftet \u00e4r att uppm\u00e4rksamma och hylla entreprenadbranschen och alla typer av entreprenadmaskiner. T\u00e4vlingen Sveriges snyggaste entreprenadmaskin 2026 ska hylla det personliga uttrycket och det visuella hantverket, d\u00e4r passionen, detaljerna och originaliteten premieras. T\u00e4vlingen \u00e4r \u00f6ppen f\u00f6r alla och vem som helst [&hellip;]<\/p>\n","protected":false},"author":21,"featured_media":0,"parent":0,"menu_order":0,"comment_status":"closed","ping_status":"closed","template":"","meta":{"_acf_changed":false,"inline_featured_image":false,"footnotes":""},"acf":[],"_links":{"self":[{"href":"https:\/\/nmevents.se\/snyggastemaskin\/wp-json\/wp\/v2\/pages\/2718"}],"collection":[{"href":"https:\/\/nmevents.se\/snyggastemaskin\/wp-json\/wp\/v2\/pages"}],"about":[{"href":"https:\/\/nmevents.se\/snyggastemaskin\/wp-json\/wp\/v2\/types\/page"}],"author":[{"embeddable":true,"href":"https:\/\/nmevents.se\/snyggastemaskin\/wp-json\/wp\/v2\/users\/21"}],"replies":[{"embeddable":true,"href":"https:\/\/nmevents.se\/snyggastemaskin\/wp-json\/wp\/v2\/comments?post=2718"}],"version-history":[{"count":65,"href":"https:\/\/nmevents.se\/snyggastemaskin\/wp-json\/wp\/v2\/pages\/2718\/revisions"}],"predecessor-version":[{"id":3325,"href":"https:\/\/nmevents.se\/snyggastemaskin\/wp-json\/wp\/v2\/pages\/2718\/revisions\/3325"}],"wp:attachment":[{"href":"https:\/\/nmevents.se\/snyggastemaskin\/wp-json\/wp\/v2\/media?parent=2718"}],"curies":[{"name":"wp","href":"https:\/\/api.w.org\/{rel}","templated":true}]}}