{"id":2721,"date":"2025-05-05T11:40:34","date_gmt":"2025-05-05T09:40:34","guid":{"rendered":"https:\/\/nmevents.se\/snyggastemaskin2\/?page_id=2721"},"modified":"2026-02-20T14:22:35","modified_gmt":"2026-02-20T13:22:35","slug":"jury","status":"publish","type":"page","link":"https:\/\/nmevents.se\/snyggastemaskin\/jury\/","title":{"rendered":"Jury"},"content":{"rendered":"\t\t<div data-elementor-type=\"wp-page\" data-elementor-id=\"2721\" class=\"elementor elementor-2721\" data-elementor-post-type=\"page\">\n\t\t\t\t<div class=\"elementor-element elementor-element-49464e7 e-flex e-con-boxed e-con e-parent\" data-id=\"49464e7\" data-element_type=\"container\" data-core-v316-plus=\"true\">\n\t\t\t\t\t<div class=\"e-con-inner\">\n\t\t\t\t<div class=\"elementor-element elementor-element-5a2783a elementor-widget elementor-widget-spacer\" data-id=\"5a2783a\" data-element_type=\"widget\" data-widget_type=\"spacer.default\">\n\t\t\t\t<div class=\"elementor-widget-container\">\n\t\t\t<style>\/*! elementor - v3.20.0 - 20-03-2024 *\/\n.elementor-column .elementor-spacer-inner{height:var(--spacer-size)}.e-con{--container-widget-width:100%}.e-con-inner>.elementor-widget-spacer,.e-con>.elementor-widget-spacer{width:var(--container-widget-width,var(--spacer-size));--align-self:var(--container-widget-align-self,initial);--flex-shrink:0}.e-con-inner>.elementor-widget-spacer>.elementor-widget-container,.e-con>.elementor-widget-spacer>.elementor-widget-container{height:100%;width:100%}.e-con-inner>.elementor-widget-spacer>.elementor-widget-container>.elementor-spacer,.e-con>.elementor-widget-spacer>.elementor-widget-container>.elementor-spacer{height:100%}.e-con-inner>.elementor-widget-spacer>.elementor-widget-container>.elementor-spacer>.elementor-spacer-inner,.e-con>.elementor-widget-spacer>.elementor-widget-container>.elementor-spacer>.elementor-spacer-inner{height:var(--container-widget-height,var(--spacer-size))}.e-con-inner>.elementor-widget-spacer.elementor-widget-empty,.e-con>.elementor-widget-spacer.elementor-widget-empty{position:relative;min-height:22px;min-width:22px}.e-con-inner>.elementor-widget-spacer.elementor-widget-empty .elementor-widget-empty-icon,.e-con>.elementor-widget-spacer.elementor-widget-empty .elementor-widget-empty-icon{position:absolute;top:0;bottom:0;left:0;right:0;margin:auto;padding:0;width:22px;height:22px}<\/style>\t\t<div class=\"elementor-spacer\">\n\t\t\t<div class=\"elementor-spacer-inner\"><\/div>\n\t\t<\/div>\n\t\t\t\t<\/div>\n\t\t\t\t<\/div>\n\t\t\t\t\t<\/div>\n\t\t\t\t<\/div>\n\t\t<div class=\"elementor-element elementor-element-a35b8ba e-flex e-con-boxed e-con e-parent\" data-id=\"a35b8ba\" data-element_type=\"container\" data-core-v316-plus=\"true\">\n\t\t\t\t\t<div class=\"e-con-inner\">\n\t\t<div class=\"elementor-element elementor-element-a5d03a0 e-con-full e-flex e-con e-child\" data-id=\"a5d03a0\" data-element_type=\"container\">\n\t\t\t\t<div class=\"elementor-element elementor-element-dbd4377 elementor-widget elementor-widget-heading\" data-id=\"dbd4377\" data-element_type=\"widget\" data-widget_type=\"heading.default\">\n\t\t\t\t<div class=\"elementor-widget-container\">\n\t\t\t<style>\/*! elementor - v3.20.0 - 20-03-2024 *\/\n.elementor-heading-title{padding:0;margin:0;line-height:1}.elementor-widget-heading .elementor-heading-title[class*=elementor-size-]>a{color:inherit;font-size:inherit;line-height:inherit}.elementor-widget-heading .elementor-heading-title.elementor-size-small{font-size:15px}.elementor-widget-heading .elementor-heading-title.elementor-size-medium{font-size:19px}.elementor-widget-heading .elementor-heading-title.elementor-size-large{font-size:29px}.elementor-widget-heading .elementor-heading-title.elementor-size-xl{font-size:39px}.elementor-widget-heading .elementor-heading-title.elementor-size-xxl{font-size:59px}<\/style><h2 class=\"elementor-heading-title elementor-size-default\">M\u00d6T V\u00c5R JURY<\/h2>\t\t<\/div>\n\t\t\t\t<\/div>\n\t\t\t\t<div class=\"elementor-element elementor-element-37725a6 elementor-widget elementor-widget-image\" data-id=\"37725a6\" data-element_type=\"widget\" data-widget_type=\"image.default\">\n\t\t\t\t<div class=\"elementor-widget-container\">\n\t\t\t<style>\/*! elementor - v3.20.0 - 20-03-2024 *\/\n.elementor-widget-image{text-align:center}.elementor-widget-image a{display:inline-block}.elementor-widget-image a img[src$=\".svg\"]{width:48px}.elementor-widget-image img{vertical-align:middle;display:inline-block}<\/style>\t\t\t\t\t\t\t\t\t\t<img fetchpriority=\"high\" decoding=\"async\" width=\"540\" height=\"594\" src=\"https:\/\/nmevents.se\/snyggastemaskin\/wp-content\/uploads\/sites\/75\/2025\/08\/Jury2.png\" class=\"attachment-large size-large wp-image-2979\" alt=\"\" srcset=\"https:\/\/nmevents.se\/snyggastemaskin\/wp-content\/uploads\/sites\/75\/2025\/08\/Jury2.png 540w, https:\/\/nmevents.se\/snyggastemaskin\/wp-content\/uploads\/sites\/75\/2025\/08\/Jury2-273x300.png 273w\" sizes=\"(max-width: 540px) 100vw, 540px\" \/>\t\t\t\t\t\t\t\t\t\t\t\t\t<\/div>\n\t\t\t\t<\/div>\n\t\t\t\t<\/div>\n\t\t<div class=\"elementor-element elementor-element-aea5647 e-con-full e-flex e-con e-child\" data-id=\"aea5647\" data-element_type=\"container\">\n\t\t\t\t<div class=\"elementor-element elementor-element-965db32 elementor-widget elementor-widget-text-editor\" data-id=\"965db32\" data-element_type=\"widget\" data-widget_type=\"text-editor.default\">\n\t\t\t\t<div class=\"elementor-widget-container\">\n\t\t\t<style>\/*! elementor - v3.20.0 - 20-03-2024 *\/\n.elementor-widget-text-editor.elementor-drop-cap-view-stacked .elementor-drop-cap{background-color:#69727d;color:#fff}.elementor-widget-text-editor.elementor-drop-cap-view-framed .elementor-drop-cap{color:#69727d;border:3px solid;background-color:transparent}.elementor-widget-text-editor:not(.elementor-drop-cap-view-default) .elementor-drop-cap{margin-top:8px}.elementor-widget-text-editor:not(.elementor-drop-cap-view-default) .elementor-drop-cap-letter{width:1em;height:1em}.elementor-widget-text-editor .elementor-drop-cap{float:left;text-align:center;line-height:1;font-size:50px}.elementor-widget-text-editor .elementor-drop-cap-letter{display:inline-block}<\/style>\t\t\t\t<p><strong>Lina Hallman, vd, MaskinLeverant\u00f6rerna<\/strong><\/p>\t\t\t\t\t\t<\/div>\n\t\t\t\t<\/div>\n\t\t\t\t<div class=\"elementor-element elementor-element-fe9b658 elementor-widget elementor-widget-text-editor\" data-id=\"fe9b658\" data-element_type=\"widget\" data-widget_type=\"text-editor.default\">\n\t\t\t\t<div class=\"elementor-widget-container\">\n\t\t\t\t\t\t\t<p>Med \u00f6ver 20 \u00e5rs erfarenhet i branschen har jag haft f\u00f6rm\u00e5nen att f\u00f6lja utvecklingen p\u00e5 n\u00e4ra h\u00e5ll. Jag tycker det \u00e4r otroligt roligt att se v\u00e4lsk\u00f6tta maskiner ute p\u00e5 arbetsplatserna, d\u00e4r det m\u00e4rks att \u00e4garen \u00e4r stolt. I juryn f\u00f6r &#8221;Sveriges snyggaste Entreprenadmaskin&#8221; ser jag fram emot att f\u00e5 se smarta l\u00f6sningar, en personlig touch, \u00a0eller n\u00e5got som verkligen sticker ut\u2013 det ov\u00e4ntade \u00e4r alltid extra roligt.<\/p>\t\t\t\t\t\t<\/div>\n\t\t\t\t<\/div>\n\t\t\t\t<\/div>\n\t\t\t\t\t<\/div>\n\t\t\t\t<\/div>\n\t\t<div class=\"elementor-element elementor-element-9788ad5 e-flex e-con-boxed e-con e-parent\" data-id=\"9788ad5\" data-element_type=\"container\" data-core-v316-plus=\"true\">\n\t\t\t\t\t<div class=\"e-con-inner\">\n\t\t<div class=\"elementor-element elementor-element-f4849b0 e-con-full e-flex e-con e-child\" data-id=\"f4849b0\" data-element_type=\"container\">\n\t\t\t\t<div class=\"elementor-element elementor-element-eba374c elementor-widget elementor-widget-image\" data-id=\"eba374c\" data-element_type=\"widget\" data-widget_type=\"image.default\">\n\t\t\t\t<div class=\"elementor-widget-container\">\n\t\t\t\t\t\t\t\t\t\t\t\t\t<img decoding=\"async\" width=\"800\" height=\"888\" src=\"https:\/\/nmevents.se\/snyggastemaskin\/wp-content\/uploads\/sites\/75\/2026\/02\/Gabriel-Borjesson-At-Event-ram-923x1024.png\" class=\"attachment-large size-large wp-image-3337\" alt=\"\" srcset=\"https:\/\/nmevents.se\/snyggastemaskin\/wp-content\/uploads\/sites\/75\/2026\/02\/Gabriel-Borjesson-At-Event-ram-923x1024.png 923w, https:\/\/nmevents.se\/snyggastemaskin\/wp-content\/uploads\/sites\/75\/2026\/02\/Gabriel-Borjesson-At-Event-ram-271x300.png 271w, https:\/\/nmevents.se\/snyggastemaskin\/wp-content\/uploads\/sites\/75\/2026\/02\/Gabriel-Borjesson-At-Event-ram-768x852.png 768w, https:\/\/nmevents.se\/snyggastemaskin\/wp-content\/uploads\/sites\/75\/2026\/02\/Gabriel-Borjesson-At-Event-ram.png 1293w\" sizes=\"(max-width: 800px) 100vw, 800px\" \/>\t\t\t\t\t\t\t\t\t\t\t\t\t<\/div>\n\t\t\t\t<\/div>\n\t\t\t\t<\/div>\n\t\t<div class=\"elementor-element elementor-element-ffbeb33 e-con-full e-flex e-con e-child\" data-id=\"ffbeb33\" data-element_type=\"container\">\n\t\t\t\t<div class=\"elementor-element elementor-element-00a44cc elementor-widget elementor-widget-text-editor\" data-id=\"00a44cc\" data-element_type=\"widget\" data-widget_type=\"text-editor.default\">\n\t\t\t\t<div class=\"elementor-widget-container\">\n\t\t\t\t\t\t\t<p><strong>Gabriel B\u00f6rjesson, m\u00e4ssansvarig, Svenska Maskinm\u00e4ssan<\/strong><\/p>\t\t\t\t\t\t<\/div>\n\t\t\t\t<\/div>\n\t\t\t\t<div class=\"elementor-element elementor-element-68ee0a8 elementor-widget elementor-widget-text-editor\" data-id=\"68ee0a8\" data-element_type=\"widget\" data-widget_type=\"text-editor.default\">\n\t\t\t\t<div class=\"elementor-widget-container\">\n\t\t\t\t\t\t\t<p>Mitt namn \u00e4r Gabriel B\u00f6rjesson och jag jobbar som m\u00e4ssansvarig p\u00e5 At Event Sweden AB, ett m\u00e4ss- och eventbolag med s\u00e4te i G\u00f6teborg. Med min roll som m\u00e4ssansvarig f\u00f6r Svenska Maskinm\u00e4ssan p\u00e5 Solvalla s\u00e5 k\u00e4ndes det solklart att tacka ja till att delta som jurymedlem f\u00f6r Snyggaste maskin n\u00e4r fr\u00e5gan d\u00f6k upp! F\u00f6r mig blir det extra roligt d\u00e5 jag \u00e4r van att se v\u00e5ra utst\u00e4llares maskiner p\u00e5 Maskinm\u00e4ssan, nu f\u00e5r jag \u00e4ven m\u00f6jlighet att ta del utav entrepren\u00f6rernas egna f\u00f6rsnyggade versioner i och med detta uppdrag.<\/p>\t\t\t\t\t\t<\/div>\n\t\t\t\t<\/div>\n\t\t\t\t<\/div>\n\t\t\t\t\t<\/div>\n\t\t\t\t<\/div>\n\t\t<div class=\"elementor-element elementor-element-705327e e-flex e-con-boxed e-con e-parent\" data-id=\"705327e\" data-element_type=\"container\" data-core-v316-plus=\"true\">\n\t\t\t\t\t<div class=\"e-con-inner\">\n\t\t<div class=\"elementor-element elementor-element-4602d0a e-con-full e-flex e-con e-child\" data-id=\"4602d0a\" data-element_type=\"container\">\n\t\t\t\t<div class=\"elementor-element elementor-element-449f2ce elementor-widget elementor-widget-image\" data-id=\"449f2ce\" data-element_type=\"widget\" data-widget_type=\"image.default\">\n\t\t\t\t<div class=\"elementor-widget-container\">\n\t\t\t\t\t\t\t\t\t\t\t\t\t<img decoding=\"async\" width=\"540\" height=\"594\" src=\"https:\/\/nmevents.se\/snyggastemaskin\/wp-content\/uploads\/sites\/75\/2025\/10\/Philip.png\" class=\"attachment-large size-large wp-image-3213\" alt=\"\" srcset=\"https:\/\/nmevents.se\/snyggastemaskin\/wp-content\/uploads\/sites\/75\/2025\/10\/Philip.png 540w, https:\/\/nmevents.se\/snyggastemaskin\/wp-content\/uploads\/sites\/75\/2025\/10\/Philip-273x300.png 273w\" sizes=\"(max-width: 540px) 100vw, 540px\" \/>\t\t\t\t\t\t\t\t\t\t\t\t\t<\/div>\n\t\t\t\t<\/div>\n\t\t\t\t<\/div>\n\t\t<div class=\"elementor-element elementor-element-4ef6589 e-con-full e-flex e-con e-child\" data-id=\"4ef6589\" data-element_type=\"container\">\n\t\t\t\t<div class=\"elementor-element elementor-element-9ba6265 elementor-widget elementor-widget-text-editor\" data-id=\"9ba6265\" data-element_type=\"widget\" data-widget_type=\"text-editor.default\">\n\t\t\t\t<div class=\"elementor-widget-container\">\n\t\t\t\t\t\t\t<p>Philip Dahl, redakt\u00f6r, Entreprenad<\/p>\t\t\t\t\t\t<\/div>\n\t\t\t\t<\/div>\n\t\t\t\t<div class=\"elementor-element elementor-element-9f48cdd elementor-widget elementor-widget-text-editor\" data-id=\"9f48cdd\" data-element_type=\"widget\" data-widget_type=\"text-editor.default\">\n\t\t\t\t<div class=\"elementor-widget-container\">\n\t\t\t\t\t\t\t<p>Jag \u00e4r redakt\u00f6r p\u00e5 tidningen Entreprenad, branschens egen tidning. Genom mitt arbete bevakar jag branschen dagligen och f\u00e5r se allt fr\u00e5n gl\u00e4nsande nyheter till slitvargar i arbete. Jag ser fram emot att f\u00e5 vara med i juryn och lyfta fram maskiner som sticker ut.<\/p>\t\t\t\t\t\t<\/div>\n\t\t\t\t<\/div>\n\t\t\t\t<\/div>\n\t\t\t\t\t<\/div>\n\t\t\t\t<\/div>\n\t\t\t\t<\/div>\n\t\t","protected":false},"excerpt":{"rendered":"<p>M\u00d6T V\u00c5R JURY Lina Hallman, vd, MaskinLeverant\u00f6rerna Med \u00f6ver 20 \u00e5rs erfarenhet i branschen har jag haft f\u00f6rm\u00e5nen att f\u00f6lja utvecklingen p\u00e5 n\u00e4ra h\u00e5ll. Jag tycker det \u00e4r otroligt roligt att se v\u00e4lsk\u00f6tta maskiner ute p\u00e5 arbetsplatserna, d\u00e4r det m\u00e4rks att \u00e4garen \u00e4r stolt. I juryn f\u00f6r &#8221;Sveriges snyggaste Entreprenadmaskin&#8221; ser jag fram emot att [&hellip;]<\/p>\n","protected":false},"author":21,"featured_media":0,"parent":0,"menu_order":0,"comment_status":"closed","ping_status":"closed","template":"","meta":{"_acf_changed":false,"inline_featured_image":false,"footnotes":""},"acf":[],"_links":{"self":[{"href":"https:\/\/nmevents.se\/snyggastemaskin\/wp-json\/wp\/v2\/pages\/2721"}],"collection":[{"href":"https:\/\/nmevents.se\/snyggastemaskin\/wp-json\/wp\/v2\/pages"}],"about":[{"href":"https:\/\/nmevents.se\/snyggastemaskin\/wp-json\/wp\/v2\/types\/page"}],"author":[{"embeddable":true,"href":"https:\/\/nmevents.se\/snyggastemaskin\/wp-json\/wp\/v2\/users\/21"}],"replies":[{"embeddable":true,"href":"https:\/\/nmevents.se\/snyggastemaskin\/wp-json\/wp\/v2\/comments?post=2721"}],"version-history":[{"count":62,"href":"https:\/\/nmevents.se\/snyggastemaskin\/wp-json\/wp\/v2\/pages\/2721\/revisions"}],"predecessor-version":[{"id":3343,"href":"https:\/\/nmevents.se\/snyggastemaskin\/wp-json\/wp\/v2\/pages\/2721\/revisions\/3343"}],"wp:attachment":[{"href":"https:\/\/nmevents.se\/snyggastemaskin\/wp-json\/wp\/v2\/media?parent=2721"}],"curies":[{"name":"wp","href":"https:\/\/api.w.org\/{rel}","templated":true}]}}