{"id":3075,"date":"2025-08-25T19:17:25","date_gmt":"2025-08-25T17:17:25","guid":{"rendered":"https:\/\/nmevents.se\/snyggastemaskin\/?page_id=3075"},"modified":"2026-02-11T13:40:25","modified_gmt":"2026-02-11T12:40:25","slug":"partnerpaket","status":"publish","type":"page","link":"https:\/\/nmevents.se\/snyggastemaskin\/partnerpaket\/","title":{"rendered":"Partnerpaket"},"content":{"rendered":"\t\t<div data-elementor-type=\"wp-page\" data-elementor-id=\"3075\" class=\"elementor elementor-3075\" data-elementor-post-type=\"page\">\n\t\t\t\t<div class=\"elementor-element elementor-element-822c89c e-flex e-con-boxed e-con e-parent\" data-id=\"822c89c\" data-element_type=\"container\" data-core-v316-plus=\"true\">\n\t\t\t\t\t<div class=\"e-con-inner\">\n\t\t\t\t<div class=\"elementor-element elementor-element-07841e1 elementor-widget elementor-widget-spacer\" data-id=\"07841e1\" data-element_type=\"widget\" data-widget_type=\"spacer.default\">\n\t\t\t\t<div class=\"elementor-widget-container\">\n\t\t\t<style>\/*! elementor - v3.20.0 - 20-03-2024 *\/\n.elementor-column .elementor-spacer-inner{height:var(--spacer-size)}.e-con{--container-widget-width:100%}.e-con-inner>.elementor-widget-spacer,.e-con>.elementor-widget-spacer{width:var(--container-widget-width,var(--spacer-size));--align-self:var(--container-widget-align-self,initial);--flex-shrink:0}.e-con-inner>.elementor-widget-spacer>.elementor-widget-container,.e-con>.elementor-widget-spacer>.elementor-widget-container{height:100%;width:100%}.e-con-inner>.elementor-widget-spacer>.elementor-widget-container>.elementor-spacer,.e-con>.elementor-widget-spacer>.elementor-widget-container>.elementor-spacer{height:100%}.e-con-inner>.elementor-widget-spacer>.elementor-widget-container>.elementor-spacer>.elementor-spacer-inner,.e-con>.elementor-widget-spacer>.elementor-widget-container>.elementor-spacer>.elementor-spacer-inner{height:var(--container-widget-height,var(--spacer-size))}.e-con-inner>.elementor-widget-spacer.elementor-widget-empty,.e-con>.elementor-widget-spacer.elementor-widget-empty{position:relative;min-height:22px;min-width:22px}.e-con-inner>.elementor-widget-spacer.elementor-widget-empty .elementor-widget-empty-icon,.e-con>.elementor-widget-spacer.elementor-widget-empty .elementor-widget-empty-icon{position:absolute;top:0;bottom:0;left:0;right:0;margin:auto;padding:0;width:22px;height:22px}<\/style>\t\t<div class=\"elementor-spacer\">\n\t\t\t<div class=\"elementor-spacer-inner\"><\/div>\n\t\t<\/div>\n\t\t\t\t<\/div>\n\t\t\t\t<\/div>\n\t\t\t\t\t<\/div>\n\t\t\t\t<\/div>\n\t\t<div class=\"elementor-element elementor-element-e6ff70b e-flex e-con-boxed e-con e-parent\" data-id=\"e6ff70b\" data-element_type=\"container\" data-core-v316-plus=\"true\">\n\t\t\t\t\t<div class=\"e-con-inner\">\n\t\t<div class=\"elementor-element elementor-element-59ab657 e-con-full e-flex e-con e-child\" data-id=\"59ab657\" data-element_type=\"container\">\n\t\t\t\t<div class=\"elementor-element elementor-element-fac7258 elementor-widget elementor-widget-text-editor\" data-id=\"fac7258\" data-element_type=\"widget\" data-widget_type=\"text-editor.default\">\n\t\t\t\t<div class=\"elementor-widget-container\">\n\t\t\t<style>\/*! elementor - v3.20.0 - 20-03-2024 *\/\n.elementor-widget-text-editor.elementor-drop-cap-view-stacked .elementor-drop-cap{background-color:#69727d;color:#fff}.elementor-widget-text-editor.elementor-drop-cap-view-framed .elementor-drop-cap{color:#69727d;border:3px solid;background-color:transparent}.elementor-widget-text-editor:not(.elementor-drop-cap-view-default) .elementor-drop-cap{margin-top:8px}.elementor-widget-text-editor:not(.elementor-drop-cap-view-default) .elementor-drop-cap-letter{width:1em;height:1em}.elementor-widget-text-editor .elementor-drop-cap{float:left;text-align:center;line-height:1;font-size:50px}.elementor-widget-text-editor .elementor-drop-cap-letter{display:inline-block}<\/style>\t\t\t\t<p>PARTNERPAKET<\/p>\t\t\t\t\t\t<\/div>\n\t\t\t\t<\/div>\n\t\t\t\t<div class=\"elementor-element elementor-element-85d09f8 elementor-widget elementor-widget-text-editor\" data-id=\"85d09f8\" data-element_type=\"widget\" data-widget_type=\"text-editor.default\">\n\t\t\t\t<div class=\"elementor-widget-container\">\n\t\t\t\t\t\t\t<p><strong>PARTNER LIGHT<\/strong><\/p>\t\t\t\t\t\t<\/div>\n\t\t\t\t<\/div>\n\t\t\t\t<div class=\"elementor-element elementor-element-c7f7ee7 elementor-widget elementor-widget-text-editor\" data-id=\"c7f7ee7\" data-element_type=\"widget\" data-widget_type=\"text-editor.default\">\n\t\t\t\t<div class=\"elementor-widget-container\">\n\t\t\t\t\t\t\t<p><strong>Marknadsmaterial:<\/strong> Som partner till Sveriges snyggaste entreprenadmaskin f\u00e5r ni st\u00e4rkt varum\u00e4rke genom exponering i all t\u00e4vlingskommunikation \u2013 fr\u00e5n sociala medier till tryckt material.<\/p><p><strong>Framtr\u00e4dande marknadsf\u00f6ring:<\/strong> Logotyp i all marknadsf\u00f6ring f\u00f6re, under och efter t\u00e4vlingen.<\/p><p><strong>Digital n\u00e4rvaro:<\/strong> Er logotyp visas p\u00e5 t\u00e4vlingens webbplats, med en direktl\u00e4nk till er egen webbplats.<\/p><p><strong>Partnerpresentation:<\/strong> R\u00f6rlig presentation i Sociala medier samt mediekit f\u00f6r marknadsf\u00f6ring i egna kanaler.<\/p><p><strong>Pris: 34 000 kr<\/strong><\/p>\t\t\t\t\t\t<\/div>\n\t\t\t\t<\/div>\n\t\t\t\t<div class=\"elementor-element elementor-element-302cf60 elementor-widget-divider--view-line elementor-widget elementor-widget-divider\" data-id=\"302cf60\" data-element_type=\"widget\" data-widget_type=\"divider.default\">\n\t\t\t\t<div class=\"elementor-widget-container\">\n\t\t\t<style>\/*! elementor - v3.20.0 - 20-03-2024 *\/\n.elementor-widget-divider{--divider-border-style:none;--divider-border-width:1px;--divider-color:#0c0d0e;--divider-icon-size:20px;--divider-element-spacing:10px;--divider-pattern-height:24px;--divider-pattern-size:20px;--divider-pattern-url:none;--divider-pattern-repeat:repeat-x}.elementor-widget-divider .elementor-divider{display:flex}.elementor-widget-divider .elementor-divider__text{font-size:15px;line-height:1;max-width:95%}.elementor-widget-divider .elementor-divider__element{margin:0 var(--divider-element-spacing);flex-shrink:0}.elementor-widget-divider .elementor-icon{font-size:var(--divider-icon-size)}.elementor-widget-divider .elementor-divider-separator{display:flex;margin:0;direction:ltr}.elementor-widget-divider--view-line_icon .elementor-divider-separator,.elementor-widget-divider--view-line_text .elementor-divider-separator{align-items:center}.elementor-widget-divider--view-line_icon .elementor-divider-separator:after,.elementor-widget-divider--view-line_icon .elementor-divider-separator:before,.elementor-widget-divider--view-line_text .elementor-divider-separator:after,.elementor-widget-divider--view-line_text .elementor-divider-separator:before{display:block;content:\"\";border-block-end:0;flex-grow:1;border-block-start:var(--divider-border-width) var(--divider-border-style) var(--divider-color)}.elementor-widget-divider--element-align-left .elementor-divider .elementor-divider-separator>.elementor-divider__svg:first-of-type{flex-grow:0;flex-shrink:100}.elementor-widget-divider--element-align-left .elementor-divider-separator:before{content:none}.elementor-widget-divider--element-align-left .elementor-divider__element{margin-left:0}.elementor-widget-divider--element-align-right .elementor-divider .elementor-divider-separator>.elementor-divider__svg:last-of-type{flex-grow:0;flex-shrink:100}.elementor-widget-divider--element-align-right .elementor-divider-separator:after{content:none}.elementor-widget-divider--element-align-right .elementor-divider__element{margin-right:0}.elementor-widget-divider--element-align-start .elementor-divider .elementor-divider-separator>.elementor-divider__svg:first-of-type{flex-grow:0;flex-shrink:100}.elementor-widget-divider--element-align-start .elementor-divider-separator:before{content:none}.elementor-widget-divider--element-align-start .elementor-divider__element{margin-inline-start:0}.elementor-widget-divider--element-align-end .elementor-divider .elementor-divider-separator>.elementor-divider__svg:last-of-type{flex-grow:0;flex-shrink:100}.elementor-widget-divider--element-align-end .elementor-divider-separator:after{content:none}.elementor-widget-divider--element-align-end .elementor-divider__element{margin-inline-end:0}.elementor-widget-divider:not(.elementor-widget-divider--view-line_text):not(.elementor-widget-divider--view-line_icon) .elementor-divider-separator{border-block-start:var(--divider-border-width) var(--divider-border-style) var(--divider-color)}.elementor-widget-divider--separator-type-pattern{--divider-border-style:none}.elementor-widget-divider--separator-type-pattern.elementor-widget-divider--view-line .elementor-divider-separator,.elementor-widget-divider--separator-type-pattern:not(.elementor-widget-divider--view-line) .elementor-divider-separator:after,.elementor-widget-divider--separator-type-pattern:not(.elementor-widget-divider--view-line) .elementor-divider-separator:before,.elementor-widget-divider--separator-type-pattern:not([class*=elementor-widget-divider--view]) .elementor-divider-separator{width:100%;min-height:var(--divider-pattern-height);-webkit-mask-size:var(--divider-pattern-size) 100%;mask-size:var(--divider-pattern-size) 100%;-webkit-mask-repeat:var(--divider-pattern-repeat);mask-repeat:var(--divider-pattern-repeat);background-color:var(--divider-color);-webkit-mask-image:var(--divider-pattern-url);mask-image:var(--divider-pattern-url)}.elementor-widget-divider--no-spacing{--divider-pattern-size:auto}.elementor-widget-divider--bg-round{--divider-pattern-repeat:round}.rtl .elementor-widget-divider .elementor-divider__text{direction:rtl}.e-con-inner>.elementor-widget-divider,.e-con>.elementor-widget-divider{width:var(--container-widget-width,100%);--flex-grow:var(--container-widget-flex-grow)}<\/style>\t\t<div class=\"elementor-divider\">\n\t\t\t<span class=\"elementor-divider-separator\">\n\t\t\t\t\t\t<\/span>\n\t\t<\/div>\n\t\t\t\t<\/div>\n\t\t\t\t<\/div>\n\t\t\t\t<div class=\"elementor-element elementor-element-cd192bc elementor-widget elementor-widget-text-editor\" data-id=\"cd192bc\" data-element_type=\"widget\" data-widget_type=\"text-editor.default\">\n\t\t\t\t<div class=\"elementor-widget-container\">\n\t\t\t\t\t\t\t<p>PARTNER PREMIUM<\/p>\t\t\t\t\t\t<\/div>\n\t\t\t\t<\/div>\n\t\t\t\t<div class=\"elementor-element elementor-element-cc7d4b7 elementor-widget elementor-widget-text-editor\" data-id=\"cc7d4b7\" data-element_type=\"widget\" data-widget_type=\"text-editor.default\">\n\t\t\t\t<div class=\"elementor-widget-container\">\n\t\t\t\t\t\t\t<p><strong>Marknadsmaterial:<\/strong> Som partner till Sveriges snyggaste entreprenadmaskin f\u00e5r ni st\u00e4rkt varum\u00e4rket genom exponering i all t\u00e4vlingskommunikation \u2013 fr\u00e5n sociala medier till tryckt material.<\/p><p><strong>Framtr\u00e4dande marknadsf\u00f6ring:<\/strong> St\u00f6rre logotyp i all marknadsf\u00f6ring f\u00f6re, under och efter t\u00e4vlingen.<\/p><p><strong>Digital n\u00e4rvaro:<\/strong> Er logotyp visas p\u00e5 t\u00e4vlingens webbplats, med en direktl\u00e4nk till er egen webbplats.<\/p><p><strong>Partnerpresentation:<\/strong> R\u00f6rlig presentation i Sociala medier samt mediekit f\u00f6r marknadsf\u00f6ring i egna kanaler.<\/p><p><strong>Annons<\/strong>: Ni f\u00e5r m\u00f6jlighet att presentera ert f\u00f6retag, tj\u00e4nster eller produkter i tidningen (halvsida) eller digitalt (artikelbanner) p\u00e5 webbplats.<\/p><p><strong>Pris: 49 000 kr<\/strong><\/p>\t\t\t\t\t\t<\/div>\n\t\t\t\t<\/div>\n\t\t\t\t<\/div>\n\t\t<div class=\"elementor-element elementor-element-a442ac3 e-con-full e-flex e-con e-child\" data-id=\"a442ac3\" data-element_type=\"container\">\n\t\t\t\t<div class=\"elementor-element elementor-element-6ba6f4b elementor-widget elementor-widget-image\" data-id=\"6ba6f4b\" data-element_type=\"widget\" data-widget_type=\"image.default\">\n\t\t\t\t<div class=\"elementor-widget-container\">\n\t\t\t<style>\/*! elementor - v3.20.0 - 20-03-2024 *\/\n.elementor-widget-image{text-align:center}.elementor-widget-image a{display:inline-block}.elementor-widget-image a img[src$=\".svg\"]{width:48px}.elementor-widget-image img{vertical-align:middle;display:inline-block}<\/style>\t\t\t\t\t\t\t\t\t\t<img fetchpriority=\"high\" decoding=\"async\" width=\"800\" height=\"692\" src=\"https:\/\/nmevents.se\/snyggastemaskin\/wp-content\/uploads\/sites\/75\/2025\/08\/Skarmbild-2025-08-26-094258.png\" class=\"attachment-large size-large wp-image-3136\" alt=\"\" srcset=\"https:\/\/nmevents.se\/snyggastemaskin\/wp-content\/uploads\/sites\/75\/2025\/08\/Skarmbild-2025-08-26-094258.png 888w, https:\/\/nmevents.se\/snyggastemaskin\/wp-content\/uploads\/sites\/75\/2025\/08\/Skarmbild-2025-08-26-094258-300x259.png 300w, https:\/\/nmevents.se\/snyggastemaskin\/wp-content\/uploads\/sites\/75\/2025\/08\/Skarmbild-2025-08-26-094258-768x664.png 768w\" sizes=\"(max-width: 800px) 100vw, 800px\" \/>\t\t\t\t\t\t\t\t\t\t\t\t\t<\/div>\n\t\t\t\t<\/div>\n\t\t\t\t<\/div>\n\t\t\t\t\t<\/div>\n\t\t\t\t<\/div>\n\t\t<div class=\"elementor-element elementor-element-c3a4407 e-flex e-con-boxed e-con e-parent\" data-id=\"c3a4407\" data-element_type=\"container\" data-core-v316-plus=\"true\">\n\t\t\t\t\t<div class=\"e-con-inner\">\n\t\t\t\t<div class=\"elementor-element elementor-element-6895ed6 elementor-widget-divider--view-line elementor-widget elementor-widget-divider\" data-id=\"6895ed6\" data-element_type=\"widget\" data-widget_type=\"divider.default\">\n\t\t\t\t<div class=\"elementor-widget-container\">\n\t\t\t\t\t<div class=\"elementor-divider\">\n\t\t\t<span class=\"elementor-divider-separator\">\n\t\t\t\t\t\t<\/span>\n\t\t<\/div>\n\t\t\t\t<\/div>\n\t\t\t\t<\/div>\n\t\t\t\t<div class=\"elementor-element elementor-element-46ffd28 elementor-widget elementor-widget-text-editor\" data-id=\"46ffd28\" data-element_type=\"widget\" data-widget_type=\"text-editor.default\">\n\t\t\t\t<div class=\"elementor-widget-container\">\n\t\t\t\t\t\t\t<p>F\u00d6R MER INFORMATION KONTAKTA MIG:\u00a0<\/p>\t\t\t\t\t\t<\/div>\n\t\t\t\t<\/div>\n\t\t\t\t<div class=\"elementor-element elementor-element-3c6b9e7 elementor-widget elementor-widget-text-editor\" data-id=\"3c6b9e7\" data-element_type=\"widget\" data-widget_type=\"text-editor.default\">\n\t\t\t\t<div class=\"elementor-widget-container\">\n\t\t\t\t\t\t\t<p><strong>Magnus Krumlinde<\/strong><br \/>070 995 13 31<br \/>magnus.krumlinde@nordiskemedier.se<\/p>\t\t\t\t\t\t<\/div>\n\t\t\t\t<\/div>\n\t\t\t\t\t<\/div>\n\t\t\t\t<\/div>\n\t\t\t\t<\/div>\n\t\t","protected":false},"excerpt":{"rendered":"<p>PARTNERPAKET PARTNER LIGHT Marknadsmaterial: Som partner till Sveriges snyggaste entreprenadmaskin f\u00e5r ni st\u00e4rkt varum\u00e4rke genom exponering i all t\u00e4vlingskommunikation \u2013 fr\u00e5n sociala medier till tryckt material. Framtr\u00e4dande marknadsf\u00f6ring: Logotyp i all marknadsf\u00f6ring f\u00f6re, under och efter t\u00e4vlingen. Digital n\u00e4rvaro: Er logotyp visas p\u00e5 t\u00e4vlingens webbplats, med en direktl\u00e4nk till er egen webbplats. Partnerpresentation: R\u00f6rlig presentation [&hellip;]<\/p>\n","protected":false},"author":12,"featured_media":0,"parent":0,"menu_order":0,"comment_status":"closed","ping_status":"closed","template":"","meta":{"_acf_changed":false,"inline_featured_image":false,"footnotes":""},"acf":[],"_links":{"self":[{"href":"https:\/\/nmevents.se\/snyggastemaskin\/wp-json\/wp\/v2\/pages\/3075"}],"collection":[{"href":"https:\/\/nmevents.se\/snyggastemaskin\/wp-json\/wp\/v2\/pages"}],"about":[{"href":"https:\/\/nmevents.se\/snyggastemaskin\/wp-json\/wp\/v2\/types\/page"}],"author":[{"embeddable":true,"href":"https:\/\/nmevents.se\/snyggastemaskin\/wp-json\/wp\/v2\/users\/12"}],"replies":[{"embeddable":true,"href":"https:\/\/nmevents.se\/snyggastemaskin\/wp-json\/wp\/v2\/comments?post=3075"}],"version-history":[{"count":27,"href":"https:\/\/nmevents.se\/snyggastemaskin\/wp-json\/wp\/v2\/pages\/3075\/revisions"}],"predecessor-version":[{"id":3328,"href":"https:\/\/nmevents.se\/snyggastemaskin\/wp-json\/wp\/v2\/pages\/3075\/revisions\/3328"}],"wp:attachment":[{"href":"https:\/\/nmevents.se\/snyggastemaskin\/wp-json\/wp\/v2\/media?parent=3075"}],"curies":[{"name":"wp","href":"https:\/\/api.w.org\/{rel}","templated":true}]}}