{"id":3482,"date":"2026-04-17T09:14:30","date_gmt":"2026-04-17T07:14:30","guid":{"rendered":"https:\/\/nmevents.se\/snyggastemaskin\/?page_id=3482"},"modified":"2026-04-20T09:23:00","modified_gmt":"2026-04-20T07:23:00","slug":"finalister","status":"publish","type":"page","link":"https:\/\/nmevents.se\/snyggastemaskin\/finalister\/","title":{"rendered":"Finalister"},"content":{"rendered":"\t\t<div data-elementor-type=\"wp-page\" data-elementor-id=\"3482\" class=\"elementor elementor-3482\" data-elementor-post-type=\"page\">\n\t\t\t\t<div class=\"elementor-element elementor-element-4f19f14 e-flex e-con-boxed e-con e-parent\" data-id=\"4f19f14\" data-element_type=\"container\" data-core-v316-plus=\"true\">\n\t\t\t\t\t<div class=\"e-con-inner\">\n\t\t\t\t<div class=\"elementor-element elementor-element-d671eae elementor-widget elementor-widget-spacer\" data-id=\"d671eae\" data-element_type=\"widget\" data-widget_type=\"spacer.default\">\n\t\t\t\t<div class=\"elementor-widget-container\">\n\t\t\t<style>\/*! elementor - v3.20.0 - 20-03-2024 *\/\n.elementor-column .elementor-spacer-inner{height:var(--spacer-size)}.e-con{--container-widget-width:100%}.e-con-inner>.elementor-widget-spacer,.e-con>.elementor-widget-spacer{width:var(--container-widget-width,var(--spacer-size));--align-self:var(--container-widget-align-self,initial);--flex-shrink:0}.e-con-inner>.elementor-widget-spacer>.elementor-widget-container,.e-con>.elementor-widget-spacer>.elementor-widget-container{height:100%;width:100%}.e-con-inner>.elementor-widget-spacer>.elementor-widget-container>.elementor-spacer,.e-con>.elementor-widget-spacer>.elementor-widget-container>.elementor-spacer{height:100%}.e-con-inner>.elementor-widget-spacer>.elementor-widget-container>.elementor-spacer>.elementor-spacer-inner,.e-con>.elementor-widget-spacer>.elementor-widget-container>.elementor-spacer>.elementor-spacer-inner{height:var(--container-widget-height,var(--spacer-size))}.e-con-inner>.elementor-widget-spacer.elementor-widget-empty,.e-con>.elementor-widget-spacer.elementor-widget-empty{position:relative;min-height:22px;min-width:22px}.e-con-inner>.elementor-widget-spacer.elementor-widget-empty .elementor-widget-empty-icon,.e-con>.elementor-widget-spacer.elementor-widget-empty .elementor-widget-empty-icon{position:absolute;top:0;bottom:0;left:0;right:0;margin:auto;padding:0;width:22px;height:22px}<\/style>\t\t<div class=\"elementor-spacer\">\n\t\t\t<div class=\"elementor-spacer-inner\"><\/div>\n\t\t<\/div>\n\t\t\t\t<\/div>\n\t\t\t\t<\/div>\n\t\t\t\t\t<\/div>\n\t\t\t\t<\/div>\n\t\t<div class=\"elementor-element elementor-element-f4acdcc e-flex e-con-boxed e-con e-parent\" data-id=\"f4acdcc\" data-element_type=\"container\" data-core-v316-plus=\"true\">\n\t\t\t\t\t<div class=\"e-con-inner\">\n\t\t\t\t<div class=\"elementor-element elementor-element-d79726b elementor-widget elementor-widget-text-editor\" data-id=\"d79726b\" data-element_type=\"widget\" data-widget_type=\"text-editor.default\">\n\t\t\t\t<div class=\"elementor-widget-container\">\n\t\t\t<style>\/*! elementor - v3.20.0 - 20-03-2024 *\/\n.elementor-widget-text-editor.elementor-drop-cap-view-stacked .elementor-drop-cap{background-color:#69727d;color:#fff}.elementor-widget-text-editor.elementor-drop-cap-view-framed .elementor-drop-cap{color:#69727d;border:3px solid;background-color:transparent}.elementor-widget-text-editor:not(.elementor-drop-cap-view-default) .elementor-drop-cap{margin-top:8px}.elementor-widget-text-editor:not(.elementor-drop-cap-view-default) .elementor-drop-cap-letter{width:1em;height:1em}.elementor-widget-text-editor .elementor-drop-cap{float:left;text-align:center;line-height:1;font-size:50px}.elementor-widget-text-editor .elementor-drop-cap-letter{display:inline-block}<\/style>\t\t\t\t<p><strong>\u00c5RETS FINALISTER\u00a0<\/strong><\/p>\t\t\t\t\t\t<\/div>\n\t\t\t\t<\/div>\n\t\t\t\t\t<\/div>\n\t\t\t\t<\/div>\n\t\t<div class=\"elementor-element elementor-element-f038bec e-flex e-con-boxed e-con e-parent\" data-id=\"f038bec\" data-element_type=\"container\" data-core-v316-plus=\"true\">\n\t\t\t\t\t<div class=\"e-con-inner\">\n\t\t\t\t<div class=\"elementor-element elementor-element-6cce251 elementor-widget elementor-widget-spacer\" data-id=\"6cce251\" data-element_type=\"widget\" data-widget_type=\"spacer.default\">\n\t\t\t\t<div class=\"elementor-widget-container\">\n\t\t\t\t\t<div class=\"elementor-spacer\">\n\t\t\t<div class=\"elementor-spacer-inner\"><\/div>\n\t\t<\/div>\n\t\t\t\t<\/div>\n\t\t\t\t<\/div>\n\t\t\t\t\t<\/div>\n\t\t\t\t<\/div>\n\t\t<div class=\"elementor-element elementor-element-868f005 e-flex e-con-boxed e-con e-parent\" data-id=\"868f005\" data-element_type=\"container\" data-core-v316-plus=\"true\">\n\t\t\t\t\t<div class=\"e-con-inner\">\n\t\t<div class=\"elementor-element elementor-element-02f6be6 e-con-full e-flex e-con e-child\" data-id=\"02f6be6\" data-element_type=\"container\">\n\t\t\t\t<div class=\"elementor-element elementor-element-cabadaf elementor-widget elementor-widget-image\" data-id=\"cabadaf\" data-element_type=\"widget\" data-widget_type=\"image.default\">\n\t\t\t\t<div class=\"elementor-widget-container\">\n\t\t\t<style>\/*! elementor - v3.20.0 - 20-03-2024 *\/\n.elementor-widget-image{text-align:center}.elementor-widget-image a{display:inline-block}.elementor-widget-image a img[src$=\".svg\"]{width:48px}.elementor-widget-image img{vertical-align:middle;display:inline-block}<\/style>\t\t\t\t\t\t\t\t\t\t<img fetchpriority=\"high\" decoding=\"async\" width=\"800\" height=\"887\" src=\"https:\/\/nmevents.se\/snyggastemaskin\/wp-content\/uploads\/sites\/75\/2026\/04\/Finalister_2.png\" class=\"attachment-large size-large wp-image-3491\" alt=\"\" srcset=\"https:\/\/nmevents.se\/snyggastemaskin\/wp-content\/uploads\/sites\/75\/2026\/04\/Finalister_2.png 828w, https:\/\/nmevents.se\/snyggastemaskin\/wp-content\/uploads\/sites\/75\/2026\/04\/Finalister_2-271x300.png 271w, https:\/\/nmevents.se\/snyggastemaskin\/wp-content\/uploads\/sites\/75\/2026\/04\/Finalister_2-768x851.png 768w\" sizes=\"(max-width: 800px) 100vw, 800px\" \/>\t\t\t\t\t\t\t\t\t\t\t\t\t<\/div>\n\t\t\t\t<\/div>\n\t\t\t\t<\/div>\n\t\t<div class=\"elementor-element elementor-element-71e1d82 e-con-full e-flex e-con e-child\" data-id=\"71e1d82\" data-element_type=\"container\">\n\t\t\t\t<div class=\"elementor-element elementor-element-eb161fb elementor-widget elementor-widget-text-editor\" data-id=\"eb161fb\" data-element_type=\"widget\" data-widget_type=\"text-editor.default\">\n\t\t\t\t<div class=\"elementor-widget-container\">\n\t\t\t\t\t\t\t<p><strong>Lucas Magnusson<\/strong>\u00a0har tusentals f\u00f6ljare som vill se hans ombyggda Develon DX165, nu \u00e4r han finalist i Sveriges snyggaste maskin 2026.\u00a0<\/p><p>Med \u00f6ver 500 timmar bakom bygget har han skapat en maskin d\u00e4r n\u00e4stan inget \u00e4r standard. Egenbyggd hytt, nytt elsystem och genomt\u00e4nkt belysning pr\u00e4glar helheten.\u00a0<br \/>Allt \u00e4r byggt f\u00f6r att fungera lika bra i jobbet som det ser ut. Trots allt arbete \u00e4r fler f\u00f6r\u00e4ndringar p\u00e5 v\u00e4g och fler kan det bli.\u00a0<\/p><p>&#8211; Id\u00e9erna tar ju aldrig slut, s\u00e4ger Lucas.\u00a0<\/p>\t\t\t\t\t\t<\/div>\n\t\t\t\t<\/div>\n\t\t\t\t<div class=\"elementor-element elementor-element-1dfbce6 elementor-widget elementor-widget-button\" data-id=\"1dfbce6\" data-element_type=\"widget\" data-widget_type=\"button.default\">\n\t\t\t\t<div class=\"elementor-widget-container\">\n\t\t\t\t\t<div class=\"elementor-button-wrapper\">\n\t\t\t<a class=\"elementor-button elementor-button-link elementor-size-sm\" href=\"https:\/\/nmevents.se\/snyggastemaskin\/galleri-develon-dx165\/\">\n\t\t\t\t\t\t<span class=\"elementor-button-content-wrapper\">\n\t\t\t\t\t\t<span class=\"elementor-button-text\">Se bilder p\u00e5 maskinen<\/span>\n\t\t<\/span>\n\t\t\t\t\t<\/a>\n\t\t<\/div>\n\t\t\t\t<\/div>\n\t\t\t\t<\/div>\n\t\t\t\t<\/div>\n\t\t\t\t\t<\/div>\n\t\t\t\t<\/div>\n\t\t<div class=\"elementor-element elementor-element-842143c e-flex e-con-boxed e-con e-parent\" data-id=\"842143c\" data-element_type=\"container\" data-core-v316-plus=\"true\">\n\t\t\t\t\t<div class=\"e-con-inner\">\n\t\t\t\t<div class=\"elementor-element elementor-element-1d68df2 elementor-widget elementor-widget-spacer\" data-id=\"1d68df2\" data-element_type=\"widget\" data-widget_type=\"spacer.default\">\n\t\t\t\t<div class=\"elementor-widget-container\">\n\t\t\t\t\t<div class=\"elementor-spacer\">\n\t\t\t<div class=\"elementor-spacer-inner\"><\/div>\n\t\t<\/div>\n\t\t\t\t<\/div>\n\t\t\t\t<\/div>\n\t\t\t\t<div class=\"elementor-element elementor-element-a42573b elementor-widget-divider--view-line elementor-widget elementor-widget-divider\" data-id=\"a42573b\" data-element_type=\"widget\" data-widget_type=\"divider.default\">\n\t\t\t\t<div class=\"elementor-widget-container\">\n\t\t\t<style>\/*! elementor - v3.20.0 - 20-03-2024 *\/\n.elementor-widget-divider{--divider-border-style:none;--divider-border-width:1px;--divider-color:#0c0d0e;--divider-icon-size:20px;--divider-element-spacing:10px;--divider-pattern-height:24px;--divider-pattern-size:20px;--divider-pattern-url:none;--divider-pattern-repeat:repeat-x}.elementor-widget-divider .elementor-divider{display:flex}.elementor-widget-divider .elementor-divider__text{font-size:15px;line-height:1;max-width:95%}.elementor-widget-divider .elementor-divider__element{margin:0 var(--divider-element-spacing);flex-shrink:0}.elementor-widget-divider .elementor-icon{font-size:var(--divider-icon-size)}.elementor-widget-divider .elementor-divider-separator{display:flex;margin:0;direction:ltr}.elementor-widget-divider--view-line_icon .elementor-divider-separator,.elementor-widget-divider--view-line_text .elementor-divider-separator{align-items:center}.elementor-widget-divider--view-line_icon .elementor-divider-separator:after,.elementor-widget-divider--view-line_icon .elementor-divider-separator:before,.elementor-widget-divider--view-line_text .elementor-divider-separator:after,.elementor-widget-divider--view-line_text .elementor-divider-separator:before{display:block;content:\"\";border-block-end:0;flex-grow:1;border-block-start:var(--divider-border-width) var(--divider-border-style) var(--divider-color)}.elementor-widget-divider--element-align-left .elementor-divider .elementor-divider-separator>.elementor-divider__svg:first-of-type{flex-grow:0;flex-shrink:100}.elementor-widget-divider--element-align-left .elementor-divider-separator:before{content:none}.elementor-widget-divider--element-align-left .elementor-divider__element{margin-left:0}.elementor-widget-divider--element-align-right .elementor-divider .elementor-divider-separator>.elementor-divider__svg:last-of-type{flex-grow:0;flex-shrink:100}.elementor-widget-divider--element-align-right .elementor-divider-separator:after{content:none}.elementor-widget-divider--element-align-right .elementor-divider__element{margin-right:0}.elementor-widget-divider--element-align-start .elementor-divider .elementor-divider-separator>.elementor-divider__svg:first-of-type{flex-grow:0;flex-shrink:100}.elementor-widget-divider--element-align-start .elementor-divider-separator:before{content:none}.elementor-widget-divider--element-align-start .elementor-divider__element{margin-inline-start:0}.elementor-widget-divider--element-align-end .elementor-divider .elementor-divider-separator>.elementor-divider__svg:last-of-type{flex-grow:0;flex-shrink:100}.elementor-widget-divider--element-align-end .elementor-divider-separator:after{content:none}.elementor-widget-divider--element-align-end .elementor-divider__element{margin-inline-end:0}.elementor-widget-divider:not(.elementor-widget-divider--view-line_text):not(.elementor-widget-divider--view-line_icon) .elementor-divider-separator{border-block-start:var(--divider-border-width) var(--divider-border-style) var(--divider-color)}.elementor-widget-divider--separator-type-pattern{--divider-border-style:none}.elementor-widget-divider--separator-type-pattern.elementor-widget-divider--view-line .elementor-divider-separator,.elementor-widget-divider--separator-type-pattern:not(.elementor-widget-divider--view-line) .elementor-divider-separator:after,.elementor-widget-divider--separator-type-pattern:not(.elementor-widget-divider--view-line) .elementor-divider-separator:before,.elementor-widget-divider--separator-type-pattern:not([class*=elementor-widget-divider--view]) .elementor-divider-separator{width:100%;min-height:var(--divider-pattern-height);-webkit-mask-size:var(--divider-pattern-size) 100%;mask-size:var(--divider-pattern-size) 100%;-webkit-mask-repeat:var(--divider-pattern-repeat);mask-repeat:var(--divider-pattern-repeat);background-color:var(--divider-color);-webkit-mask-image:var(--divider-pattern-url);mask-image:var(--divider-pattern-url)}.elementor-widget-divider--no-spacing{--divider-pattern-size:auto}.elementor-widget-divider--bg-round{--divider-pattern-repeat:round}.rtl .elementor-widget-divider .elementor-divider__text{direction:rtl}.e-con-inner>.elementor-widget-divider,.e-con>.elementor-widget-divider{width:var(--container-widget-width,100%);--flex-grow:var(--container-widget-flex-grow)}<\/style>\t\t<div class=\"elementor-divider\">\n\t\t\t<span class=\"elementor-divider-separator\">\n\t\t\t\t\t\t<\/span>\n\t\t<\/div>\n\t\t\t\t<\/div>\n\t\t\t\t<\/div>\n\t\t\t\t<div class=\"elementor-element elementor-element-9eaf0db elementor-widget elementor-widget-spacer\" data-id=\"9eaf0db\" data-element_type=\"widget\" data-widget_type=\"spacer.default\">\n\t\t\t\t<div class=\"elementor-widget-container\">\n\t\t\t\t\t<div class=\"elementor-spacer\">\n\t\t\t<div class=\"elementor-spacer-inner\"><\/div>\n\t\t<\/div>\n\t\t\t\t<\/div>\n\t\t\t\t<\/div>\n\t\t\t\t\t<\/div>\n\t\t\t\t<\/div>\n\t\t<div class=\"elementor-element elementor-element-543b340 e-flex e-con-boxed e-con e-parent\" data-id=\"543b340\" data-element_type=\"container\" data-core-v316-plus=\"true\">\n\t\t\t\t\t<div class=\"e-con-inner\">\n\t\t<div class=\"elementor-element elementor-element-ef74c30 e-con-full e-flex e-con e-child\" data-id=\"ef74c30\" data-element_type=\"container\">\n\t\t\t\t<div class=\"elementor-element elementor-element-9216592 elementor-widget elementor-widget-text-editor\" data-id=\"9216592\" data-element_type=\"widget\" data-widget_type=\"text-editor.default\">\n\t\t\t\t<div class=\"elementor-widget-container\">\n\t\t\t\t\t\t\t<p><strong>Magnus Olausson<\/strong>\u00a0\u00e4r finalist i Sveriges snyggaste maskin 2026 med sin stilrena Hitachi ZX150W7.\u00a0<br \/>H\u00e4r ligger fokus p\u00e5 helhet, med svart lack och orange detaljer genom hela ekipaget.\u00a0<br \/>Vagnen har byggts om och detaljerna \u00e4r noggrant valda f\u00f6r att h\u00e5lla ihop uttrycket. Samtidigt \u00e4r maskinen byggd f\u00f6r att jobba effektivt i vardagen, n\u00e5got man inte f\u00e5r gl\u00f6mma.\u00a0<\/p><p>\u2013 Jag tycker den har blivit j\u00e4vligt stilren, s\u00e4ger Magnus.\u00a0<br \/><br \/><\/p>\t\t\t\t\t\t<\/div>\n\t\t\t\t<\/div>\n\t\t\t\t<div class=\"elementor-element elementor-element-bb29b9c elementor-widget elementor-widget-button\" data-id=\"bb29b9c\" data-element_type=\"widget\" data-widget_type=\"button.default\">\n\t\t\t\t<div class=\"elementor-widget-container\">\n\t\t\t\t\t<div class=\"elementor-button-wrapper\">\n\t\t\t<a class=\"elementor-button elementor-button-link elementor-size-sm\" href=\"https:\/\/nmevents.se\/snyggastemaskin\/galleri-hitachi-zx150w7\/\">\n\t\t\t\t\t\t<span class=\"elementor-button-content-wrapper\">\n\t\t\t\t\t\t<span class=\"elementor-button-text\">Se bilder p\u00e5 maskinen<\/span>\n\t\t<\/span>\n\t\t\t\t\t<\/a>\n\t\t<\/div>\n\t\t\t\t<\/div>\n\t\t\t\t<\/div>\n\t\t\t\t<\/div>\n\t\t<div class=\"elementor-element elementor-element-c8d26d5 e-con-full e-flex e-con e-child\" data-id=\"c8d26d5\" data-element_type=\"container\">\n\t\t\t\t<div class=\"elementor-element elementor-element-1fb22af elementor-widget elementor-widget-image\" data-id=\"1fb22af\" data-element_type=\"widget\" data-widget_type=\"image.default\">\n\t\t\t\t<div class=\"elementor-widget-container\">\n\t\t\t\t\t\t\t\t\t\t\t\t\t<img decoding=\"async\" width=\"800\" height=\"887\" src=\"https:\/\/nmevents.se\/snyggastemaskin\/wp-content\/uploads\/sites\/75\/2026\/04\/Finalister_22.png\" class=\"attachment-large size-large wp-image-3492\" alt=\"\" srcset=\"https:\/\/nmevents.se\/snyggastemaskin\/wp-content\/uploads\/sites\/75\/2026\/04\/Finalister_22.png 828w, https:\/\/nmevents.se\/snyggastemaskin\/wp-content\/uploads\/sites\/75\/2026\/04\/Finalister_22-271x300.png 271w, https:\/\/nmevents.se\/snyggastemaskin\/wp-content\/uploads\/sites\/75\/2026\/04\/Finalister_22-768x851.png 768w\" sizes=\"(max-width: 800px) 100vw, 800px\" \/>\t\t\t\t\t\t\t\t\t\t\t\t\t<\/div>\n\t\t\t\t<\/div>\n\t\t\t\t<\/div>\n\t\t\t\t\t<\/div>\n\t\t\t\t<\/div>\n\t\t<div class=\"elementor-element elementor-element-82cd475 e-flex e-con-boxed e-con e-parent\" data-id=\"82cd475\" data-element_type=\"container\" data-core-v316-plus=\"true\">\n\t\t\t\t\t<div class=\"e-con-inner\">\n\t\t\t\t<div class=\"elementor-element elementor-element-a725a5f elementor-widget elementor-widget-spacer\" data-id=\"a725a5f\" data-element_type=\"widget\" data-widget_type=\"spacer.default\">\n\t\t\t\t<div class=\"elementor-widget-container\">\n\t\t\t\t\t<div class=\"elementor-spacer\">\n\t\t\t<div class=\"elementor-spacer-inner\"><\/div>\n\t\t<\/div>\n\t\t\t\t<\/div>\n\t\t\t\t<\/div>\n\t\t\t\t<div class=\"elementor-element elementor-element-8e2f519 elementor-widget-divider--view-line elementor-widget elementor-widget-divider\" data-id=\"8e2f519\" data-element_type=\"widget\" data-widget_type=\"divider.default\">\n\t\t\t\t<div class=\"elementor-widget-container\">\n\t\t\t\t\t<div class=\"elementor-divider\">\n\t\t\t<span class=\"elementor-divider-separator\">\n\t\t\t\t\t\t<\/span>\n\t\t<\/div>\n\t\t\t\t<\/div>\n\t\t\t\t<\/div>\n\t\t\t\t<div class=\"elementor-element elementor-element-596b38c elementor-widget elementor-widget-spacer\" data-id=\"596b38c\" data-element_type=\"widget\" data-widget_type=\"spacer.default\">\n\t\t\t\t<div class=\"elementor-widget-container\">\n\t\t\t\t\t<div class=\"elementor-spacer\">\n\t\t\t<div class=\"elementor-spacer-inner\"><\/div>\n\t\t<\/div>\n\t\t\t\t<\/div>\n\t\t\t\t<\/div>\n\t\t\t\t\t<\/div>\n\t\t\t\t<\/div>\n\t\t<div class=\"elementor-element elementor-element-52ea916 e-flex e-con-boxed e-con e-parent\" data-id=\"52ea916\" data-element_type=\"container\" data-core-v316-plus=\"true\">\n\t\t\t\t\t<div class=\"e-con-inner\">\n\t\t<div class=\"elementor-element elementor-element-cc131a3 e-con-full e-flex e-con e-child\" data-id=\"cc131a3\" data-element_type=\"container\">\n\t\t\t\t<div class=\"elementor-element elementor-element-6afa6c7 elementor-widget elementor-widget-image\" data-id=\"6afa6c7\" data-element_type=\"widget\" data-widget_type=\"image.default\">\n\t\t\t\t<div class=\"elementor-widget-container\">\n\t\t\t\t\t\t\t\t\t\t\t\t\t<img decoding=\"async\" width=\"800\" height=\"887\" src=\"https:\/\/nmevents.se\/snyggastemaskin\/wp-content\/uploads\/sites\/75\/2026\/04\/Finalister_23.png\" class=\"attachment-large size-large wp-image-3493\" alt=\"\" srcset=\"https:\/\/nmevents.se\/snyggastemaskin\/wp-content\/uploads\/sites\/75\/2026\/04\/Finalister_23.png 828w, https:\/\/nmevents.se\/snyggastemaskin\/wp-content\/uploads\/sites\/75\/2026\/04\/Finalister_23-271x300.png 271w, https:\/\/nmevents.se\/snyggastemaskin\/wp-content\/uploads\/sites\/75\/2026\/04\/Finalister_23-768x851.png 768w\" sizes=\"(max-width: 800px) 100vw, 800px\" \/>\t\t\t\t\t\t\t\t\t\t\t\t\t<\/div>\n\t\t\t\t<\/div>\n\t\t\t\t<\/div>\n\t\t<div class=\"elementor-element elementor-element-71a1a1f e-con-full e-flex e-con e-child\" data-id=\"71a1a1f\" data-element_type=\"container\">\n\t\t\t\t<div class=\"elementor-element elementor-element-af36aac elementor-widget elementor-widget-text-editor\" data-id=\"af36aac\" data-element_type=\"widget\" data-widget_type=\"text-editor.default\">\n\t\t\t\t<div class=\"elementor-widget-container\">\n\t\t\t\t\t\t\t<p><strong>Rasmus S\u00f6dermark<\/strong>\u00a0fr\u00e5n Markdesign i Eskilstuna AB och hans Volvo L60H2 \u00e4r en av finalisterna i Sveriges snyggaste maskin 2026.\u00a0\u00a0<\/p><p>Hjullastaren lackades om direkt fr\u00e5n ink\u00f6p och har f\u00e5tt egen f\u00e4rg, unik dekor och ombyggd el. Alla redskap styrs n\u00e4mligen via samma funktion, en l\u00f6sning som sparar tid i jobbet. Hans maskin visar upp ett genomg\u00e5ende t\u00e4nk i design och presentation, n\u00e5got som varit viktigt i framtagandet.\u00a0<\/p><p>\u2013 Jag ville g\u00f6ra n\u00e5got ingen annan hade, s\u00e4ger Rasmus.\u00a0<\/p>\t\t\t\t\t\t<\/div>\n\t\t\t\t<\/div>\n\t\t\t\t<div class=\"elementor-element elementor-element-3dcf21d elementor-widget elementor-widget-button\" data-id=\"3dcf21d\" data-element_type=\"widget\" data-widget_type=\"button.default\">\n\t\t\t\t<div class=\"elementor-widget-container\">\n\t\t\t\t\t<div class=\"elementor-button-wrapper\">\n\t\t\t<a class=\"elementor-button elementor-button-link elementor-size-sm\" href=\"https:\/\/nmevents.se\/snyggastemaskin\/galleri-volvo-l60h2\/\">\n\t\t\t\t\t\t<span class=\"elementor-button-content-wrapper\">\n\t\t\t\t\t\t<span class=\"elementor-button-text\">Se bilder p\u00e5 maskinen<\/span>\n\t\t<\/span>\n\t\t\t\t\t<\/a>\n\t\t<\/div>\n\t\t\t\t<\/div>\n\t\t\t\t<\/div>\n\t\t\t\t<\/div>\n\t\t\t\t\t<\/div>\n\t\t\t\t<\/div>\n\t\t<div class=\"elementor-element elementor-element-3ad62bc e-flex e-con-boxed e-con e-parent\" data-id=\"3ad62bc\" data-element_type=\"container\" data-core-v316-plus=\"true\">\n\t\t\t\t\t<div class=\"e-con-inner\">\n\t\t\t\t<div class=\"elementor-element elementor-element-99345b0 elementor-widget elementor-widget-spacer\" data-id=\"99345b0\" data-element_type=\"widget\" data-widget_type=\"spacer.default\">\n\t\t\t\t<div class=\"elementor-widget-container\">\n\t\t\t\t\t<div class=\"elementor-spacer\">\n\t\t\t<div class=\"elementor-spacer-inner\"><\/div>\n\t\t<\/div>\n\t\t\t\t<\/div>\n\t\t\t\t<\/div>\n\t\t\t\t\t<\/div>\n\t\t\t\t<\/div>\n\t\t\t\t<\/div>\n\t\t","protected":false},"excerpt":{"rendered":"<p>\u00c5RETS FINALISTER\u00a0 Lucas Magnusson\u00a0har tusentals f\u00f6ljare som vill se hans ombyggda Develon DX165, nu \u00e4r han finalist i Sveriges snyggaste maskin 2026.\u00a0 Med \u00f6ver 500 timmar bakom bygget har han skapat en maskin d\u00e4r n\u00e4stan inget \u00e4r standard. Egenbyggd hytt, nytt elsystem och genomt\u00e4nkt belysning pr\u00e4glar helheten.\u00a0Allt \u00e4r byggt f\u00f6r att fungera lika bra i [&hellip;]<\/p>\n","protected":false},"author":12,"featured_media":0,"parent":0,"menu_order":0,"comment_status":"closed","ping_status":"closed","template":"","meta":{"_acf_changed":false,"inline_featured_image":false,"footnotes":""},"acf":[],"_links":{"self":[{"href":"https:\/\/nmevents.se\/snyggastemaskin\/wp-json\/wp\/v2\/pages\/3482"}],"collection":[{"href":"https:\/\/nmevents.se\/snyggastemaskin\/wp-json\/wp\/v2\/pages"}],"about":[{"href":"https:\/\/nmevents.se\/snyggastemaskin\/wp-json\/wp\/v2\/types\/page"}],"author":[{"embeddable":true,"href":"https:\/\/nmevents.se\/snyggastemaskin\/wp-json\/wp\/v2\/users\/12"}],"replies":[{"embeddable":true,"href":"https:\/\/nmevents.se\/snyggastemaskin\/wp-json\/wp\/v2\/comments?post=3482"}],"version-history":[{"count":28,"href":"https:\/\/nmevents.se\/snyggastemaskin\/wp-json\/wp\/v2\/pages\/3482\/revisions"}],"predecessor-version":[{"id":3795,"href":"https:\/\/nmevents.se\/snyggastemaskin\/wp-json\/wp\/v2\/pages\/3482\/revisions\/3795"}],"wp:attachment":[{"href":"https:\/\/nmevents.se\/snyggastemaskin\/wp-json\/wp\/v2\/media?parent=3482"}],"curies":[{"name":"wp","href":"https:\/\/api.w.org\/{rel}","templated":true}]}}