{"id":1167,"date":"2024-09-19T16:08:07","date_gmt":"2024-09-19T14:08:07","guid":{"rendered":"https:\/\/nmevents.se\/trafokus2025\/?page_id=1167"},"modified":"2026-03-31T09:55:31","modified_gmt":"2026-03-31T07:55:31","slug":"anmalan","status":"publish","type":"page","link":"https:\/\/nmevents.se\/trafokus\/anmalan\/","title":{"rendered":"Anm\u00e4lan"},"content":{"rendered":"\t\t<div data-elementor-type=\"wp-page\" data-elementor-id=\"1167\" class=\"elementor elementor-1167\" data-elementor-post-type=\"page\">\n\t\t\t\t<div class=\"elementor-element elementor-element-ed62c7b e-flex e-con-boxed e-con e-parent\" data-id=\"ed62c7b\" data-element_type=\"container\" data-core-v316-plus=\"true\">\n\t\t\t\t\t<div class=\"e-con-inner\">\n\t\t\t\t<div class=\"elementor-element elementor-element-fb74a9a elementor-widget elementor-widget-spacer\" data-id=\"fb74a9a\" data-element_type=\"widget\" data-widget_type=\"spacer.default\">\n\t\t\t\t<div class=\"elementor-widget-container\">\n\t\t\t<style>\/*! elementor - v3.20.0 - 20-03-2024 *\/\n.elementor-column .elementor-spacer-inner{height:var(--spacer-size)}.e-con{--container-widget-width:100%}.e-con-inner>.elementor-widget-spacer,.e-con>.elementor-widget-spacer{width:var(--container-widget-width,var(--spacer-size));--align-self:var(--container-widget-align-self,initial);--flex-shrink:0}.e-con-inner>.elementor-widget-spacer>.elementor-widget-container,.e-con>.elementor-widget-spacer>.elementor-widget-container{height:100%;width:100%}.e-con-inner>.elementor-widget-spacer>.elementor-widget-container>.elementor-spacer,.e-con>.elementor-widget-spacer>.elementor-widget-container>.elementor-spacer{height:100%}.e-con-inner>.elementor-widget-spacer>.elementor-widget-container>.elementor-spacer>.elementor-spacer-inner,.e-con>.elementor-widget-spacer>.elementor-widget-container>.elementor-spacer>.elementor-spacer-inner{height:var(--container-widget-height,var(--spacer-size))}.e-con-inner>.elementor-widget-spacer.elementor-widget-empty,.e-con>.elementor-widget-spacer.elementor-widget-empty{position:relative;min-height:22px;min-width:22px}.e-con-inner>.elementor-widget-spacer.elementor-widget-empty .elementor-widget-empty-icon,.e-con>.elementor-widget-spacer.elementor-widget-empty .elementor-widget-empty-icon{position:absolute;top:0;bottom:0;left:0;right:0;margin:auto;padding:0;width:22px;height:22px}<\/style>\t\t<div class=\"elementor-spacer\">\n\t\t\t<div class=\"elementor-spacer-inner\"><\/div>\n\t\t<\/div>\n\t\t\t\t<\/div>\n\t\t\t\t<\/div>\n\t\t\t\t\t<\/div>\n\t\t\t\t<\/div>\n\t\t<div class=\"elementor-element elementor-element-fc977db e-flex e-con-boxed e-con e-parent\" data-id=\"fc977db\" data-element_type=\"container\" data-core-v316-plus=\"true\">\n\t\t\t\t\t<div class=\"e-con-inner\">\n\t\t<div class=\"elementor-element elementor-element-066aee1 e-con-full e-flex e-con e-child\" data-id=\"066aee1\" data-element_type=\"container\">\n\t\t\t\t<div class=\"elementor-element elementor-element-ee68a8d elementor-widget elementor-widget-text-editor\" data-id=\"ee68a8d\" data-element_type=\"widget\" data-widget_type=\"text-editor.default\">\n\t\t\t\t<div class=\"elementor-widget-container\">\n\t\t\t<style>\/*! elementor - v3.20.0 - 20-03-2024 *\/\n.elementor-widget-text-editor.elementor-drop-cap-view-stacked .elementor-drop-cap{background-color:#69727d;color:#fff}.elementor-widget-text-editor.elementor-drop-cap-view-framed .elementor-drop-cap{color:#69727d;border:3px solid;background-color:transparent}.elementor-widget-text-editor:not(.elementor-drop-cap-view-default) .elementor-drop-cap{margin-top:8px}.elementor-widget-text-editor:not(.elementor-drop-cap-view-default) .elementor-drop-cap-letter{width:1em;height:1em}.elementor-widget-text-editor .elementor-drop-cap{float:left;text-align:center;line-height:1;font-size:50px}.elementor-widget-text-editor .elementor-drop-cap-letter{display:inline-block}<\/style>\t\t\t\t<p>Anm\u00e4lan Tr\u00e4fokus V\u00e4sterbotten 2026<\/p>\t\t\t\t\t\t<\/div>\n\t\t\t\t<\/div>\n\t\t\t\t<div class=\"elementor-element elementor-element-d66274e elementor-widget elementor-widget-text-editor\" data-id=\"d66274e\" data-element_type=\"widget\" data-widget_type=\"text-editor.default\">\n\t\t\t\t<div class=\"elementor-widget-container\">\n\t\t\t\t\t\t\t<p><strong>Datum:<\/strong><br \/>Torsdag den 28 maj 2026.<br \/>Registreringen \u00f6ppnar 09:00 och konferensen avslutas 15:45<\/p><p><strong>Plats:<\/strong><br \/>Sara Kulturhus, Kanalgatan 43b, Skellefte\u00e5. <strong><a href=\"https:\/\/www.google.com\/maps\/place\/Sara+kulturhus\/@64.752049,20.953974,14z\/data=!4m6!3m5!1s0x467e956a72f45743:0xb09c9fbfb0428ba3!8m2!3d64.7520493!4d20.9539736!16s%2Fg%2F11h0_h1g09?hl=sv-SE&amp;entry=ttu&amp;g_ep=EgoyMDI2MDIyNS4wIKXMDSoASAFQAw%3D%3D\" target=\"_blank\" rel=\"noopener\">Hitta hit<\/a><\/strong>.\u00a0<\/p><p><strong>Pris:<\/strong><br \/>Deltagande kostar 1299 kr exkl. moms (25%).<br \/>I priset ing\u00e5r f\u00f6r- och eftermiddagsfika samt lunch.<\/p><p>Platserna \u00e4r begr\u00e4nsade, s\u00e4kra din plats redan idag. <br \/><strong>OBS!<\/strong> Specialkost m\u00e5ste meddelas senast den 14 maj.\u00a0<\/p>\t\t\t\t\t\t<\/div>\n\t\t\t\t<\/div>\n\t\t<div class=\"elementor-element elementor-element-f68d8f3 e-grid e-con-boxed e-con e-child\" data-id=\"f68d8f3\" data-element_type=\"container\">\n\t\t\t\t\t<div class=\"e-con-inner\">\n\t\t\t\t<div class=\"elementor-element elementor-element-410d78c elementor-widget elementor-widget-button\" data-id=\"410d78c\" data-element_type=\"widget\" data-widget_type=\"button.default\">\n\t\t\t\t<div class=\"elementor-widget-container\">\n\t\t\t\t\t<div class=\"elementor-button-wrapper\">\n\t\t\t<a class=\"elementor-button elementor-button-link elementor-size-sm\" href=\"https:\/\/www.trippus.se\/web\/registration\/Registration.aspx?view=registration&#038;idcategory=AB0ILBAtHdZMR17us6AOTS9s9T5F2abprP_ThFvOX4bh3HpU4Mhw31MkydsymjMP5mPe-kywPWW0&#038;ln=swe%20%20\" target=\"_blank\">\n\t\t\t\t\t\t<span class=\"elementor-button-content-wrapper\">\n\t\t\t\t\t\t<span class=\"elementor-button-text\">Anm\u00e4l dig h\u00e4r!<\/span>\n\t\t<\/span>\n\t\t\t\t\t<\/a>\n\t\t<\/div>\n\t\t\t\t<\/div>\n\t\t\t\t<\/div>\n\t\t\t\t\t<\/div>\n\t\t\t\t<\/div>\n\t\t\t\t<\/div>\n\t\t\t\t<div class=\"elementor-element elementor-element-4f18ec2 elementor-widget elementor-widget-spacer\" data-id=\"4f18ec2\" data-element_type=\"widget\" data-widget_type=\"spacer.default\">\n\t\t\t\t<div class=\"elementor-widget-container\">\n\t\t\t\t\t<div class=\"elementor-spacer\">\n\t\t\t<div class=\"elementor-spacer-inner\"><\/div>\n\t\t<\/div>\n\t\t\t\t<\/div>\n\t\t\t\t<\/div>\n\t\t<div class=\"elementor-element elementor-element-4d0d076 e-con-full e-flex e-con e-child\" data-id=\"4d0d076\" data-element_type=\"container\">\n\t\t\t\t<div class=\"elementor-element elementor-element-0f50470 elementor-widget elementor-widget-image\" data-id=\"0f50470\" data-element_type=\"widget\" data-widget_type=\"image.default\">\n\t\t\t\t<div class=\"elementor-widget-container\">\n\t\t\t<style>\/*! elementor - v3.20.0 - 20-03-2024 *\/\n.elementor-widget-image{text-align:center}.elementor-widget-image a{display:inline-block}.elementor-widget-image a img[src$=\".svg\"]{width:48px}.elementor-widget-image img{vertical-align:middle;display:inline-block}<\/style>\t\t\t\t\t\t\t\t\t\t<img fetchpriority=\"high\" decoding=\"async\" width=\"800\" height=\"534\" src=\"https:\/\/nmevents.se\/trafokus\/wp-content\/uploads\/sites\/55\/2025\/05\/trafokus25-54-1024x683.jpg\" class=\"attachment-large size-large wp-image-2938\" alt=\"\" srcset=\"https:\/\/nmevents.se\/trafokus\/wp-content\/uploads\/sites\/55\/2025\/05\/trafokus25-54-1024x683.jpg 1024w, https:\/\/nmevents.se\/trafokus\/wp-content\/uploads\/sites\/55\/2025\/05\/trafokus25-54-300x200.jpg 300w, https:\/\/nmevents.se\/trafokus\/wp-content\/uploads\/sites\/55\/2025\/05\/trafokus25-54-768x512.jpg 768w, https:\/\/nmevents.se\/trafokus\/wp-content\/uploads\/sites\/55\/2025\/05\/trafokus25-54-1536x1024.jpg 1536w, https:\/\/nmevents.se\/trafokus\/wp-content\/uploads\/sites\/55\/2025\/05\/trafokus25-54-2048x1365.jpg 2048w\" sizes=\"(max-width: 800px) 100vw, 800px\" \/>\t\t\t\t\t\t\t\t\t\t\t\t\t<\/div>\n\t\t\t\t<\/div>\n\t\t\t\t<\/div>\n\t\t\t\t\t<\/div>\n\t\t\t\t<\/div>\n\t\t<div class=\"elementor-element elementor-element-72053cd e-flex e-con-boxed e-con e-parent\" data-id=\"72053cd\" data-element_type=\"container\" data-core-v316-plus=\"true\">\n\t\t\t\t\t<div class=\"e-con-inner\">\n\t\t\t\t<div class=\"elementor-element elementor-element-e57f4aa elementor-widget elementor-widget-spacer\" data-id=\"e57f4aa\" data-element_type=\"widget\" data-widget_type=\"spacer.default\">\n\t\t\t\t<div class=\"elementor-widget-container\">\n\t\t\t\t\t<div class=\"elementor-spacer\">\n\t\t\t<div class=\"elementor-spacer-inner\"><\/div>\n\t\t<\/div>\n\t\t\t\t<\/div>\n\t\t\t\t<\/div>\n\t\t\t\t\t<\/div>\n\t\t\t\t<\/div>\n\t\t<div class=\"elementor-element elementor-element-fe1593a e-flex e-con-boxed e-con e-parent\" data-id=\"fe1593a\" data-element_type=\"container\" data-core-v316-plus=\"true\">\n\t\t\t\t\t<div class=\"e-con-inner\">\n\t\t\t\t<div class=\"elementor-element elementor-element-6c65879 elementor-widget-divider--view-line elementor-widget elementor-widget-divider\" data-id=\"6c65879\" data-element_type=\"widget\" data-widget_type=\"divider.default\">\n\t\t\t\t<div class=\"elementor-widget-container\">\n\t\t\t<style>\/*! elementor - v3.20.0 - 20-03-2024 *\/\n.elementor-widget-divider{--divider-border-style:none;--divider-border-width:1px;--divider-color:#0c0d0e;--divider-icon-size:20px;--divider-element-spacing:10px;--divider-pattern-height:24px;--divider-pattern-size:20px;--divider-pattern-url:none;--divider-pattern-repeat:repeat-x}.elementor-widget-divider .elementor-divider{display:flex}.elementor-widget-divider .elementor-divider__text{font-size:15px;line-height:1;max-width:95%}.elementor-widget-divider .elementor-divider__element{margin:0 var(--divider-element-spacing);flex-shrink:0}.elementor-widget-divider .elementor-icon{font-size:var(--divider-icon-size)}.elementor-widget-divider .elementor-divider-separator{display:flex;margin:0;direction:ltr}.elementor-widget-divider--view-line_icon .elementor-divider-separator,.elementor-widget-divider--view-line_text .elementor-divider-separator{align-items:center}.elementor-widget-divider--view-line_icon .elementor-divider-separator:after,.elementor-widget-divider--view-line_icon .elementor-divider-separator:before,.elementor-widget-divider--view-line_text .elementor-divider-separator:after,.elementor-widget-divider--view-line_text .elementor-divider-separator:before{display:block;content:\"\";border-block-end:0;flex-grow:1;border-block-start:var(--divider-border-width) var(--divider-border-style) var(--divider-color)}.elementor-widget-divider--element-align-left .elementor-divider .elementor-divider-separator>.elementor-divider__svg:first-of-type{flex-grow:0;flex-shrink:100}.elementor-widget-divider--element-align-left .elementor-divider-separator:before{content:none}.elementor-widget-divider--element-align-left .elementor-divider__element{margin-left:0}.elementor-widget-divider--element-align-right .elementor-divider .elementor-divider-separator>.elementor-divider__svg:last-of-type{flex-grow:0;flex-shrink:100}.elementor-widget-divider--element-align-right .elementor-divider-separator:after{content:none}.elementor-widget-divider--element-align-right .elementor-divider__element{margin-right:0}.elementor-widget-divider--element-align-start .elementor-divider .elementor-divider-separator>.elementor-divider__svg:first-of-type{flex-grow:0;flex-shrink:100}.elementor-widget-divider--element-align-start .elementor-divider-separator:before{content:none}.elementor-widget-divider--element-align-start .elementor-divider__element{margin-inline-start:0}.elementor-widget-divider--element-align-end .elementor-divider .elementor-divider-separator>.elementor-divider__svg:last-of-type{flex-grow:0;flex-shrink:100}.elementor-widget-divider--element-align-end .elementor-divider-separator:after{content:none}.elementor-widget-divider--element-align-end .elementor-divider__element{margin-inline-end:0}.elementor-widget-divider:not(.elementor-widget-divider--view-line_text):not(.elementor-widget-divider--view-line_icon) .elementor-divider-separator{border-block-start:var(--divider-border-width) var(--divider-border-style) var(--divider-color)}.elementor-widget-divider--separator-type-pattern{--divider-border-style:none}.elementor-widget-divider--separator-type-pattern.elementor-widget-divider--view-line .elementor-divider-separator,.elementor-widget-divider--separator-type-pattern:not(.elementor-widget-divider--view-line) .elementor-divider-separator:after,.elementor-widget-divider--separator-type-pattern:not(.elementor-widget-divider--view-line) .elementor-divider-separator:before,.elementor-widget-divider--separator-type-pattern:not([class*=elementor-widget-divider--view]) .elementor-divider-separator{width:100%;min-height:var(--divider-pattern-height);-webkit-mask-size:var(--divider-pattern-size) 100%;mask-size:var(--divider-pattern-size) 100%;-webkit-mask-repeat:var(--divider-pattern-repeat);mask-repeat:var(--divider-pattern-repeat);background-color:var(--divider-color);-webkit-mask-image:var(--divider-pattern-url);mask-image:var(--divider-pattern-url)}.elementor-widget-divider--no-spacing{--divider-pattern-size:auto}.elementor-widget-divider--bg-round{--divider-pattern-repeat:round}.rtl .elementor-widget-divider .elementor-divider__text{direction:rtl}.e-con-inner>.elementor-widget-divider,.e-con>.elementor-widget-divider{width:var(--container-widget-width,100%);--flex-grow:var(--container-widget-flex-grow)}<\/style>\t\t<div class=\"elementor-divider\">\n\t\t\t<span class=\"elementor-divider-separator\">\n\t\t\t\t\t\t<\/span>\n\t\t<\/div>\n\t\t\t\t<\/div>\n\t\t\t\t<\/div>\n\t\t\t\t\t<\/div>\n\t\t\t\t<\/div>\n\t\t<div class=\"elementor-element elementor-element-8dbe6b5 e-flex e-con-boxed e-con e-parent\" data-id=\"8dbe6b5\" data-element_type=\"container\" data-core-v316-plus=\"true\">\n\t\t\t\t\t<div class=\"e-con-inner\">\n\t\t\t\t<div class=\"elementor-element elementor-element-58a7938 elementor-widget elementor-widget-spacer\" data-id=\"58a7938\" data-element_type=\"widget\" data-widget_type=\"spacer.default\">\n\t\t\t\t<div class=\"elementor-widget-container\">\n\t\t\t\t\t<div class=\"elementor-spacer\">\n\t\t\t<div class=\"elementor-spacer-inner\"><\/div>\n\t\t<\/div>\n\t\t\t\t<\/div>\n\t\t\t\t<\/div>\n\t\t\t\t\t<\/div>\n\t\t\t\t<\/div>\n\t\t<div class=\"elementor-element elementor-element-43b712a e-flex e-con-boxed e-con e-parent\" data-id=\"43b712a\" data-element_type=\"container\" data-core-v316-plus=\"true\">\n\t\t\t\t\t<div class=\"e-con-inner\">\n\t\t<div class=\"elementor-element elementor-element-4fc8cff e-con-full e-flex e-con e-child\" data-id=\"4fc8cff\" data-element_type=\"container\">\n\t\t\t\t<div class=\"elementor-element elementor-element-86ae40e elementor-widget elementor-widget-text-editor\" data-id=\"86ae40e\" data-element_type=\"widget\" data-widget_type=\"text-editor.default\">\n\t\t\t\t<div class=\"elementor-widget-container\">\n\t\t\t\t\t\t\t<p>Hotell i Skellete\u00e5\u00a0<\/p>\t\t\t\t\t\t<\/div>\n\t\t\t\t<\/div>\n\t\t\t\t<\/div>\n\t\t<div class=\"elementor-element elementor-element-6cccd74 e-con-full e-flex e-con e-child\" data-id=\"6cccd74\" data-element_type=\"container\">\n\t\t\t\t<div class=\"elementor-element elementor-element-a074503 elementor-widget elementor-widget-spacer\" data-id=\"a074503\" data-element_type=\"widget\" data-widget_type=\"spacer.default\">\n\t\t\t\t<div class=\"elementor-widget-container\">\n\t\t\t\t\t<div class=\"elementor-spacer\">\n\t\t\t<div class=\"elementor-spacer-inner\"><\/div>\n\t\t<\/div>\n\t\t\t\t<\/div>\n\t\t\t\t<\/div>\n\t\t\t\t<\/div>\n\t\t\t\t\t<\/div>\n\t\t\t\t<\/div>\n\t\t<div class=\"elementor-element elementor-element-aacea72 e-flex e-con-boxed e-con e-parent\" data-id=\"aacea72\" data-element_type=\"container\" data-core-v316-plus=\"true\">\n\t\t\t\t\t<div class=\"e-con-inner\">\n\t\t<div class=\"elementor-element elementor-element-13106d7 e-con-full e-flex e-con e-child\" data-id=\"13106d7\" data-element_type=\"container\">\n\t\t\t\t<div class=\"elementor-element elementor-element-41c5e58 elementor-widget elementor-widget-text-editor\" data-id=\"41c5e58\" data-element_type=\"widget\" data-widget_type=\"text-editor.default\">\n\t\t\t\t<div class=\"elementor-widget-container\">\n\t\t\t\t\t\t\t<p>F\u00f6r dig som anm\u00e4ler dig till konferensen Tr\u00e4fokus V\u00e4sterbotten har vi blockat rum f\u00f6r bokning som g\u00f6rs direkt hos respektive akt\u00f6r. Under konferensperioden r\u00e5der h\u00f6g efterfr\u00e5gan p\u00e5 boende i Skellefte\u00e5, s\u00e5 s\u00e4kra g\u00e4rna ditt boende s\u00e5 snart som m\u00f6jligt. Hotellen har blockat rum f\u00f6r bokning senast 28 April.<\/p>\t\t\t\t\t\t<\/div>\n\t\t\t\t<\/div>\n\t\t\t\t<div class=\"elementor-element elementor-element-f20b288 elementor-widget elementor-widget-text-editor\" data-id=\"f20b288\" data-element_type=\"widget\" data-widget_type=\"text-editor.default\">\n\t\t\t\t<div class=\"elementor-widget-container\">\n\t\t\t\t\t\t\t<p><strong>Hotel Aurum<\/strong><\/p>\t\t\t\t\t\t<\/div>\n\t\t\t\t<\/div>\n\t\t\t\t<div class=\"elementor-element elementor-element-32e9a3f elementor-widget elementor-widget-text-editor\" data-id=\"32e9a3f\" data-element_type=\"widget\" data-widget_type=\"text-editor.default\">\n\t\t\t\t<div class=\"elementor-widget-container\">\n\t\t\t\t\t\t\t<p><strong>Adress: <\/strong>Gymnasiev\u00e4gen 12, 937 57, Skellefte\u00e5<\/p><p><strong>Priser: <\/strong>20 enkelrum \u2013 1 249 kr\/person<\/p><p>Maila f\u00f6r bokning <a href=\"mailto:Bokning@aurumhotel.se\">Bokning@aurumhotel.se<\/a> viktigt att uppge <strong>koden 25781<\/strong>\u00a0f\u00f6r r\u00e4tt pris.<\/p><p><strong>OBS!<\/strong> Sista dag f\u00f6r att boka hotell \u00e4r den 28 april.\u00a0<\/p>\t\t\t\t\t\t<\/div>\n\t\t\t\t<\/div>\n\t\t\t\t<div class=\"elementor-element elementor-element-770b9cf elementor-widget elementor-widget-button\" data-id=\"770b9cf\" data-element_type=\"widget\" data-widget_type=\"button.default\">\n\t\t\t\t<div class=\"elementor-widget-container\">\n\t\t\t\t\t<div class=\"elementor-button-wrapper\">\n\t\t\t<a class=\"elementor-button elementor-button-link elementor-size-sm\" href=\"mailto:Bokning@aurumhotel.se\" target=\"_blank\">\n\t\t\t\t\t\t<span class=\"elementor-button-content-wrapper\">\n\t\t\t\t\t\t<span class=\"elementor-button-text\">F\u00f6r bokning<\/span>\n\t\t<\/span>\n\t\t\t\t\t<\/a>\n\t\t<\/div>\n\t\t\t\t<\/div>\n\t\t\t\t<\/div>\n\t\t\t\t<\/div>\n\t\t\t\t<div class=\"elementor-element elementor-element-c8d8af4 elementor-widget elementor-widget-spacer\" data-id=\"c8d8af4\" data-element_type=\"widget\" data-widget_type=\"spacer.default\">\n\t\t\t\t<div class=\"elementor-widget-container\">\n\t\t\t\t\t<div class=\"elementor-spacer\">\n\t\t\t<div class=\"elementor-spacer-inner\"><\/div>\n\t\t<\/div>\n\t\t\t\t<\/div>\n\t\t\t\t<\/div>\n\t\t<div class=\"elementor-element elementor-element-bdbfa75 e-con-full e-flex e-con e-child\" data-id=\"bdbfa75\" data-element_type=\"container\">\n\t\t\t\t<div class=\"elementor-element elementor-element-1d31b03 elementor-widget elementor-widget-text-editor\" data-id=\"1d31b03\" data-element_type=\"widget\" data-widget_type=\"text-editor.default\">\n\t\t\t\t<div class=\"elementor-widget-container\">\n\t\t\t\t\t\t\t<p><strong>Medlefors hotell och konferens<\/strong><\/p>\t\t\t\t\t\t<\/div>\n\t\t\t\t<\/div>\n\t\t\t\t<div class=\"elementor-element elementor-element-6cdb61b elementor-widget elementor-widget-text-editor\" data-id=\"6cdb61b\" data-element_type=\"widget\" data-widget_type=\"text-editor.default\">\n\t\t\t\t<div class=\"elementor-widget-container\">\n\t\t\t\t\t\t\t<p><strong>Adress: <\/strong>Medleforsv\u00e4gen 2, 931 45 Skellefte\u00e5<\/p><p><strong>Priset: <\/strong>Enkelrum 1 482kr, Dubbelrum 1 662kr\/person.<\/p><p><strong>Bokningssida:<\/strong> <a href=\"https:\/\/boka.medlefors.se\/campaign\/campaign-details?channelId=272b2f7e-3eee-41c5-8b0f-b66b7a453a08&amp;campaignId=bc35dc2d-cb35-4e6c-9008-9f4af7154b31\">https:\/\/boka.medlefors.se\/campaign\/campaign-details?channelId=272b2f7e-3eee-41c5-8b0f-b66b7a453a08&amp;campaignId=bc35dc2d-cb35-4e6c-9008-9f4af7154b31<\/a><\/p><p>Viktigt att uppge<strong>\u00a0rabattkod Tr\u00e4fokus <\/strong>f\u00f6r r\u00e4tt pris. Du hittar koden l\u00e4ngs upp till h\u00f6ger eller l\u00e4ngst ner till v\u00e4nster p\u00e5 kampanjsidan.<\/p><p><strong>OBS!<\/strong> Sista dag f\u00f6r att boka hotell \u00e4r den 28 april.\u00a0<\/p>\t\t\t\t\t\t<\/div>\n\t\t\t\t<\/div>\n\t\t\t\t<div class=\"elementor-element elementor-element-1963073 elementor-widget elementor-widget-button\" data-id=\"1963073\" data-element_type=\"widget\" data-widget_type=\"button.default\">\n\t\t\t\t<div class=\"elementor-widget-container\">\n\t\t\t\t\t<div class=\"elementor-button-wrapper\">\n\t\t\t<a class=\"elementor-button elementor-button-link elementor-size-sm\" href=\"https:\/\/boka.medlefors.se\/campaign\/campaign-details?channelId=272b2f7e-3eee-41c5-8b0f-b66b7a453a08&#038;campaignId=bc35dc2d-cb35-4e6c-9008-9f4af7154b31\" target=\"_blank\">\n\t\t\t\t\t\t<span class=\"elementor-button-content-wrapper\">\n\t\t\t\t\t\t<span class=\"elementor-button-text\">F\u00f6r bokning<\/span>\n\t\t<\/span>\n\t\t\t\t\t<\/a>\n\t\t<\/div>\n\t\t\t\t<\/div>\n\t\t\t\t<\/div>\n\t\t\t\t<\/div>\n\t\t\t\t\t<\/div>\n\t\t\t\t<\/div>\n\t\t<div class=\"elementor-element elementor-element-f29f8c2 e-flex e-con-boxed e-con e-parent\" data-id=\"f29f8c2\" data-element_type=\"container\" data-core-v316-plus=\"true\">\n\t\t\t\t\t<div class=\"e-con-inner\">\n\t\t\t\t<div class=\"elementor-element elementor-element-1c5d4bf elementor-widget elementor-widget-spacer\" data-id=\"1c5d4bf\" data-element_type=\"widget\" data-widget_type=\"spacer.default\">\n\t\t\t\t<div class=\"elementor-widget-container\">\n\t\t\t\t\t<div class=\"elementor-spacer\">\n\t\t\t<div class=\"elementor-spacer-inner\"><\/div>\n\t\t<\/div>\n\t\t\t\t<\/div>\n\t\t\t\t<\/div>\n\t\t\t\t\t<\/div>\n\t\t\t\t<\/div>\n\t\t\t\t<\/div>\n\t\t","protected":false},"excerpt":{"rendered":"<p>Anm\u00e4lan Tr\u00e4fokus V\u00e4sterbotten 2026 Datum:Torsdag den 28 maj 2026.Registreringen \u00f6ppnar 09:00 och konferensen avslutas 15:45 Plats:Sara Kulturhus, Kanalgatan 43b, Skellefte\u00e5. Hitta hit.\u00a0 Pris:Deltagande kostar 1299 kr exkl. moms (25%).I priset ing\u00e5r f\u00f6r- och eftermiddagsfika samt lunch. Platserna \u00e4r begr\u00e4nsade, s\u00e4kra din plats redan idag. OBS! Specialkost m\u00e5ste meddelas senast den 14 maj.\u00a0 Anm\u00e4l dig h\u00e4r! [&hellip;]<\/p>\n","protected":false},"author":21,"featured_media":0,"parent":0,"menu_order":0,"comment_status":"closed","ping_status":"closed","template":"","meta":{"_acf_changed":false,"footnotes":""},"acf":[],"_links":{"self":[{"href":"https:\/\/nmevents.se\/trafokus\/wp-json\/wp\/v2\/pages\/1167"}],"collection":[{"href":"https:\/\/nmevents.se\/trafokus\/wp-json\/wp\/v2\/pages"}],"about":[{"href":"https:\/\/nmevents.se\/trafokus\/wp-json\/wp\/v2\/types\/page"}],"author":[{"embeddable":true,"href":"https:\/\/nmevents.se\/trafokus\/wp-json\/wp\/v2\/users\/21"}],"replies":[{"embeddable":true,"href":"https:\/\/nmevents.se\/trafokus\/wp-json\/wp\/v2\/comments?post=1167"}],"version-history":[{"count":102,"href":"https:\/\/nmevents.se\/trafokus\/wp-json\/wp\/v2\/pages\/1167\/revisions"}],"predecessor-version":[{"id":3251,"href":"https:\/\/nmevents.se\/trafokus\/wp-json\/wp\/v2\/pages\/1167\/revisions\/3251"}],"wp:attachment":[{"href":"https:\/\/nmevents.se\/trafokus\/wp-json\/wp\/v2\/media?parent=1167"}],"curies":[{"name":"wp","href":"https:\/\/api.w.org\/{rel}","templated":true}]}}