{"id":600,"date":"2023-11-29T14:13:13","date_gmt":"2023-11-29T12:13:13","guid":{"rendered":"https:\/\/eventdk.nordiske-medier.dk\/pack-point-nordic\/?page_id=600"},"modified":"2026-02-04T13:19:43","modified_gmt":"2026-02-04T12:19:43","slug":"partner","status":"publish","type":"page","link":"https:\/\/nmevents.se\/trafokus\/partner\/","title":{"rendered":"Partnerskap"},"content":{"rendered":"\t\t<div data-elementor-type=\"wp-page\" data-elementor-id=\"600\" class=\"elementor elementor-600\" data-elementor-post-type=\"page\">\n\t\t\t\t<div class=\"elementor-element elementor-element-01df4a1 e-flex e-con-boxed e-con e-parent\" data-id=\"01df4a1\" data-element_type=\"container\" data-core-v316-plus=\"true\">\n\t\t\t\t\t<div class=\"e-con-inner\">\n\t\t\t\t<div class=\"elementor-element elementor-element-779d468 elementor-widget elementor-widget-spacer\" data-id=\"779d468\" data-element_type=\"widget\" data-widget_type=\"spacer.default\">\n\t\t\t\t<div class=\"elementor-widget-container\">\n\t\t\t<style>\/*! elementor - v3.20.0 - 20-03-2024 *\/\n.elementor-column .elementor-spacer-inner{height:var(--spacer-size)}.e-con{--container-widget-width:100%}.e-con-inner>.elementor-widget-spacer,.e-con>.elementor-widget-spacer{width:var(--container-widget-width,var(--spacer-size));--align-self:var(--container-widget-align-self,initial);--flex-shrink:0}.e-con-inner>.elementor-widget-spacer>.elementor-widget-container,.e-con>.elementor-widget-spacer>.elementor-widget-container{height:100%;width:100%}.e-con-inner>.elementor-widget-spacer>.elementor-widget-container>.elementor-spacer,.e-con>.elementor-widget-spacer>.elementor-widget-container>.elementor-spacer{height:100%}.e-con-inner>.elementor-widget-spacer>.elementor-widget-container>.elementor-spacer>.elementor-spacer-inner,.e-con>.elementor-widget-spacer>.elementor-widget-container>.elementor-spacer>.elementor-spacer-inner{height:var(--container-widget-height,var(--spacer-size))}.e-con-inner>.elementor-widget-spacer.elementor-widget-empty,.e-con>.elementor-widget-spacer.elementor-widget-empty{position:relative;min-height:22px;min-width:22px}.e-con-inner>.elementor-widget-spacer.elementor-widget-empty .elementor-widget-empty-icon,.e-con>.elementor-widget-spacer.elementor-widget-empty .elementor-widget-empty-icon{position:absolute;top:0;bottom:0;left:0;right:0;margin:auto;padding:0;width:22px;height:22px}<\/style>\t\t<div class=\"elementor-spacer\">\n\t\t\t<div class=\"elementor-spacer-inner\"><\/div>\n\t\t<\/div>\n\t\t\t\t<\/div>\n\t\t\t\t<\/div>\n\t\t\t\t\t<\/div>\n\t\t\t\t<\/div>\n\t\t<div class=\"elementor-element elementor-element-482e3e3 e-flex e-con-boxed e-con e-parent\" data-id=\"482e3e3\" data-element_type=\"container\" data-core-v316-plus=\"true\">\n\t\t\t\t\t<div class=\"e-con-inner\">\n\t\t<div class=\"elementor-element elementor-element-2027e17 e-con-full e-flex e-con e-child\" data-id=\"2027e17\" data-element_type=\"container\">\n\t\t\t\t<div class=\"elementor-element elementor-element-c798774 elementor-widget elementor-widget-text-editor\" data-id=\"c798774\" data-element_type=\"widget\" data-widget_type=\"text-editor.default\">\n\t\t\t\t<div class=\"elementor-widget-container\">\n\t\t\t<style>\/*! elementor - v3.20.0 - 20-03-2024 *\/\n.elementor-widget-text-editor.elementor-drop-cap-view-stacked .elementor-drop-cap{background-color:#69727d;color:#fff}.elementor-widget-text-editor.elementor-drop-cap-view-framed .elementor-drop-cap{color:#69727d;border:3px solid;background-color:transparent}.elementor-widget-text-editor:not(.elementor-drop-cap-view-default) .elementor-drop-cap{margin-top:8px}.elementor-widget-text-editor:not(.elementor-drop-cap-view-default) .elementor-drop-cap-letter{width:1em;height:1em}.elementor-widget-text-editor .elementor-drop-cap{float:left;text-align:center;line-height:1;font-size:50px}.elementor-widget-text-editor .elementor-drop-cap-letter{display:inline-block}<\/style>\t\t\t\t<p><span class=\"\">Delta som utst\u00e4llare och partner<\/span><\/p>\t\t\t\t\t\t<\/div>\n\t\t\t\t<\/div>\n\t\t\t\t<div class=\"elementor-element elementor-element-acc0943 elementor-widget elementor-widget-text-editor\" data-id=\"acc0943\" data-element_type=\"widget\" data-widget_type=\"text-editor.default\">\n\t\t\t\t<div class=\"elementor-widget-container\">\n\t\t\t\t\t\t\t<p>Den 28 maj 2026 samlar vi branschens akt\u00f6rer f\u00f6r Tr\u00e4fokus V\u00e4sterbotten i Skellefte\u00e5 \u2013 en heldagskonferens som fokuserar p\u00e5 tr\u00e4byggandets m\u00f6jligheter, innovation och framtidens tr\u00e4industri. Var med som partner och bidra till en inspirerande och framtidsinriktad m\u00f6tesplats d\u00e4r ledande akt\u00f6rer m\u00f6ts.<\/p>\t\t\t\t\t\t<\/div>\n\t\t\t\t<\/div>\n\t\t\t\t<div class=\"elementor-element elementor-element-e1a6397 elementor-widget elementor-widget-text-editor\" data-id=\"e1a6397\" data-element_type=\"widget\" data-widget_type=\"text-editor.default\">\n\t\t\t\t<div class=\"elementor-widget-container\">\n\t\t\t\t\t\t\t<p><span class=\"\">Varf\u00f6r bli partner?<\/span><\/p>\t\t\t\t\t\t<\/div>\n\t\t\t\t<\/div>\n\t\t\t\t<div class=\"elementor-element elementor-element-2ba8df6 elementor-widget elementor-widget-text-editor\" data-id=\"2ba8df6\" data-element_type=\"widget\" data-widget_type=\"text-editor.default\">\n\t\t\t\t<div class=\"elementor-widget-container\">\n\t\t\t\t\t\t\t<p>Som partner till Tr\u00e4fokus \u00e4r du med och driver omst\u00e4llningen mot en\u00a0<strong>fossilfri v\u00e4rdekedja<\/strong>\u00a0inom tr\u00e4byggandet. Konferensen samlar nyckelakt\u00f6rer fr\u00e5n industri, byggsektor, forskning, politik och offentlig f\u00f6rvaltning f\u00f6r att diskutera innovation, \u00e5terbruk, lagar och aff\u00e4rsmodeller som formar framtidens konkurrenskraft.<\/p>\t\t\t\t\t\t<\/div>\n\t\t\t\t<\/div>\n\t\t\t\t<div class=\"elementor-element elementor-element-c2383c4 elementor-widget elementor-widget-text-editor\" data-id=\"c2383c4\" data-element_type=\"widget\" data-widget_type=\"text-editor.default\">\n\t\t\t\t<div class=\"elementor-widget-container\">\n\t\t\t\t\t\t\t<ul><li><strong>P\u00e5verka branschens agenda<\/strong>\u00a0genom dialog med industri, forskare, politiker samt byggsektorn<\/li><li><strong>Visa l\u00f6sningar och positionera varum\u00e4rket<\/strong>\u00a0i den fossilfria omst\u00e4llningen<\/li><li><strong>Ta del av konkreta case och projekt<\/strong>\u00a0inom r\u00e5vara, produkter, \u00e5terbruk och lagstiftning<\/li><li><strong>Bygga relevanta relationer<\/strong>\u00a0l\u00e4ngs hela v\u00e4rdekedjan<\/li><\/ul><div><p>Programmet lanseras v\u00e5ren 2026 och uppdateras l\u00f6pande fram till konferensen.<\/p><\/div>\t\t\t\t\t\t<\/div>\n\t\t\t\t<\/div>\n\t\t\t\t<\/div>\n\t\t\t\t<div class=\"elementor-element elementor-element-67b6804 elementor-widget elementor-widget-spacer\" data-id=\"67b6804\" data-element_type=\"widget\" data-widget_type=\"spacer.default\">\n\t\t\t\t<div class=\"elementor-widget-container\">\n\t\t\t\t\t<div class=\"elementor-spacer\">\n\t\t\t<div class=\"elementor-spacer-inner\"><\/div>\n\t\t<\/div>\n\t\t\t\t<\/div>\n\t\t\t\t<\/div>\n\t\t<div class=\"elementor-element elementor-element-ed10a70 e-con-full e-flex e-con e-child\" data-id=\"ed10a70\" data-element_type=\"container\">\n\t\t\t\t<div class=\"elementor-element elementor-element-3ca613f elementor-widget elementor-widget-image\" data-id=\"3ca613f\" data-element_type=\"widget\" data-widget_type=\"image.default\">\n\t\t\t\t<div class=\"elementor-widget-container\">\n\t\t\t<style>\/*! elementor - v3.20.0 - 20-03-2024 *\/\n.elementor-widget-image{text-align:center}.elementor-widget-image a{display:inline-block}.elementor-widget-image a img[src$=\".svg\"]{width:48px}.elementor-widget-image img{vertical-align:middle;display:inline-block}<\/style>\t\t\t\t\t\t\t\t\t\t<img fetchpriority=\"high\" decoding=\"async\" width=\"800\" height=\"800\" src=\"https:\/\/nmevents.se\/trafokus\/wp-content\/uploads\/sites\/55\/2026\/01\/trafokus25-42_3-1024x1024.jpg\" class=\"attachment-large size-large wp-image-3029\" alt=\"\" srcset=\"https:\/\/nmevents.se\/trafokus\/wp-content\/uploads\/sites\/55\/2026\/01\/trafokus25-42_3-1024x1024.jpg 1024w, https:\/\/nmevents.se\/trafokus\/wp-content\/uploads\/sites\/55\/2026\/01\/trafokus25-42_3-300x300.jpg 300w, https:\/\/nmevents.se\/trafokus\/wp-content\/uploads\/sites\/55\/2026\/01\/trafokus25-42_3-150x150.jpg 150w, https:\/\/nmevents.se\/trafokus\/wp-content\/uploads\/sites\/55\/2026\/01\/trafokus25-42_3-768x768.jpg 768w, https:\/\/nmevents.se\/trafokus\/wp-content\/uploads\/sites\/55\/2026\/01\/trafokus25-42_3.jpg 1500w\" sizes=\"(max-width: 800px) 100vw, 800px\" \/>\t\t\t\t\t\t\t\t\t\t\t\t\t<\/div>\n\t\t\t\t<\/div>\n\t\t\t\t<\/div>\n\t\t\t\t\t<\/div>\n\t\t\t\t<\/div>\n\t\t<div class=\"elementor-element elementor-element-ad74c88 e-flex e-con-boxed e-con e-parent\" data-id=\"ad74c88\" data-element_type=\"container\" data-core-v316-plus=\"true\">\n\t\t\t\t\t<div class=\"e-con-inner\">\n\t\t\t\t<div class=\"elementor-element elementor-element-d2d49dd elementor-widget elementor-widget-spacer\" data-id=\"d2d49dd\" data-element_type=\"widget\" data-widget_type=\"spacer.default\">\n\t\t\t\t<div class=\"elementor-widget-container\">\n\t\t\t\t\t<div class=\"elementor-spacer\">\n\t\t\t<div class=\"elementor-spacer-inner\"><\/div>\n\t\t<\/div>\n\t\t\t\t<\/div>\n\t\t\t\t<\/div>\n\t\t\t\t\t<\/div>\n\t\t\t\t<\/div>\n\t\t<div class=\"elementor-element elementor-element-1a54251 e-con-full e-flex e-con e-parent\" data-id=\"1a54251\" data-element_type=\"container\" data-core-v316-plus=\"true\">\n\t\t<div class=\"elementor-element elementor-element-bad3fb1 e-con-full e-flex e-con e-child\" data-id=\"bad3fb1\" data-element_type=\"container\">\n\t\t\t\t<div class=\"elementor-element elementor-element-c37a68c elementor-widget elementor-widget-text-editor\" data-id=\"c37a68c\" data-element_type=\"widget\" data-widget_type=\"text-editor.default\">\n\t\t\t\t<div class=\"elementor-widget-container\">\n\t\t\t\t\t\t\t<p>Partnerpaket<\/p>\t\t\t\t\t\t<\/div>\n\t\t\t\t<\/div>\n\t\t\t\t<\/div>\n\t\t\t\t<\/div>\n\t\t<div class=\"elementor-element elementor-element-39e3f4b e-flex e-con-boxed e-con e-parent\" data-id=\"39e3f4b\" data-element_type=\"container\" data-core-v316-plus=\"true\">\n\t\t\t\t\t<div class=\"e-con-inner\">\n\t\t\t\t<div class=\"elementor-element elementor-element-af1c13f elementor-widget elementor-widget-spacer\" data-id=\"af1c13f\" data-element_type=\"widget\" data-widget_type=\"spacer.default\">\n\t\t\t\t<div class=\"elementor-widget-container\">\n\t\t\t\t\t<div class=\"elementor-spacer\">\n\t\t\t<div class=\"elementor-spacer-inner\"><\/div>\n\t\t<\/div>\n\t\t\t\t<\/div>\n\t\t\t\t<\/div>\n\t\t\t\t\t<\/div>\n\t\t\t\t<\/div>\n\t\t<div class=\"elementor-element elementor-element-3f38c65 e-con-full e-flex e-con e-parent\" data-id=\"3f38c65\" data-element_type=\"container\" data-core-v316-plus=\"true\">\n\t\t<div class=\"elementor-element elementor-element-16c0ee9 e-flex e-con-boxed e-con e-child\" data-id=\"16c0ee9\" data-element_type=\"container\">\n\t\t\t\t\t<div class=\"e-con-inner\">\n\t\t<div class=\"elementor-element elementor-element-1645c8c e-con-full e-flex e-con e-child\" data-id=\"1645c8c\" data-element_type=\"container\">\n\t\t\t\t<div class=\"elementor-element elementor-element-060e800 elementor-widget elementor-widget-text-editor\" data-id=\"060e800\" data-element_type=\"widget\" data-widget_type=\"text-editor.default\">\n\t\t\t\t<div class=\"elementor-widget-container\">\n\t\t\t\t\t\t\t<p>Huvudpartner<\/p>\t\t\t\t\t\t<\/div>\n\t\t\t\t<\/div>\n\t\t\t\t<div class=\"elementor-element elementor-element-a205356 elementor-widget elementor-widget-text-editor\" data-id=\"a205356\" data-element_type=\"widget\" data-widget_type=\"text-editor.default\">\n\t\t\t\t<div class=\"elementor-widget-container\">\n\t\t\t\t\t\t\t<p>\u2022 St\u00f6rre logotype, marknadsf\u00f6rs som huvudpartner i all marknadsf\u00f6ring som g\u00f6rs f\u00f6re, under och efter konferensen.<\/p><p>\u2022 St\u00f6rre Table top utst\u00e4llningsplats inkl 2 st\u00e5bord.<\/p><p>\u2022 Tillg\u00e5ng till deltagarlista<\/p><p>\u2022 3 deltagare\u00a0<\/p>\t\t\t\t\t\t<\/div>\n\t\t\t\t<\/div>\n\t\t\t\t<div class=\"elementor-element elementor-element-04fd434 elementor-widget elementor-widget-text-editor\" data-id=\"04fd434\" data-element_type=\"widget\" data-widget_type=\"text-editor.default\">\n\t\t\t\t<div class=\"elementor-widget-container\">\n\t\t\t\t\t\t\t<p><strong>Pris: 59 000 kr<\/strong><\/p>\t\t\t\t\t\t<\/div>\n\t\t\t\t<\/div>\n\t\t\t\t<\/div>\n\t\t\t\t<div class=\"elementor-element elementor-element-f0544aa elementor-widget elementor-widget-spacer\" data-id=\"f0544aa\" data-element_type=\"widget\" data-widget_type=\"spacer.default\">\n\t\t\t\t<div class=\"elementor-widget-container\">\n\t\t\t\t\t<div class=\"elementor-spacer\">\n\t\t\t<div class=\"elementor-spacer-inner\"><\/div>\n\t\t<\/div>\n\t\t\t\t<\/div>\n\t\t\t\t<\/div>\n\t\t<div class=\"elementor-element elementor-element-e750d02 e-con-full e-flex e-con e-child\" data-id=\"e750d02\" data-element_type=\"container\">\n\t\t\t\t<div class=\"elementor-element elementor-element-8071cb2 elementor-widget elementor-widget-text-editor\" data-id=\"8071cb2\" data-element_type=\"widget\" data-widget_type=\"text-editor.default\">\n\t\t\t\t<div class=\"elementor-widget-container\">\n\t\t\t\t\t\t\t<p>Partner<\/p>\t\t\t\t\t\t<\/div>\n\t\t\t\t<\/div>\n\t\t\t\t<div class=\"elementor-element elementor-element-6527060 elementor-widget elementor-widget-text-editor\" data-id=\"6527060\" data-element_type=\"widget\" data-widget_type=\"text-editor.default\">\n\t\t\t\t<div class=\"elementor-widget-container\">\n\t\t\t\t\t\t\t<p>\u2022 Table top utst\u00e4llningsplats inkl 1 st\u00e5bord.<\/p>\n<p>\u2022 Logotype i all marknadsf\u00f6ring som g\u00f6rs f\u00f6re, under och efter konferensen.<\/p>\n<p>\u2022 Tillg\u00e5ng till deltagarlista.<\/p>\n<p>\u2022 2 deltagare&nbsp;<\/p><p><br><\/p>\n<p><\/p>\t\t\t\t\t\t<\/div>\n\t\t\t\t<\/div>\n\t\t\t\t<div class=\"elementor-element elementor-element-06528dc elementor-widget elementor-widget-spacer\" data-id=\"06528dc\" data-element_type=\"widget\" data-widget_type=\"spacer.default\">\n\t\t\t\t<div class=\"elementor-widget-container\">\n\t\t\t\t\t<div class=\"elementor-spacer\">\n\t\t\t<div class=\"elementor-spacer-inner\"><\/div>\n\t\t<\/div>\n\t\t\t\t<\/div>\n\t\t\t\t<\/div>\n\t\t\t\t<div class=\"elementor-element elementor-element-dbb5a97 elementor-widget elementor-widget-text-editor\" data-id=\"dbb5a97\" data-element_type=\"widget\" data-widget_type=\"text-editor.default\">\n\t\t\t\t<div class=\"elementor-widget-container\">\n\t\t\t\t\t\t\t<p><strong>Pris: 29\u2009000 kr<\/strong><\/p>\t\t\t\t\t\t<\/div>\n\t\t\t\t<\/div>\n\t\t\t\t<\/div>\n\t\t\t\t<div class=\"elementor-element elementor-element-cf6b354 elementor-widget elementor-widget-spacer\" data-id=\"cf6b354\" data-element_type=\"widget\" data-widget_type=\"spacer.default\">\n\t\t\t\t<div class=\"elementor-widget-container\">\n\t\t\t\t\t<div class=\"elementor-spacer\">\n\t\t\t<div class=\"elementor-spacer-inner\"><\/div>\n\t\t<\/div>\n\t\t\t\t<\/div>\n\t\t\t\t<\/div>\n\t\t<div class=\"elementor-element elementor-element-1e67226 e-con-full e-flex e-con e-child\" data-id=\"1e67226\" data-element_type=\"container\">\n\t\t\t\t<div class=\"elementor-element elementor-element-07f101e elementor-widget elementor-widget-text-editor\" data-id=\"07f101e\" data-element_type=\"widget\" data-widget_type=\"text-editor.default\">\n\t\t\t\t<div class=\"elementor-widget-container\">\n\t\t\t\t\t\t\t<p>Eventsponsor<\/p>\t\t\t\t\t\t<\/div>\n\t\t\t\t<\/div>\n\t\t\t\t<div class=\"elementor-element elementor-element-cf12dfa elementor-widget elementor-widget-text-editor\" data-id=\"cf12dfa\" data-element_type=\"widget\" data-widget_type=\"text-editor.default\">\n\t\t\t\t<div class=\"elementor-widget-container\">\n\t\t\t\t\t\t\t<p>\u2022 Logotype i all marknadsf\u00f6ring som g\u00f6rs f\u00f6re, <br>under och efter konferensen.<\/p>\n<p><\/p>\t\t\t\t\t\t<\/div>\n\t\t\t\t<\/div>\n\t\t\t\t<div class=\"elementor-element elementor-element-ec2a724 elementor-widget elementor-widget-spacer\" data-id=\"ec2a724\" data-element_type=\"widget\" data-widget_type=\"spacer.default\">\n\t\t\t\t<div class=\"elementor-widget-container\">\n\t\t\t\t\t<div class=\"elementor-spacer\">\n\t\t\t<div class=\"elementor-spacer-inner\"><\/div>\n\t\t<\/div>\n\t\t\t\t<\/div>\n\t\t\t\t<\/div>\n\t\t\t\t<div class=\"elementor-element elementor-element-0c909a5 elementor-widget elementor-widget-text-editor\" data-id=\"0c909a5\" data-element_type=\"widget\" data-widget_type=\"text-editor.default\">\n\t\t\t\t<div class=\"elementor-widget-container\">\n\t\t\t\t\t\t\t<p><strong>Pris: 15\u2009000 kr<\/strong><\/p>\t\t\t\t\t\t<\/div>\n\t\t\t\t<\/div>\n\t\t\t\t<\/div>\n\t\t\t\t\t<\/div>\n\t\t\t\t<\/div>\n\t\t\t\t<\/div>\n\t\t<div class=\"elementor-element elementor-element-a526699 e-con-full e-flex e-con e-parent\" data-id=\"a526699\" data-element_type=\"container\" data-core-v316-plus=\"true\">\n\t\t\t\t<div class=\"elementor-element elementor-element-2118b6a elementor-widget elementor-widget-spacer\" data-id=\"2118b6a\" data-element_type=\"widget\" data-widget_type=\"spacer.default\">\n\t\t\t\t<div class=\"elementor-widget-container\">\n\t\t\t\t\t<div class=\"elementor-spacer\">\n\t\t\t<div class=\"elementor-spacer-inner\"><\/div>\n\t\t<\/div>\n\t\t\t\t<\/div>\n\t\t\t\t<\/div>\n\t\t\t\t<div class=\"elementor-element elementor-element-413dc3a elementor-widget elementor-widget-text-editor\" data-id=\"413dc3a\" data-element_type=\"widget\" data-widget_type=\"text-editor.default\">\n\t\t\t\t<div class=\"elementor-widget-container\">\n\t\t\t\t\t\t\t<p><strong><span class=\"\">Kontakt<\/span><\/strong><\/p>\t\t\t\t\t\t<\/div>\n\t\t\t\t<\/div>\n\t\t\t\t<\/div>\n\t\t<div class=\"elementor-element elementor-element-4a7f248 e-flex e-con-boxed e-con e-parent\" data-id=\"4a7f248\" data-element_type=\"container\" data-core-v316-plus=\"true\">\n\t\t\t\t\t<div class=\"e-con-inner\">\n\t\t<div class=\"elementor-element elementor-element-35f8f30 e-con-full e-flex e-con e-child\" data-id=\"35f8f30\" data-element_type=\"container\">\n\t\t\t\t<div class=\"elementor-element elementor-element-e371abf elementor-widget elementor-widget-image\" data-id=\"e371abf\" data-element_type=\"widget\" data-widget_type=\"image.default\">\n\t\t\t\t<div class=\"elementor-widget-container\">\n\t\t\t\t\t\t\t\t\t\t\t\t\t<img decoding=\"async\" width=\"300\" height=\"300\" src=\"https:\/\/nmevents.se\/trafokus\/wp-content\/uploads\/sites\/55\/2025\/07\/kristerblasung-frilagd-svv-300x300.png\" class=\"attachment-medium size-medium wp-image-2962\" alt=\"\" srcset=\"https:\/\/nmevents.se\/trafokus\/wp-content\/uploads\/sites\/55\/2025\/07\/kristerblasung-frilagd-svv-300x300.png 300w, https:\/\/nmevents.se\/trafokus\/wp-content\/uploads\/sites\/55\/2025\/07\/kristerblasung-frilagd-svv-1024x1024.png 1024w, https:\/\/nmevents.se\/trafokus\/wp-content\/uploads\/sites\/55\/2025\/07\/kristerblasung-frilagd-svv-150x150.png 150w, https:\/\/nmevents.se\/trafokus\/wp-content\/uploads\/sites\/55\/2025\/07\/kristerblasung-frilagd-svv-768x768.png 768w, https:\/\/nmevents.se\/trafokus\/wp-content\/uploads\/sites\/55\/2025\/07\/kristerblasung-frilagd-svv-1536x1536.png 1536w, https:\/\/nmevents.se\/trafokus\/wp-content\/uploads\/sites\/55\/2025\/07\/kristerblasung-frilagd-svv.png 1666w\" sizes=\"(max-width: 300px) 100vw, 300px\" \/>\t\t\t\t\t\t\t\t\t\t\t\t\t<\/div>\n\t\t\t\t<\/div>\n\t\t\t\t<\/div>\n\t\t\t\t<div class=\"elementor-element elementor-element-0e9f45c elementor-widget elementor-widget-spacer\" data-id=\"0e9f45c\" data-element_type=\"widget\" data-widget_type=\"spacer.default\">\n\t\t\t\t<div class=\"elementor-widget-container\">\n\t\t\t\t\t<div class=\"elementor-spacer\">\n\t\t\t<div class=\"elementor-spacer-inner\"><\/div>\n\t\t<\/div>\n\t\t\t\t<\/div>\n\t\t\t\t<\/div>\n\t\t<div class=\"elementor-element elementor-element-02461b4 e-con-full e-flex e-con e-child\" data-id=\"02461b4\" data-element_type=\"container\">\n\t\t\t\t<div class=\"elementor-element elementor-element-02499e5 elementor-widget elementor-widget-text-editor\" data-id=\"02499e5\" data-element_type=\"widget\" data-widget_type=\"text-editor.default\">\n\t\t\t\t<div class=\"elementor-widget-container\">\n\t\t\t\t\t\t\t<p><strong>Krister Bl\u00e4sung<\/strong><br \/>Key Account Manager<br \/>076 165 22 10<br \/><a href=\"mailto:krister.blasung@nordiskemedier.se\">krister.blasung@nordiskemedier.se<\/a><\/p>\t\t\t\t\t\t<\/div>\n\t\t\t\t<\/div>\n\t\t\t\t<\/div>\n\t\t\t\t\t<\/div>\n\t\t\t\t<\/div>\n\t\t\t\t<\/div>\n\t\t","protected":false},"excerpt":{"rendered":"<p>Delta som utst\u00e4llare och partner Den 28 maj 2026 samlar vi branschens akt\u00f6rer f\u00f6r Tr\u00e4fokus V\u00e4sterbotten i Skellefte\u00e5 \u2013 en heldagskonferens som fokuserar p\u00e5 tr\u00e4byggandets m\u00f6jligheter, innovation och framtidens tr\u00e4industri. Var med som partner och bidra till en inspirerande och framtidsinriktad m\u00f6tesplats d\u00e4r ledande akt\u00f6rer m\u00f6ts. Varf\u00f6r bli partner? Som partner till Tr\u00e4fokus \u00e4r du [&hellip;]<\/p>\n","protected":false},"author":1,"featured_media":0,"parent":0,"menu_order":0,"comment_status":"closed","ping_status":"closed","template":"elementor_header_footer","meta":{"_acf_changed":false,"footnotes":""},"acf":[],"_links":{"self":[{"href":"https:\/\/nmevents.se\/trafokus\/wp-json\/wp\/v2\/pages\/600"}],"collection":[{"href":"https:\/\/nmevents.se\/trafokus\/wp-json\/wp\/v2\/pages"}],"about":[{"href":"https:\/\/nmevents.se\/trafokus\/wp-json\/wp\/v2\/types\/page"}],"author":[{"embeddable":true,"href":"https:\/\/nmevents.se\/trafokus\/wp-json\/wp\/v2\/users\/1"}],"replies":[{"embeddable":true,"href":"https:\/\/nmevents.se\/trafokus\/wp-json\/wp\/v2\/comments?post=600"}],"version-history":[{"count":202,"href":"https:\/\/nmevents.se\/trafokus\/wp-json\/wp\/v2\/pages\/600\/revisions"}],"predecessor-version":[{"id":3107,"href":"https:\/\/nmevents.se\/trafokus\/wp-json\/wp\/v2\/pages\/600\/revisions\/3107"}],"wp:attachment":[{"href":"https:\/\/nmevents.se\/trafokus\/wp-json\/wp\/v2\/media?parent=600"}],"curies":[{"name":"wp","href":"https:\/\/api.w.org\/{rel}","templated":true}]}}