{"id":17,"date":"2023-11-06T11:17:16","date_gmt":"2023-11-06T11:17:16","guid":{"rendered":"https:\/\/eventdk.nordiske-medier.dk\/?page_id=17"},"modified":"2025-06-24T15:38:07","modified_gmt":"2025-06-24T13:38:07","slug":"jury-2","status":"publish","type":"page","link":"https:\/\/nmevents.se\/tratoppen\/jury-2\/","title":{"rendered":"Jury"},"content":{"rendered":"\t\t<div data-elementor-type=\"wp-page\" data-elementor-id=\"17\" class=\"elementor elementor-17\" data-elementor-post-type=\"page\">\n\t\t\t\t<div class=\"elementor-element elementor-element-7fb6b36 e-flex e-con-boxed e-con e-parent\" data-id=\"7fb6b36\" data-element_type=\"container\" data-core-v316-plus=\"true\">\n\t\t\t\t\t<div class=\"e-con-inner\">\n\t\t\t\t<div class=\"elementor-element elementor-element-ae948dd elementor-widget elementor-widget-spacer\" data-id=\"ae948dd\" data-element_type=\"widget\" data-widget_type=\"spacer.default\">\n\t\t\t\t<div class=\"elementor-widget-container\">\n\t\t\t<style>\/*! elementor - v3.20.0 - 20-03-2024 *\/\n.elementor-column .elementor-spacer-inner{height:var(--spacer-size)}.e-con{--container-widget-width:100%}.e-con-inner>.elementor-widget-spacer,.e-con>.elementor-widget-spacer{width:var(--container-widget-width,var(--spacer-size));--align-self:var(--container-widget-align-self,initial);--flex-shrink:0}.e-con-inner>.elementor-widget-spacer>.elementor-widget-container,.e-con>.elementor-widget-spacer>.elementor-widget-container{height:100%;width:100%}.e-con-inner>.elementor-widget-spacer>.elementor-widget-container>.elementor-spacer,.e-con>.elementor-widget-spacer>.elementor-widget-container>.elementor-spacer{height:100%}.e-con-inner>.elementor-widget-spacer>.elementor-widget-container>.elementor-spacer>.elementor-spacer-inner,.e-con>.elementor-widget-spacer>.elementor-widget-container>.elementor-spacer>.elementor-spacer-inner{height:var(--container-widget-height,var(--spacer-size))}.e-con-inner>.elementor-widget-spacer.elementor-widget-empty,.e-con>.elementor-widget-spacer.elementor-widget-empty{position:relative;min-height:22px;min-width:22px}.e-con-inner>.elementor-widget-spacer.elementor-widget-empty .elementor-widget-empty-icon,.e-con>.elementor-widget-spacer.elementor-widget-empty .elementor-widget-empty-icon{position:absolute;top:0;bottom:0;left:0;right:0;margin:auto;padding:0;width:22px;height:22px}<\/style>\t\t<div class=\"elementor-spacer\">\n\t\t\t<div class=\"elementor-spacer-inner\"><\/div>\n\t\t<\/div>\n\t\t\t\t<\/div>\n\t\t\t\t<\/div>\n\t\t\t\t\t<\/div>\n\t\t\t\t<\/div>\n\t\t<div class=\"elementor-element elementor-element-c081f6f e-flex e-con-boxed e-con e-parent\" data-id=\"c081f6f\" data-element_type=\"container\" data-core-v316-plus=\"true\">\n\t\t\t\t\t<div class=\"e-con-inner\">\n\t\t\t\t<div class=\"elementor-element elementor-element-3cc3c21 elementor-widget elementor-widget-text-editor\" data-id=\"3cc3c21\" data-element_type=\"widget\" data-widget_type=\"text-editor.default\">\n\t\t\t\t<div class=\"elementor-widget-container\">\n\t\t\t<style>\/*! elementor - v3.20.0 - 20-03-2024 *\/\n.elementor-widget-text-editor.elementor-drop-cap-view-stacked .elementor-drop-cap{background-color:#69727d;color:#fff}.elementor-widget-text-editor.elementor-drop-cap-view-framed .elementor-drop-cap{color:#69727d;border:3px solid;background-color:transparent}.elementor-widget-text-editor:not(.elementor-drop-cap-view-default) .elementor-drop-cap{margin-top:8px}.elementor-widget-text-editor:not(.elementor-drop-cap-view-default) .elementor-drop-cap-letter{width:1em;height:1em}.elementor-widget-text-editor .elementor-drop-cap{float:left;text-align:center;line-height:1;font-size:50px}.elementor-widget-text-editor .elementor-drop-cap-letter{display:inline-block}<\/style>\t\t\t\t<p><strong>Juryn utg\u00f6rs av representanter fr\u00e5n tidningen NTT&nbsp;<\/strong><strong>Woodnet:<\/strong><\/p>\t\t\t\t\t\t<\/div>\n\t\t\t\t<\/div>\n\t\t\t\t\t<\/div>\n\t\t\t\t<\/div>\n\t\t<div class=\"elementor-element elementor-element-77e552f e-flex e-con-boxed e-con e-parent\" data-id=\"77e552f\" data-element_type=\"container\" data-core-v316-plus=\"true\">\n\t\t\t\t\t<div class=\"e-con-inner\">\n\t\t\t\t<div class=\"elementor-element elementor-element-a141f42 elementor-widget elementor-widget-spacer\" data-id=\"a141f42\" data-element_type=\"widget\" data-widget_type=\"spacer.default\">\n\t\t\t\t<div class=\"elementor-widget-container\">\n\t\t\t\t\t<div class=\"elementor-spacer\">\n\t\t\t<div class=\"elementor-spacer-inner\"><\/div>\n\t\t<\/div>\n\t\t\t\t<\/div>\n\t\t\t\t<\/div>\n\t\t\t\t\t<\/div>\n\t\t\t\t<\/div>\n\t\t<div class=\"elementor-element elementor-element-2ee24da e-flex e-con-boxed e-con e-parent\" data-id=\"2ee24da\" data-element_type=\"container\" data-core-v316-plus=\"true\">\n\t\t\t\t\t<div class=\"e-con-inner\">\n\t\t<div class=\"elementor-element elementor-element-c606aa0 e-con-full e-flex e-con e-child\" data-id=\"c606aa0\" data-element_type=\"container\">\n\t\t\t\t<div class=\"elementor-element elementor-element-9e17667 elementor-widget elementor-widget-image\" data-id=\"9e17667\" data-element_type=\"widget\" data-widget_type=\"image.default\">\n\t\t\t\t<div class=\"elementor-widget-container\">\n\t\t\t<style>\/*! elementor - v3.20.0 - 20-03-2024 *\/\n.elementor-widget-image{text-align:center}.elementor-widget-image a{display:inline-block}.elementor-widget-image a img[src$=\".svg\"]{width:48px}.elementor-widget-image img{vertical-align:middle;display:inline-block}<\/style>\t\t\t\t\t\t\t\t\t\t<img fetchpriority=\"high\" decoding=\"async\" width=\"2560\" height=\"1707\" src=\"https:\/\/nmevents.se\/tratoppen\/wp-content\/uploads\/sites\/72\/2025\/06\/Max-Sundqvist.jpg\" class=\"attachment-full size-full wp-image-3155\" alt=\"\" srcset=\"https:\/\/nmevents.se\/tratoppen\/wp-content\/uploads\/sites\/72\/2025\/06\/Max-Sundqvist.jpg 2560w, https:\/\/nmevents.se\/tratoppen\/wp-content\/uploads\/sites\/72\/2025\/06\/Max-Sundqvist-300x200.jpg 300w, https:\/\/nmevents.se\/tratoppen\/wp-content\/uploads\/sites\/72\/2025\/06\/Max-Sundqvist-1024x683.jpg 1024w, https:\/\/nmevents.se\/tratoppen\/wp-content\/uploads\/sites\/72\/2025\/06\/Max-Sundqvist-768x512.jpg 768w, https:\/\/nmevents.se\/tratoppen\/wp-content\/uploads\/sites\/72\/2025\/06\/Max-Sundqvist-1536x1024.jpg 1536w, https:\/\/nmevents.se\/tratoppen\/wp-content\/uploads\/sites\/72\/2025\/06\/Max-Sundqvist-2048x1366.jpg 2048w\" sizes=\"(max-width: 2560px) 100vw, 2560px\" \/>\t\t\t\t\t\t\t\t\t\t\t\t\t<\/div>\n\t\t\t\t<\/div>\n\t\t\t\t<div class=\"elementor-element elementor-element-a7ba87f elementor-widget elementor-widget-text-editor\" data-id=\"a7ba87f\" data-element_type=\"widget\" data-widget_type=\"text-editor.default\">\n\t\t\t\t<div class=\"elementor-widget-container\">\n\t\t\t\t\t\t\t<h5 class=\"staff-member-name\"><strong>Max Sundqvist<\/strong><\/h5><p class=\"staff-member-position\">073 682 53 01 <br \/><a href=\"mailto:max.sundqvist@nordiskemedier.se\">max.sundqvist@nordiskemedier.se<\/a><\/p>\t\t\t\t\t\t<\/div>\n\t\t\t\t<\/div>\n\t\t\t\t<\/div>\n\t\t<div class=\"elementor-element elementor-element-862f8ff e-con-full e-flex e-con e-child\" data-id=\"862f8ff\" data-element_type=\"container\">\n\t\t\t\t<div class=\"elementor-element elementor-element-a0108ae elementor-widget elementor-widget-image\" data-id=\"a0108ae\" data-element_type=\"widget\" data-widget_type=\"image.default\">\n\t\t\t\t<div class=\"elementor-widget-container\">\n\t\t\t\t\t\t\t\t\t\t\t\t\t<img decoding=\"async\" width=\"2610\" height=\"1666\" src=\"https:\/\/nmevents.se\/tratoppen\/wp-content\/uploads\/sites\/72\/2025\/06\/kristerblasung-frilagd-svv-1.png\" class=\"attachment-full size-full wp-image-2901\" alt=\"\" srcset=\"https:\/\/nmevents.se\/tratoppen\/wp-content\/uploads\/sites\/72\/2025\/06\/kristerblasung-frilagd-svv-1.png 2610w, https:\/\/nmevents.se\/tratoppen\/wp-content\/uploads\/sites\/72\/2025\/06\/kristerblasung-frilagd-svv-1-300x191.png 300w, https:\/\/nmevents.se\/tratoppen\/wp-content\/uploads\/sites\/72\/2025\/06\/kristerblasung-frilagd-svv-1-1024x654.png 1024w, https:\/\/nmevents.se\/tratoppen\/wp-content\/uploads\/sites\/72\/2025\/06\/kristerblasung-frilagd-svv-1-768x490.png 768w, https:\/\/nmevents.se\/tratoppen\/wp-content\/uploads\/sites\/72\/2025\/06\/kristerblasung-frilagd-svv-1-1536x980.png 1536w, https:\/\/nmevents.se\/tratoppen\/wp-content\/uploads\/sites\/72\/2025\/06\/kristerblasung-frilagd-svv-1-2048x1307.png 2048w\" sizes=\"(max-width: 2610px) 100vw, 2610px\" \/>\t\t\t\t\t\t\t\t\t\t\t\t\t<\/div>\n\t\t\t\t<\/div>\n\t\t\t\t<div class=\"elementor-element elementor-element-62c7a88 elementor-widget elementor-widget-text-editor\" data-id=\"62c7a88\" data-element_type=\"widget\" data-widget_type=\"text-editor.default\">\n\t\t\t\t<div class=\"elementor-widget-container\">\n\t\t\t\t\t\t\t<h5 class=\"staff-member-name\"><strong>Krister Bl\u00e4sung<\/strong><\/h5><p class=\"staff-member-position\">076 165 22 10<br \/><a class=\"staff-member-email\" title=\"Email Krister Bl\u00e4sung\" href=\"mailto:krister.blasung@nordiskemedier.se\">krister.blasung@nordiskemedier.se<\/a><\/p>\t\t\t\t\t\t<\/div>\n\t\t\t\t<\/div>\n\t\t\t\t<\/div>\n\t\t<div class=\"elementor-element elementor-element-c58721f e-con-full e-flex e-con e-child\" data-id=\"c58721f\" data-element_type=\"container\">\n\t\t\t\t<div class=\"elementor-element elementor-element-6c00c21 elementor-widget elementor-widget-image\" data-id=\"6c00c21\" data-element_type=\"widget\" data-widget_type=\"image.default\">\n\t\t\t\t<div class=\"elementor-widget-container\">\n\t\t\t\t\t\t\t\t\t\t\t\t\t<img decoding=\"async\" width=\"2560\" height=\"1707\" src=\"https:\/\/nmevents.se\/tratoppen\/wp-content\/uploads\/sites\/72\/2025\/06\/Roger-Folhammar_svv.jpg\" class=\"attachment-full size-full wp-image-2902\" alt=\"\" srcset=\"https:\/\/nmevents.se\/tratoppen\/wp-content\/uploads\/sites\/72\/2025\/06\/Roger-Folhammar_svv.jpg 2560w, https:\/\/nmevents.se\/tratoppen\/wp-content\/uploads\/sites\/72\/2025\/06\/Roger-Folhammar_svv-300x200.jpg 300w, https:\/\/nmevents.se\/tratoppen\/wp-content\/uploads\/sites\/72\/2025\/06\/Roger-Folhammar_svv-1024x683.jpg 1024w, https:\/\/nmevents.se\/tratoppen\/wp-content\/uploads\/sites\/72\/2025\/06\/Roger-Folhammar_svv-768x512.jpg 768w, https:\/\/nmevents.se\/tratoppen\/wp-content\/uploads\/sites\/72\/2025\/06\/Roger-Folhammar_svv-1536x1024.jpg 1536w, https:\/\/nmevents.se\/tratoppen\/wp-content\/uploads\/sites\/72\/2025\/06\/Roger-Folhammar_svv-2048x1366.jpg 2048w\" sizes=\"(max-width: 2560px) 100vw, 2560px\" \/>\t\t\t\t\t\t\t\t\t\t\t\t\t<\/div>\n\t\t\t\t<\/div>\n\t\t\t\t<div class=\"elementor-element elementor-element-541ba9f elementor-widget elementor-widget-text-editor\" data-id=\"541ba9f\" data-element_type=\"widget\" data-widget_type=\"text-editor.default\">\n\t\t\t\t<div class=\"elementor-widget-container\">\n\t\t\t\t\t\t\t<h5><strong>Roger Folhammar<\/strong><\/h5><p class=\"\">073 682 53 09<br \/><a class=\"staff-member-email\" title=\"Email Roger Folhammar\" href=\"mailto:roger.folhammar@nordiskemedier.se\">roger.folhammar@nordiskemedier.se<\/a><\/p>\t\t\t\t\t\t<\/div>\n\t\t\t\t<\/div>\n\t\t\t\t<\/div>\n\t\t<div class=\"elementor-element elementor-element-ee27c18 e-con-full e-flex e-con e-child\" data-id=\"ee27c18\" data-element_type=\"container\">\n\t\t\t\t<div class=\"elementor-element elementor-element-2edd3bd elementor-widget elementor-widget-image\" data-id=\"2edd3bd\" data-element_type=\"widget\" data-widget_type=\"image.default\">\n\t\t\t\t<div class=\"elementor-widget-container\">\n\t\t\t\t\t\t\t\t\t\t\t\t\t<img loading=\"lazy\" decoding=\"async\" width=\"2560\" height=\"1707\" src=\"https:\/\/nmevents.se\/tratoppen\/wp-content\/uploads\/sites\/72\/2025\/06\/fredrik-s-johansson-frilagd-sv.png\" class=\"attachment-full size-full wp-image-2903\" alt=\"\" srcset=\"https:\/\/nmevents.se\/tratoppen\/wp-content\/uploads\/sites\/72\/2025\/06\/fredrik-s-johansson-frilagd-sv.png 2560w, https:\/\/nmevents.se\/tratoppen\/wp-content\/uploads\/sites\/72\/2025\/06\/fredrik-s-johansson-frilagd-sv-300x200.png 300w, https:\/\/nmevents.se\/tratoppen\/wp-content\/uploads\/sites\/72\/2025\/06\/fredrik-s-johansson-frilagd-sv-1024x683.png 1024w, https:\/\/nmevents.se\/tratoppen\/wp-content\/uploads\/sites\/72\/2025\/06\/fredrik-s-johansson-frilagd-sv-768x512.png 768w, https:\/\/nmevents.se\/tratoppen\/wp-content\/uploads\/sites\/72\/2025\/06\/fredrik-s-johansson-frilagd-sv-1536x1024.png 1536w, https:\/\/nmevents.se\/tratoppen\/wp-content\/uploads\/sites\/72\/2025\/06\/fredrik-s-johansson-frilagd-sv-2048x1366.png 2048w\" sizes=\"(max-width: 2560px) 100vw, 2560px\" \/>\t\t\t\t\t\t\t\t\t\t\t\t\t<\/div>\n\t\t\t\t<\/div>\n\t\t\t\t<div class=\"elementor-element elementor-element-53f0c92 elementor-widget elementor-widget-text-editor\" data-id=\"53f0c92\" data-element_type=\"widget\" data-widget_type=\"text-editor.default\">\n\t\t\t\t<div class=\"elementor-widget-container\">\n\t\t\t\t\t\t\t<h5><strong>Fredrik S Johansson<\/strong><\/h5><p class=\"\">079 335 70 21<br \/><a href=\"mailto:fredrik.johansson@nordiskemedier.se\">fredrik.johansson@nordiskemedier.se<\/a><\/p>\t\t\t\t\t\t<\/div>\n\t\t\t\t<\/div>\n\t\t\t\t<\/div>\n\t\t\t\t\t<\/div>\n\t\t\t\t<\/div>\n\t\t<div class=\"elementor-element elementor-element-446ae7e e-flex e-con-boxed e-con e-parent\" data-id=\"446ae7e\" data-element_type=\"container\" data-core-v316-plus=\"true\">\n\t\t\t\t\t<div class=\"e-con-inner\">\n\t\t\t\t<div class=\"elementor-element elementor-element-8150a82 elementor-widget elementor-widget-spacer\" data-id=\"8150a82\" data-element_type=\"widget\" data-widget_type=\"spacer.default\">\n\t\t\t\t<div class=\"elementor-widget-container\">\n\t\t\t\t\t<div class=\"elementor-spacer\">\n\t\t\t<div class=\"elementor-spacer-inner\"><\/div>\n\t\t<\/div>\n\t\t\t\t<\/div>\n\t\t\t\t<\/div>\n\t\t\t\t\t<\/div>\n\t\t\t\t<\/div>\n\t\t\t\t<\/div>\n\t\t","protected":false},"excerpt":{"rendered":"<p>Juryn utg\u00f6rs av representanter fr\u00e5n tidningen NTT&nbsp;Woodnet: Max Sundqvist 073 682 53 01 max.sundqvist@nordiskemedier.se Krister Bl\u00e4sung 076 165 22 10krister.blasung@nordiskemedier.se Roger Folhammar 073 682 53 09roger.folhammar@nordiskemedier.se Fredrik S Johansson 079 335 70 21fredrik.johansson@nordiskemedier.se<\/p>\n","protected":false},"author":1,"featured_media":0,"parent":0,"menu_order":0,"comment_status":"closed","ping_status":"closed","template":"elementor_header_footer","meta":{"_acf_changed":false,"inline_featured_image":false,"footnotes":""},"acf":[],"_links":{"self":[{"href":"https:\/\/nmevents.se\/tratoppen\/wp-json\/wp\/v2\/pages\/17"}],"collection":[{"href":"https:\/\/nmevents.se\/tratoppen\/wp-json\/wp\/v2\/pages"}],"about":[{"href":"https:\/\/nmevents.se\/tratoppen\/wp-json\/wp\/v2\/types\/page"}],"author":[{"embeddable":true,"href":"https:\/\/nmevents.se\/tratoppen\/wp-json\/wp\/v2\/users\/1"}],"replies":[{"embeddable":true,"href":"https:\/\/nmevents.se\/tratoppen\/wp-json\/wp\/v2\/comments?post=17"}],"version-history":[{"count":58,"href":"https:\/\/nmevents.se\/tratoppen\/wp-json\/wp\/v2\/pages\/17\/revisions"}],"predecessor-version":[{"id":3219,"href":"https:\/\/nmevents.se\/tratoppen\/wp-json\/wp\/v2\/pages\/17\/revisions\/3219"}],"wp:attachment":[{"href":"https:\/\/nmevents.se\/tratoppen\/wp-json\/wp\/v2\/media?parent=17"}],"curies":[{"name":"wp","href":"https:\/\/api.w.org\/{rel}","templated":true}]}}