{"id":201,"date":"2023-11-08T13:46:21","date_gmt":"2023-11-08T11:46:21","guid":{"rendered":"https:\/\/eventdk.nordiske-medier.dk\/atervinningsgalan\/?page_id=201"},"modified":"2025-06-24T15:35:12","modified_gmt":"2025-06-24T13:35:12","slug":"om-oss","status":"publish","type":"page","link":"https:\/\/nmevents.se\/tratoppen\/om-oss\/","title":{"rendered":"Om oss"},"content":{"rendered":"\t\t<div data-elementor-type=\"wp-page\" data-elementor-id=\"201\" class=\"elementor elementor-201\" data-elementor-post-type=\"page\">\n\t\t\t\t<div class=\"elementor-element elementor-element-dc69a17 e-flex e-con-boxed e-con e-parent\" data-id=\"dc69a17\" data-element_type=\"container\" data-core-v316-plus=\"true\">\n\t\t\t\t\t<div class=\"e-con-inner\">\n\t\t\t\t<div class=\"elementor-element elementor-element-ab12fb0 elementor-widget elementor-widget-spacer\" data-id=\"ab12fb0\" data-element_type=\"widget\" data-widget_type=\"spacer.default\">\n\t\t\t\t<div class=\"elementor-widget-container\">\n\t\t\t<style>\/*! elementor - v3.20.0 - 20-03-2024 *\/\n.elementor-column .elementor-spacer-inner{height:var(--spacer-size)}.e-con{--container-widget-width:100%}.e-con-inner>.elementor-widget-spacer,.e-con>.elementor-widget-spacer{width:var(--container-widget-width,var(--spacer-size));--align-self:var(--container-widget-align-self,initial);--flex-shrink:0}.e-con-inner>.elementor-widget-spacer>.elementor-widget-container,.e-con>.elementor-widget-spacer>.elementor-widget-container{height:100%;width:100%}.e-con-inner>.elementor-widget-spacer>.elementor-widget-container>.elementor-spacer,.e-con>.elementor-widget-spacer>.elementor-widget-container>.elementor-spacer{height:100%}.e-con-inner>.elementor-widget-spacer>.elementor-widget-container>.elementor-spacer>.elementor-spacer-inner,.e-con>.elementor-widget-spacer>.elementor-widget-container>.elementor-spacer>.elementor-spacer-inner{height:var(--container-widget-height,var(--spacer-size))}.e-con-inner>.elementor-widget-spacer.elementor-widget-empty,.e-con>.elementor-widget-spacer.elementor-widget-empty{position:relative;min-height:22px;min-width:22px}.e-con-inner>.elementor-widget-spacer.elementor-widget-empty .elementor-widget-empty-icon,.e-con>.elementor-widget-spacer.elementor-widget-empty .elementor-widget-empty-icon{position:absolute;top:0;bottom:0;left:0;right:0;margin:auto;padding:0;width:22px;height:22px}<\/style>\t\t<div class=\"elementor-spacer\">\n\t\t\t<div class=\"elementor-spacer-inner\"><\/div>\n\t\t<\/div>\n\t\t\t\t<\/div>\n\t\t\t\t<\/div>\n\t\t\t\t\t<\/div>\n\t\t\t\t<\/div>\n\t\t<div class=\"elementor-element elementor-element-c60e0ac e-flex e-con-boxed e-con e-parent\" data-id=\"c60e0ac\" data-element_type=\"container\" data-core-v316-plus=\"true\">\n\t\t\t\t\t<div class=\"e-con-inner\">\n\t\t<div class=\"elementor-element elementor-element-cc9de00 e-con-full e-flex e-con e-child\" data-id=\"cc9de00\" data-element_type=\"container\">\n\t\t\t\t<div class=\"elementor-element elementor-element-b6c2937 elementor-widget elementor-widget-text-editor\" data-id=\"b6c2937\" data-element_type=\"widget\" data-widget_type=\"text-editor.default\">\n\t\t\t\t<div class=\"elementor-widget-container\">\n\t\t\t<style>\/*! elementor - v3.20.0 - 20-03-2024 *\/\n.elementor-widget-text-editor.elementor-drop-cap-view-stacked .elementor-drop-cap{background-color:#69727d;color:#fff}.elementor-widget-text-editor.elementor-drop-cap-view-framed .elementor-drop-cap{color:#69727d;border:3px solid;background-color:transparent}.elementor-widget-text-editor:not(.elementor-drop-cap-view-default) .elementor-drop-cap{margin-top:8px}.elementor-widget-text-editor:not(.elementor-drop-cap-view-default) .elementor-drop-cap-letter{width:1em;height:1em}.elementor-widget-text-editor .elementor-drop-cap{float:left;text-align:center;line-height:1;font-size:50px}.elementor-widget-text-editor .elementor-drop-cap-letter{display:inline-block}<\/style>\t\t\t\t<p>NTT Woodnet<\/p>\t\t\t\t\t\t<\/div>\n\t\t\t\t<\/div>\n\t\t\t\t<div class=\"elementor-element elementor-element-331353c elementor-widget elementor-widget-text-editor\" data-id=\"331353c\" data-element_type=\"widget\" data-widget_type=\"text-editor.default\">\n\t\t\t\t<div class=\"elementor-widget-container\">\n\t\t\t\t\t\t\t<p>Bakom priset st\u00e5r Nordens ledande branschtidning f\u00f6r tr\u00e4industrin NTT. Tidningen har bevakat den svenska tr\u00e4industrin sedan 1885, och har \u00e4ven en stor och h\u00e4ngiven l\u00e4sarkrets p\u00e5 den starkt v\u00e4xande sajten Woodnet.<\/p><p>NTT har en unik position som s\u00e5g- och tr\u00e4industrins tidning sedan 1880-talet. Vi har djupa r\u00f6tter men har samtidigt varit tidiga med att utnyttja nya s\u00e4tt att n\u00e5 v\u00e5ra k\u00e4llor och l\u00e4sare. Vi forts\u00e4tter att peka p\u00e5 trender inom teknik och marknad. NTT saknar konkurrens d\u00e4rf\u00f6r att vi hela tiden f\u00f6rblivit relevanta f\u00f6r alla med intresse f\u00f6r s\u00e5g- och tr\u00e4industrin.<\/p><p>\u00a0<\/p><p><strong>Chefredakt\u00f6r<\/strong><br \/>Fredrik S Johansson<br \/>+46 (0)79 335 70 21<br \/>fredrik.johansson@nordiskemedier.se<strong><br \/><\/strong><\/p>\t\t\t\t\t\t<\/div>\n\t\t\t\t<\/div>\n\t\t\t\t<\/div>\n\t\t<div class=\"elementor-element elementor-element-78f92a5 e-con-full e-flex e-con e-child\" data-id=\"78f92a5\" data-element_type=\"container\">\n\t\t\t\t<div class=\"elementor-element elementor-element-d5261f3 elementor-widget elementor-widget-image\" data-id=\"d5261f3\" data-element_type=\"widget\" data-widget_type=\"image.default\">\n\t\t\t\t<div class=\"elementor-widget-container\">\n\t\t\t<style>\/*! elementor - v3.20.0 - 20-03-2024 *\/\n.elementor-widget-image{text-align:center}.elementor-widget-image a{display:inline-block}.elementor-widget-image a img[src$=\".svg\"]{width:48px}.elementor-widget-image img{vertical-align:middle;display:inline-block}<\/style>\t\t\t\t\t\t\t\t\t\t<img fetchpriority=\"high\" decoding=\"async\" width=\"800\" height=\"674\" src=\"https:\/\/nmevents.se\/tratoppen\/wp-content\/uploads\/sites\/72\/2025\/06\/Tidningskollage@15x.png\" class=\"attachment-large size-large wp-image-3036\" alt=\"\" srcset=\"https:\/\/nmevents.se\/tratoppen\/wp-content\/uploads\/sites\/72\/2025\/06\/Tidningskollage@15x.png 999w, https:\/\/nmevents.se\/tratoppen\/wp-content\/uploads\/sites\/72\/2025\/06\/Tidningskollage@15x-300x253.png 300w, https:\/\/nmevents.se\/tratoppen\/wp-content\/uploads\/sites\/72\/2025\/06\/Tidningskollage@15x-768x647.png 768w\" sizes=\"(max-width: 800px) 100vw, 800px\" \/>\t\t\t\t\t\t\t\t\t\t\t\t\t<\/div>\n\t\t\t\t<\/div>\n\t\t\t\t<\/div>\n\t\t\t\t\t<\/div>\n\t\t\t\t<\/div>\n\t\t<div class=\"elementor-element elementor-element-cb97117 e-flex e-con-boxed e-con e-parent\" data-id=\"cb97117\" data-element_type=\"container\" data-core-v316-plus=\"true\">\n\t\t\t\t\t<div class=\"e-con-inner\">\n\t\t\t\t<div class=\"elementor-element elementor-element-d37df6d elementor-widget elementor-widget-spacer\" data-id=\"d37df6d\" data-element_type=\"widget\" data-widget_type=\"spacer.default\">\n\t\t\t\t<div class=\"elementor-widget-container\">\n\t\t\t\t\t<div class=\"elementor-spacer\">\n\t\t\t<div class=\"elementor-spacer-inner\"><\/div>\n\t\t<\/div>\n\t\t\t\t<\/div>\n\t\t\t\t<\/div>\n\t\t\t\t\t<\/div>\n\t\t\t\t<\/div>\n\t\t<div class=\"elementor-element elementor-element-0139137 e-flex e-con-boxed e-con e-parent\" data-id=\"0139137\" data-element_type=\"container\" data-settings=\"{&quot;background_background&quot;:&quot;gradient&quot;}\" data-core-v316-plus=\"true\">\n\t\t\t\t\t<div class=\"e-con-inner\">\n\t\t\t\t<div class=\"elementor-element elementor-element-e6fc539 elementor-widget elementor-widget-text-editor\" data-id=\"e6fc539\" data-element_type=\"widget\" data-widget_type=\"text-editor.default\">\n\t\t\t\t<div class=\"elementor-widget-container\">\n\t\t\t\t\t\t\t<p>V\u00e5ra \u00f6vriga event<\/p>\t\t\t\t\t\t<\/div>\n\t\t\t\t<\/div>\n\t\t\t\t\t<\/div>\n\t\t\t\t<\/div>\n\t\t<div class=\"elementor-element elementor-element-13eae82 e-flex e-con-boxed e-con e-parent\" data-id=\"13eae82\" data-element_type=\"container\" data-core-v316-plus=\"true\">\n\t\t\t\t\t<div class=\"e-con-inner\">\n\t\t\t\t<div class=\"elementor-element elementor-element-07958f6 elementor-widget elementor-widget-spacer\" data-id=\"07958f6\" data-element_type=\"widget\" data-widget_type=\"spacer.default\">\n\t\t\t\t<div class=\"elementor-widget-container\">\n\t\t\t\t\t<div class=\"elementor-spacer\">\n\t\t\t<div class=\"elementor-spacer-inner\"><\/div>\n\t\t<\/div>\n\t\t\t\t<\/div>\n\t\t\t\t<\/div>\n\t\t\t\t\t<\/div>\n\t\t\t\t<\/div>\n\t\t<div class=\"elementor-element elementor-element-3dcb12b e-flex e-con-boxed e-con e-parent\" data-id=\"3dcb12b\" data-element_type=\"container\" data-core-v316-plus=\"true\">\n\t\t\t\t\t<div class=\"e-con-inner\">\n\t\t<div class=\"elementor-element elementor-element-19b3294 e-con-full e-flex e-con e-child\" data-id=\"19b3294\" data-element_type=\"container\">\n\t\t\t\t<div class=\"elementor-element elementor-element-7b4b2ab elementor-widget elementor-widget-text-editor\" data-id=\"7b4b2ab\" data-element_type=\"widget\" data-widget_type=\"text-editor.default\">\n\t\t\t\t<div class=\"elementor-widget-container\">\n\t\t\t\t\t\t\t<p>Tr\u00e4fokus V\u00e4sterbotten<\/p>\t\t\t\t\t\t<\/div>\n\t\t\t\t<\/div>\n\t\t\t\t<div class=\"elementor-element elementor-element-5839587 elementor-widget elementor-widget-text-editor\" data-id=\"5839587\" data-element_type=\"widget\" data-widget_type=\"text-editor.default\">\n\t\t\t\t<div class=\"elementor-widget-container\">\n\t\t\t\t\t\t\t<p>En heldagskonferens om tr\u00e4byggandets m\u00f6jligheter och utmaningar. Under dagen delar experter fr\u00e5n byggsektorn, logistik och forskning med sig av insikter om innovation, digitalisering och kompetensf\u00f6rs\u00f6rjning f\u00f6r framtidens tr\u00e4industri.\u00a0<\/p>\t\t\t\t\t\t<\/div>\n\t\t\t\t<\/div>\n\t\t\t\t<div class=\"elementor-element elementor-element-43feb8c elementor-widget elementor-widget-button\" data-id=\"43feb8c\" data-element_type=\"widget\" data-widget_type=\"button.default\">\n\t\t\t\t<div class=\"elementor-widget-container\">\n\t\t\t\t\t<div class=\"elementor-button-wrapper\">\n\t\t\t<a class=\"elementor-button elementor-button-link elementor-size-sm\" href=\"https:\/\/nmevents.se\/trafokus\/\">\n\t\t\t\t\t\t<span class=\"elementor-button-content-wrapper\">\n\t\t\t\t\t\t<span class=\"elementor-button-text\">L\u00e4s mer h\u00e4r<\/span>\n\t\t<\/span>\n\t\t\t\t\t<\/a>\n\t\t<\/div>\n\t\t\t\t<\/div>\n\t\t\t\t<\/div>\n\t\t\t\t<\/div>\n\t\t<div class=\"elementor-element elementor-element-672c5af e-con-full e-flex e-con e-child\" data-id=\"672c5af\" data-element_type=\"container\">\n\t\t\t\t<\/div>\n\t\t\t\t\t<\/div>\n\t\t\t\t<\/div>\n\t\t<div class=\"elementor-element elementor-element-c9dcdf1 e-flex e-con-boxed e-con e-parent\" data-id=\"c9dcdf1\" data-element_type=\"container\" data-core-v316-plus=\"true\">\n\t\t\t\t\t<div class=\"e-con-inner\">\n\t\t\t\t<div class=\"elementor-element elementor-element-0812e39 elementor-widget elementor-widget-spacer\" data-id=\"0812e39\" data-element_type=\"widget\" data-widget_type=\"spacer.default\">\n\t\t\t\t<div class=\"elementor-widget-container\">\n\t\t\t\t\t<div class=\"elementor-spacer\">\n\t\t\t<div class=\"elementor-spacer-inner\"><\/div>\n\t\t<\/div>\n\t\t\t\t<\/div>\n\t\t\t\t<\/div>\n\t\t\t\t\t<\/div>\n\t\t\t\t<\/div>\n\t\t\t\t<\/div>\n\t\t","protected":false},"excerpt":{"rendered":"<p>NTT Woodnet Bakom priset st\u00e5r Nordens ledande branschtidning f\u00f6r tr\u00e4industrin NTT. Tidningen har bevakat den svenska tr\u00e4industrin sedan 1885, och har \u00e4ven en stor och h\u00e4ngiven l\u00e4sarkrets p\u00e5 den starkt v\u00e4xande sajten Woodnet. NTT har en unik position som s\u00e5g- och tr\u00e4industrins tidning sedan 1880-talet. Vi har djupa r\u00f6tter men har samtidigt varit tidiga med [&hellip;]<\/p>\n","protected":false},"author":1,"featured_media":0,"parent":0,"menu_order":0,"comment_status":"closed","ping_status":"closed","template":"elementor_header_footer","meta":{"_acf_changed":false,"inline_featured_image":false,"footnotes":""},"acf":[],"_links":{"self":[{"href":"https:\/\/nmevents.se\/tratoppen\/wp-json\/wp\/v2\/pages\/201"}],"collection":[{"href":"https:\/\/nmevents.se\/tratoppen\/wp-json\/wp\/v2\/pages"}],"about":[{"href":"https:\/\/nmevents.se\/tratoppen\/wp-json\/wp\/v2\/types\/page"}],"author":[{"embeddable":true,"href":"https:\/\/nmevents.se\/tratoppen\/wp-json\/wp\/v2\/users\/1"}],"replies":[{"embeddable":true,"href":"https:\/\/nmevents.se\/tratoppen\/wp-json\/wp\/v2\/comments?post=201"}],"version-history":[{"count":55,"href":"https:\/\/nmevents.se\/tratoppen\/wp-json\/wp\/v2\/pages\/201\/revisions"}],"predecessor-version":[{"id":3216,"href":"https:\/\/nmevents.se\/tratoppen\/wp-json\/wp\/v2\/pages\/201\/revisions\/3216"}],"wp:attachment":[{"href":"https:\/\/nmevents.se\/tratoppen\/wp-json\/wp\/v2\/media?parent=201"}],"curies":[{"name":"wp","href":"https:\/\/api.w.org\/{rel}","templated":true}]}}