{"id":2718,"date":"2025-05-05T11:39:10","date_gmt":"2025-05-05T09:39:10","guid":{"rendered":"https:\/\/nmevents.se\/tratoppen2\/?page_id=2718"},"modified":"2025-10-31T09:13:36","modified_gmt":"2025-10-31T08:13:36","slug":"om-tavlingen","status":"publish","type":"page","link":"https:\/\/nmevents.se\/tratoppen\/om-tavlingen\/","title":{"rendered":"Om t\u00e4vlingen"},"content":{"rendered":"\t\t<div data-elementor-type=\"wp-page\" data-elementor-id=\"2718\" class=\"elementor elementor-2718\" data-elementor-post-type=\"page\">\n\t\t\t\t<div class=\"elementor-element elementor-element-a04d950 e-flex e-con-boxed e-con e-parent\" data-id=\"a04d950\" data-element_type=\"container\" data-core-v316-plus=\"true\">\n\t\t\t\t\t<div class=\"e-con-inner\">\n\t\t\t\t<div class=\"elementor-element elementor-element-cd376a2 elementor-widget elementor-widget-spacer\" data-id=\"cd376a2\" data-element_type=\"widget\" data-widget_type=\"spacer.default\">\n\t\t\t\t<div class=\"elementor-widget-container\">\n\t\t\t<style>\/*! elementor - v3.20.0 - 20-03-2024 *\/\n.elementor-column .elementor-spacer-inner{height:var(--spacer-size)}.e-con{--container-widget-width:100%}.e-con-inner>.elementor-widget-spacer,.e-con>.elementor-widget-spacer{width:var(--container-widget-width,var(--spacer-size));--align-self:var(--container-widget-align-self,initial);--flex-shrink:0}.e-con-inner>.elementor-widget-spacer>.elementor-widget-container,.e-con>.elementor-widget-spacer>.elementor-widget-container{height:100%;width:100%}.e-con-inner>.elementor-widget-spacer>.elementor-widget-container>.elementor-spacer,.e-con>.elementor-widget-spacer>.elementor-widget-container>.elementor-spacer{height:100%}.e-con-inner>.elementor-widget-spacer>.elementor-widget-container>.elementor-spacer>.elementor-spacer-inner,.e-con>.elementor-widget-spacer>.elementor-widget-container>.elementor-spacer>.elementor-spacer-inner{height:var(--container-widget-height,var(--spacer-size))}.e-con-inner>.elementor-widget-spacer.elementor-widget-empty,.e-con>.elementor-widget-spacer.elementor-widget-empty{position:relative;min-height:22px;min-width:22px}.e-con-inner>.elementor-widget-spacer.elementor-widget-empty .elementor-widget-empty-icon,.e-con>.elementor-widget-spacer.elementor-widget-empty .elementor-widget-empty-icon{position:absolute;top:0;bottom:0;left:0;right:0;margin:auto;padding:0;width:22px;height:22px}<\/style>\t\t<div class=\"elementor-spacer\">\n\t\t\t<div class=\"elementor-spacer-inner\"><\/div>\n\t\t<\/div>\n\t\t\t\t<\/div>\n\t\t\t\t<\/div>\n\t\t\t\t\t<\/div>\n\t\t\t\t<\/div>\n\t\t<div class=\"elementor-element elementor-element-dbd0be2 e-flex e-con-boxed e-con e-parent\" data-id=\"dbd0be2\" data-element_type=\"container\" data-core-v316-plus=\"true\">\n\t\t\t\t\t<div class=\"e-con-inner\">\n\t\t<div class=\"elementor-element elementor-element-be095cc e-con-full e-flex e-con e-child\" data-id=\"be095cc\" data-element_type=\"container\">\n\t\t\t\t<div class=\"elementor-element elementor-element-c9074f5 elementor-widget elementor-widget-text-editor\" data-id=\"c9074f5\" data-element_type=\"widget\" data-widget_type=\"text-editor.default\">\n\t\t\t\t<div class=\"elementor-widget-container\">\n\t\t\t<style>\/*! elementor - v3.20.0 - 20-03-2024 *\/\n.elementor-widget-text-editor.elementor-drop-cap-view-stacked .elementor-drop-cap{background-color:#69727d;color:#fff}.elementor-widget-text-editor.elementor-drop-cap-view-framed .elementor-drop-cap{color:#69727d;border:3px solid;background-color:transparent}.elementor-widget-text-editor:not(.elementor-drop-cap-view-default) .elementor-drop-cap{margin-top:8px}.elementor-widget-text-editor:not(.elementor-drop-cap-view-default) .elementor-drop-cap-letter{width:1em;height:1em}.elementor-widget-text-editor .elementor-drop-cap{float:left;text-align:center;line-height:1;font-size:50px}.elementor-widget-text-editor .elementor-drop-cap-letter{display:inline-block}<\/style>\t\t\t\t<p>Syftet med Tr\u00e4toppen<\/p>\t\t\t\t\t\t<\/div>\n\t\t\t\t<\/div>\n\t\t\t\t<div class=\"elementor-element elementor-element-351bcc8 elementor-widget elementor-widget-text-editor\" data-id=\"351bcc8\" data-element_type=\"widget\" data-widget_type=\"text-editor.default\">\n\t\t\t\t<div class=\"elementor-widget-container\">\n\t\t\t\t\t\t\t<p><strong>Innovation:<\/strong> Priset syftar till att hedra dem som driver f\u00f6rnyelse och utveckling, oavsett om det handlar om teknologiska framsteg, aff\u00e4rsmodeller, kundupplevelser eller andra kreativa l\u00f6sningar. F\u00f6r\u00e4ndringen ska ha f\u00f6rb\u00e4ttrat och utvecklat hela sektorn. Genom detta pris str\u00e4var vi efter att inspirera hela tr\u00e4industrin att omfamna id\u00e9er och l\u00f6sningar samt aktivt arbeta mot att forma en modern och h\u00e5llbar tr\u00e4f\u00f6r\u00e4dlingssektor.<\/p><p><strong>Nomineringen \u00e4r nu st\u00e4ngd.<\/strong><br \/><strong>De tre finalisterna presenteras inom kort.<\/strong><\/p>\t\t\t\t\t\t<\/div>\n\t\t\t\t<\/div>\n\t\t\t\t<div class=\"elementor-element elementor-element-c903747 elementor-hidden-desktop elementor-hidden-tablet elementor-hidden-mobile elementor-widget elementor-widget-button\" data-id=\"c903747\" data-element_type=\"widget\" data-widget_type=\"button.default\">\n\t\t\t\t<div class=\"elementor-widget-container\">\n\t\t\t\t\t<div class=\"elementor-button-wrapper\">\n\t\t\t<a class=\"elementor-button elementor-button-link elementor-size-sm\" href=\"https:\/\/nmevents.se\/tratoppen\/nominera\/\" target=\"_blank\">\n\t\t\t\t\t\t<span class=\"elementor-button-content-wrapper\">\n\t\t\t\t\t\t<span class=\"elementor-button-text\">Nominera din favorit h\u00e4r!<\/span>\n\t\t<\/span>\n\t\t\t\t\t<\/a>\n\t\t<\/div>\n\t\t\t\t<\/div>\n\t\t\t\t<\/div>\n\t\t\t\t<\/div>\n\t\t\t\t<div class=\"elementor-element elementor-element-4abd823 elementor-widget elementor-widget-spacer\" data-id=\"4abd823\" data-element_type=\"widget\" data-widget_type=\"spacer.default\">\n\t\t\t\t<div class=\"elementor-widget-container\">\n\t\t\t\t\t<div class=\"elementor-spacer\">\n\t\t\t<div class=\"elementor-spacer-inner\"><\/div>\n\t\t<\/div>\n\t\t\t\t<\/div>\n\t\t\t\t<\/div>\n\t\t<div class=\"elementor-element elementor-element-ff92e65 e-con-full e-flex e-con e-child\" data-id=\"ff92e65\" data-element_type=\"container\">\n\t\t\t\t<div class=\"elementor-element elementor-element-0b5d463 elementor-widget elementor-widget-image\" data-id=\"0b5d463\" data-element_type=\"widget\" data-widget_type=\"image.default\">\n\t\t\t\t<div class=\"elementor-widget-container\">\n\t\t\t<style>\/*! elementor - v3.20.0 - 20-03-2024 *\/\n.elementor-widget-image{text-align:center}.elementor-widget-image a{display:inline-block}.elementor-widget-image a img[src$=\".svg\"]{width:48px}.elementor-widget-image img{vertical-align:middle;display:inline-block}<\/style>\t\t\t\t\t\t\t\t\t\t<img fetchpriority=\"high\" decoding=\"async\" width=\"800\" height=\"571\" src=\"https:\/\/nmevents.se\/tratoppen\/wp-content\/uploads\/sites\/72\/2025\/06\/GettyImages-1962290839-kopiera_1.jpg\" class=\"attachment-large size-large wp-image-3099\" alt=\"\" srcset=\"https:\/\/nmevents.se\/tratoppen\/wp-content\/uploads\/sites\/72\/2025\/06\/GettyImages-1962290839-kopiera_1.jpg 934w, https:\/\/nmevents.se\/tratoppen\/wp-content\/uploads\/sites\/72\/2025\/06\/GettyImages-1962290839-kopiera_1-300x214.jpg 300w, https:\/\/nmevents.se\/tratoppen\/wp-content\/uploads\/sites\/72\/2025\/06\/GettyImages-1962290839-kopiera_1-768x548.jpg 768w\" sizes=\"(max-width: 800px) 100vw, 800px\" \/>\t\t\t\t\t\t\t\t\t\t\t\t\t<\/div>\n\t\t\t\t<\/div>\n\t\t\t\t<\/div>\n\t\t\t\t\t<\/div>\n\t\t\t\t<\/div>\n\t\t<div class=\"elementor-element elementor-element-12b8a77 e-flex e-con-boxed e-con e-parent\" data-id=\"12b8a77\" data-element_type=\"container\" data-core-v316-plus=\"true\">\n\t\t\t\t\t<div class=\"e-con-inner\">\n\t\t\t\t<div class=\"elementor-element elementor-element-4c6c2db elementor-widget elementor-widget-spacer\" data-id=\"4c6c2db\" data-element_type=\"widget\" data-widget_type=\"spacer.default\">\n\t\t\t\t<div class=\"elementor-widget-container\">\n\t\t\t\t\t<div class=\"elementor-spacer\">\n\t\t\t<div class=\"elementor-spacer-inner\"><\/div>\n\t\t<\/div>\n\t\t\t\t<\/div>\n\t\t\t\t<\/div>\n\t\t\t\t\t<\/div>\n\t\t\t\t<\/div>\n\t\t<div class=\"elementor-element elementor-element-1c79762 e-flex e-con-boxed e-con e-parent\" data-id=\"1c79762\" data-element_type=\"container\" data-core-v316-plus=\"true\">\n\t\t\t\t\t<div class=\"e-con-inner\">\n\t\t\t\t<div class=\"elementor-element elementor-element-41a679d elementor-widget-divider--view-line elementor-widget elementor-widget-divider\" data-id=\"41a679d\" data-element_type=\"widget\" data-widget_type=\"divider.default\">\n\t\t\t\t<div class=\"elementor-widget-container\">\n\t\t\t<style>\/*! elementor - v3.20.0 - 20-03-2024 *\/\n.elementor-widget-divider{--divider-border-style:none;--divider-border-width:1px;--divider-color:#0c0d0e;--divider-icon-size:20px;--divider-element-spacing:10px;--divider-pattern-height:24px;--divider-pattern-size:20px;--divider-pattern-url:none;--divider-pattern-repeat:repeat-x}.elementor-widget-divider .elementor-divider{display:flex}.elementor-widget-divider .elementor-divider__text{font-size:15px;line-height:1;max-width:95%}.elementor-widget-divider .elementor-divider__element{margin:0 var(--divider-element-spacing);flex-shrink:0}.elementor-widget-divider .elementor-icon{font-size:var(--divider-icon-size)}.elementor-widget-divider .elementor-divider-separator{display:flex;margin:0;direction:ltr}.elementor-widget-divider--view-line_icon .elementor-divider-separator,.elementor-widget-divider--view-line_text .elementor-divider-separator{align-items:center}.elementor-widget-divider--view-line_icon .elementor-divider-separator:after,.elementor-widget-divider--view-line_icon .elementor-divider-separator:before,.elementor-widget-divider--view-line_text .elementor-divider-separator:after,.elementor-widget-divider--view-line_text .elementor-divider-separator:before{display:block;content:\"\";border-block-end:0;flex-grow:1;border-block-start:var(--divider-border-width) var(--divider-border-style) var(--divider-color)}.elementor-widget-divider--element-align-left .elementor-divider .elementor-divider-separator>.elementor-divider__svg:first-of-type{flex-grow:0;flex-shrink:100}.elementor-widget-divider--element-align-left .elementor-divider-separator:before{content:none}.elementor-widget-divider--element-align-left .elementor-divider__element{margin-left:0}.elementor-widget-divider--element-align-right .elementor-divider .elementor-divider-separator>.elementor-divider__svg:last-of-type{flex-grow:0;flex-shrink:100}.elementor-widget-divider--element-align-right .elementor-divider-separator:after{content:none}.elementor-widget-divider--element-align-right .elementor-divider__element{margin-right:0}.elementor-widget-divider--element-align-start .elementor-divider .elementor-divider-separator>.elementor-divider__svg:first-of-type{flex-grow:0;flex-shrink:100}.elementor-widget-divider--element-align-start .elementor-divider-separator:before{content:none}.elementor-widget-divider--element-align-start .elementor-divider__element{margin-inline-start:0}.elementor-widget-divider--element-align-end .elementor-divider .elementor-divider-separator>.elementor-divider__svg:last-of-type{flex-grow:0;flex-shrink:100}.elementor-widget-divider--element-align-end .elementor-divider-separator:after{content:none}.elementor-widget-divider--element-align-end .elementor-divider__element{margin-inline-end:0}.elementor-widget-divider:not(.elementor-widget-divider--view-line_text):not(.elementor-widget-divider--view-line_icon) .elementor-divider-separator{border-block-start:var(--divider-border-width) var(--divider-border-style) var(--divider-color)}.elementor-widget-divider--separator-type-pattern{--divider-border-style:none}.elementor-widget-divider--separator-type-pattern.elementor-widget-divider--view-line .elementor-divider-separator,.elementor-widget-divider--separator-type-pattern:not(.elementor-widget-divider--view-line) .elementor-divider-separator:after,.elementor-widget-divider--separator-type-pattern:not(.elementor-widget-divider--view-line) .elementor-divider-separator:before,.elementor-widget-divider--separator-type-pattern:not([class*=elementor-widget-divider--view]) .elementor-divider-separator{width:100%;min-height:var(--divider-pattern-height);-webkit-mask-size:var(--divider-pattern-size) 100%;mask-size:var(--divider-pattern-size) 100%;-webkit-mask-repeat:var(--divider-pattern-repeat);mask-repeat:var(--divider-pattern-repeat);background-color:var(--divider-color);-webkit-mask-image:var(--divider-pattern-url);mask-image:var(--divider-pattern-url)}.elementor-widget-divider--no-spacing{--divider-pattern-size:auto}.elementor-widget-divider--bg-round{--divider-pattern-repeat:round}.rtl .elementor-widget-divider .elementor-divider__text{direction:rtl}.e-con-inner>.elementor-widget-divider,.e-con>.elementor-widget-divider{width:var(--container-widget-width,100%);--flex-grow:var(--container-widget-flex-grow)}<\/style>\t\t<div class=\"elementor-divider\">\n\t\t\t<span class=\"elementor-divider-separator\">\n\t\t\t\t\t\t<\/span>\n\t\t<\/div>\n\t\t\t\t<\/div>\n\t\t\t\t<\/div>\n\t\t\t\t\t<\/div>\n\t\t\t\t<\/div>\n\t\t<div class=\"elementor-element elementor-element-398a5d3 e-flex e-con-boxed e-con e-parent\" data-id=\"398a5d3\" data-element_type=\"container\" data-core-v316-plus=\"true\">\n\t\t\t\t\t<div class=\"e-con-inner\">\n\t\t\t\t<div class=\"elementor-element elementor-element-f7afa4f elementor-widget elementor-widget-spacer\" data-id=\"f7afa4f\" data-element_type=\"widget\" data-widget_type=\"spacer.default\">\n\t\t\t\t<div class=\"elementor-widget-container\">\n\t\t\t\t\t<div class=\"elementor-spacer\">\n\t\t\t<div class=\"elementor-spacer-inner\"><\/div>\n\t\t<\/div>\n\t\t\t\t<\/div>\n\t\t\t\t<\/div>\n\t\t\t\t\t<\/div>\n\t\t\t\t<\/div>\n\t\t<div class=\"elementor-element elementor-element-fb2cf8a e-flex e-con-boxed e-con e-parent\" data-id=\"fb2cf8a\" data-element_type=\"container\" data-core-v316-plus=\"true\">\n\t\t\t\t\t<div class=\"e-con-inner\">\n\t\t<div class=\"elementor-element elementor-element-535e90f e-con-full e-flex e-con e-child\" data-id=\"535e90f\" data-element_type=\"container\">\n\t\t\t\t<div class=\"elementor-element elementor-element-2652739 elementor-widget elementor-widget-image\" data-id=\"2652739\" data-element_type=\"widget\" data-widget_type=\"image.default\">\n\t\t\t\t<div class=\"elementor-widget-container\">\n\t\t\t\t\t\t\t\t\t\t\t\t\t<img decoding=\"async\" width=\"800\" height=\"861\" src=\"https:\/\/nmevents.se\/tratoppen\/wp-content\/uploads\/sites\/72\/2025\/06\/Tratoppen25_ikon-2-952x1024.png\" class=\"attachment-large size-large wp-image-3032\" alt=\"\" srcset=\"https:\/\/nmevents.se\/tratoppen\/wp-content\/uploads\/sites\/72\/2025\/06\/Tratoppen25_ikon-2-952x1024.png 952w, https:\/\/nmevents.se\/tratoppen\/wp-content\/uploads\/sites\/72\/2025\/06\/Tratoppen25_ikon-2-279x300.png 279w, https:\/\/nmevents.se\/tratoppen\/wp-content\/uploads\/sites\/72\/2025\/06\/Tratoppen25_ikon-2-768x826.png 768w, https:\/\/nmevents.se\/tratoppen\/wp-content\/uploads\/sites\/72\/2025\/06\/Tratoppen25_ikon-2-1428x1536.png 1428w, https:\/\/nmevents.se\/tratoppen\/wp-content\/uploads\/sites\/72\/2025\/06\/Tratoppen25_ikon-2-1904x2048.png 1904w\" sizes=\"(max-width: 800px) 100vw, 800px\" \/>\t\t\t\t\t\t\t\t\t\t\t\t\t<\/div>\n\t\t\t\t<\/div>\n\t\t\t\t<\/div>\n\t\t\t\t<div class=\"elementor-element elementor-element-35b0858 elementor-widget elementor-widget-spacer\" data-id=\"35b0858\" data-element_type=\"widget\" data-widget_type=\"spacer.default\">\n\t\t\t\t<div class=\"elementor-widget-container\">\n\t\t\t\t\t<div class=\"elementor-spacer\">\n\t\t\t<div class=\"elementor-spacer-inner\"><\/div>\n\t\t<\/div>\n\t\t\t\t<\/div>\n\t\t\t\t<\/div>\n\t\t<div class=\"elementor-element elementor-element-19e8cf6 e-con-full e-flex e-con e-child\" data-id=\"19e8cf6\" data-element_type=\"container\">\n\t\t\t\t<div class=\"elementor-element elementor-element-16d1b08 elementor-widget elementor-widget-text-editor\" data-id=\"16d1b08\" data-element_type=\"widget\" data-widget_type=\"text-editor.default\">\n\t\t\t\t<div class=\"elementor-widget-container\">\n\t\t\t\t\t\t\t<p>Kriterier f\u00f6r Tr\u00e4toppen <br \/>\u2013 <em>\u00c5rets innovat\u00f6r inom Tr\u00e4industrin<\/em><\/p>\t\t\t\t\t\t<\/div>\n\t\t\t\t<\/div>\n\t\t\t\t<div class=\"elementor-element elementor-element-88399cd elementor-widget elementor-widget-text-editor\" data-id=\"88399cd\" data-element_type=\"widget\" data-widget_type=\"text-editor.default\">\n\t\t\t\t<div class=\"elementor-widget-container\">\n\t\t\t\t\t\t\t<p><strong>Innovation<\/strong><br \/>Vinnaren av \u201dTr\u00e4toppen \u2013 \u00c5rets Innovat\u00f6r\u201d \u00e4r en individ, ett f\u00f6retag eller en organisation som har introducerat innovativa id\u00e9er och l\u00f6sningar som driver utvecklingen inom samtliga omr\u00e5den av tr\u00e4industrin.<\/p><p><strong>F\u00f6r\u00e4ndringskraft<\/strong><br \/>Hen \u00e4r en f\u00f6r\u00e4ndringskraft och initierar framsteg oavsett om det \u00e4r inom teknologi, processer eller strategiska tillv\u00e4gag\u00e5ngss\u00e4tt f\u00f6r att utveckla tr\u00e4industrin.<\/p><p><strong>Inspiration f\u00f6r framtiden<\/strong><br \/>Personen eller organisationen fungerar som en inspirationsk\u00e4lla f\u00f6r andra inom tr\u00e4industrin,motiverar tillframsteg och nyt\u00e4nkande.<\/p>\t\t\t\t\t\t<\/div>\n\t\t\t\t<\/div>\n\t\t\t\t<\/div>\n\t\t\t\t\t<\/div>\n\t\t\t\t<\/div>\n\t\t<div class=\"elementor-element elementor-element-4603550 e-flex e-con-boxed e-con e-parent\" data-id=\"4603550\" data-element_type=\"container\" data-core-v316-plus=\"true\">\n\t\t\t\t\t<div class=\"e-con-inner\">\n\t\t\t\t<div class=\"elementor-element elementor-element-6061087 elementor-widget elementor-widget-spacer\" data-id=\"6061087\" data-element_type=\"widget\" data-widget_type=\"spacer.default\">\n\t\t\t\t<div class=\"elementor-widget-container\">\n\t\t\t\t\t<div class=\"elementor-spacer\">\n\t\t\t<div class=\"elementor-spacer-inner\"><\/div>\n\t\t<\/div>\n\t\t\t\t<\/div>\n\t\t\t\t<\/div>\n\t\t\t\t\t<\/div>\n\t\t\t\t<\/div>\n\t\t\t\t<\/div>\n\t\t","protected":false},"excerpt":{"rendered":"<p>Syftet med Tr\u00e4toppen Innovation: Priset syftar till att hedra dem som driver f\u00f6rnyelse och utveckling, oavsett om det handlar om teknologiska framsteg, aff\u00e4rsmodeller, kundupplevelser eller andra kreativa l\u00f6sningar. F\u00f6r\u00e4ndringen ska ha f\u00f6rb\u00e4ttrat och utvecklat hela sektorn. Genom detta pris str\u00e4var vi efter att inspirera hela tr\u00e4industrin att omfamna id\u00e9er och l\u00f6sningar samt aktivt arbeta mot [&hellip;]<\/p>\n","protected":false},"author":21,"featured_media":0,"parent":0,"menu_order":0,"comment_status":"closed","ping_status":"closed","template":"","meta":{"_acf_changed":false,"inline_featured_image":false,"footnotes":""},"acf":[],"_links":{"self":[{"href":"https:\/\/nmevents.se\/tratoppen\/wp-json\/wp\/v2\/pages\/2718"}],"collection":[{"href":"https:\/\/nmevents.se\/tratoppen\/wp-json\/wp\/v2\/pages"}],"about":[{"href":"https:\/\/nmevents.se\/tratoppen\/wp-json\/wp\/v2\/types\/page"}],"author":[{"embeddable":true,"href":"https:\/\/nmevents.se\/tratoppen\/wp-json\/wp\/v2\/users\/21"}],"replies":[{"embeddable":true,"href":"https:\/\/nmevents.se\/tratoppen\/wp-json\/wp\/v2\/comments?post=2718"}],"version-history":[{"count":100,"href":"https:\/\/nmevents.se\/tratoppen\/wp-json\/wp\/v2\/pages\/2718\/revisions"}],"predecessor-version":[{"id":3317,"href":"https:\/\/nmevents.se\/tratoppen\/wp-json\/wp\/v2\/pages\/2718\/revisions\/3317"}],"wp:attachment":[{"href":"https:\/\/nmevents.se\/tratoppen\/wp-json\/wp\/v2\/media?parent=2718"}],"curies":[{"name":"wp","href":"https:\/\/api.w.org\/{rel}","templated":true}]}}