{"id":1010,"date":"2024-02-20T10:38:39","date_gmt":"2024-02-20T09:38:39","guid":{"rendered":"https:\/\/nmevents.se\/underhallsdagen\/?page_id=1010"},"modified":"2025-06-27T14:27:45","modified_gmt":"2025-06-27T12:27:45","slug":"om-ud","status":"publish","type":"page","link":"https:\/\/nmevents.se\/underhallsdagen\/om-ud\/","title":{"rendered":"Om U&#038;D"},"content":{"rendered":"\t\t<div data-elementor-type=\"wp-page\" data-elementor-id=\"1010\" class=\"elementor elementor-1010\" data-elementor-post-type=\"page\">\n\t\t\t\t<div class=\"elementor-element elementor-element-c4ee723 e-flex e-con-boxed e-con e-parent\" data-id=\"c4ee723\" data-element_type=\"container\" data-core-v316-plus=\"true\">\n\t\t\t\t\t<div class=\"e-con-inner\">\n\t\t<div class=\"elementor-element elementor-element-0a91de3 e-con-full e-flex e-con e-child\" data-id=\"0a91de3\" data-element_type=\"container\">\n\t\t\t\t<div class=\"elementor-element elementor-element-7776737 elementor-widget elementor-widget-heading\" data-id=\"7776737\" data-element_type=\"widget\" data-widget_type=\"heading.default\">\n\t\t\t\t<div class=\"elementor-widget-container\">\n\t\t\t<style>\/*! elementor - v3.20.0 - 20-03-2024 *\/\n.elementor-heading-title{padding:0;margin:0;line-height:1}.elementor-widget-heading .elementor-heading-title[class*=elementor-size-]>a{color:inherit;font-size:inherit;line-height:inherit}.elementor-widget-heading .elementor-heading-title.elementor-size-small{font-size:15px}.elementor-widget-heading .elementor-heading-title.elementor-size-medium{font-size:19px}.elementor-widget-heading .elementor-heading-title.elementor-size-large{font-size:29px}.elementor-widget-heading .elementor-heading-title.elementor-size-xl{font-size:39px}.elementor-widget-heading .elementor-heading-title.elementor-size-xxl{font-size:59px}<\/style><h1 class=\"elementor-heading-title elementor-size-default\">Om U&D<\/h1>\t\t<\/div>\n\t\t\t\t<\/div>\n\t\t\t\t<\/div>\n\t\t\t\t\t<\/div>\n\t\t\t\t<\/div>\n\t\t<div class=\"elementor-element elementor-element-d2df495 e-flex e-con-boxed e-con e-parent\" data-id=\"d2df495\" data-element_type=\"container\" data-core-v316-plus=\"true\">\n\t\t\t\t\t<div class=\"e-con-inner\">\n\t\t<div class=\"elementor-element elementor-element-a91196e e-con-full e-flex e-con e-child\" data-id=\"a91196e\" data-element_type=\"container\">\n\t\t\t\t<div class=\"elementor-element elementor-element-ab157ba elementor-widget elementor-widget-text-editor\" data-id=\"ab157ba\" data-element_type=\"widget\" data-widget_type=\"text-editor.default\">\n\t\t\t\t<div class=\"elementor-widget-container\">\n\t\t\t<style>\/*! elementor - v3.20.0 - 20-03-2024 *\/\n.elementor-widget-text-editor.elementor-drop-cap-view-stacked .elementor-drop-cap{background-color:#69727d;color:#fff}.elementor-widget-text-editor.elementor-drop-cap-view-framed .elementor-drop-cap{color:#69727d;border:3px solid;background-color:transparent}.elementor-widget-text-editor:not(.elementor-drop-cap-view-default) .elementor-drop-cap{margin-top:8px}.elementor-widget-text-editor:not(.elementor-drop-cap-view-default) .elementor-drop-cap-letter{width:1em;height:1em}.elementor-widget-text-editor .elementor-drop-cap{float:left;text-align:center;line-height:1;font-size:50px}.elementor-widget-text-editor .elementor-drop-cap-letter{display:inline-block}<\/style>\t\t\t\t<p class=\"\"><strong>UochD &#8211; f\u00f6r alla som arbetar med underh\u00e5ll.<\/strong><\/p><p class=\"\"><span class=\"\">Underh\u00e5ll &amp; Drifts\u00e4kerhet har ingen motsvarighet i Sverige. Varje sida, i varje nummer, \u00e4gnas 100 procent \u00e5t underh\u00e5lls- och drifts\u00e4kerhetsfr\u00e5gor. <\/span><\/p><p class=\"\"><span class=\"\">U&amp;D<\/span><span class=\"\">\u00a0skriver i f\u00f6rsta hand om svenska f\u00f6retag och m\u00e4ssor, men eftersom m\u00e5nga av v\u00e5ra st\u00f6rre f\u00f6retag \u00e4r verksamma p\u00e5 den globala marknaden blickar vi ocks\u00e5 utanf\u00f6r landets gr\u00e4nser. <\/span><\/p><p class=\"\"><span class=\"\">Den tekniska utvecklingen g\u00e5r snabbt nu. Hela tiden lanseras nya sensorer, nya och f\u00f6rb\u00e4ttrade versioner av befintliga underh\u00e5llssystem och ibland helt nya system. Det experimenteras flitigt med dr\u00f6nare. De testas f\u00f6r inspektioner av vindkraftverk, inre kontroll av f\u00f6rbr\u00e4nningskammare och i nyspr\u00e4ngda gruvg\u00e5ngar. Experter lotsar med hj\u00e4lp av augmented reality underh\u00e5llspersonal. Ibland sitter experten p\u00e5 andra sidan jordklotet. Additiv tillverkning, eller 3D-printning som det ocks\u00e5 kallas, har \u00f6ppnat nya m\u00f6jligheter att snabbt och l\u00e4tt tillverka reservdelar, vilket f\u00f6rkortar ner den oftast kostsamma stopptiden vid haverier. Idag st\u00e5r ocks\u00e5 s\u00e4kerheten h\u00f6gt p\u00e5 agendan d\u00e4r IT har blivit en avg\u00f6rande fr\u00e5ga, n\u00e5got vi hela tiden f\u00f6ljer och f\u00f6rdjupar oss i. <\/span><\/p>\t\t\t\t\t\t<\/div>\n\t\t\t\t<\/div>\n\t\t\t\t<div class=\"elementor-element elementor-element-b240df6 elementor-widget elementor-widget-button\" data-id=\"b240df6\" data-element_type=\"widget\" data-widget_type=\"button.default\">\n\t\t\t\t<div class=\"elementor-widget-container\">\n\t\t\t\t\t<div class=\"elementor-button-wrapper\">\n\t\t\t<a class=\"elementor-button elementor-button-link elementor-size-lg\" href=\"https:\/\/www.uochd.se\/\">\n\t\t\t\t\t\t<span class=\"elementor-button-content-wrapper\">\n\t\t\t\t\t\t<span class=\"elementor-button-text\">L\u00e4s U&D h\u00e4r<\/span>\n\t\t<\/span>\n\t\t\t\t\t<\/a>\n\t\t<\/div>\n\t\t\t\t<\/div>\n\t\t\t\t<\/div>\n\t\t\t\t<\/div>\n\t\t<div class=\"elementor-element elementor-element-c115831 e-con-full e-flex e-con e-child\" data-id=\"c115831\" data-element_type=\"container\">\n\t\t\t\t<div class=\"elementor-element elementor-element-e9bfe16 elementor-widget elementor-widget-image\" data-id=\"e9bfe16\" data-element_type=\"widget\" data-widget_type=\"image.default\">\n\t\t\t\t<div class=\"elementor-widget-container\">\n\t\t\t<style>\/*! elementor - v3.20.0 - 20-03-2024 *\/\n.elementor-widget-image{text-align:center}.elementor-widget-image a{display:inline-block}.elementor-widget-image a img[src$=\".svg\"]{width:48px}.elementor-widget-image img{vertical-align:middle;display:inline-block}<\/style>\t\t\t\t\t\t\t\t\t\t<img fetchpriority=\"high\" decoding=\"async\" width=\"594\" height=\"841\" src=\"https:\/\/nmevents.se\/underhallsdagen\/wp-content\/uploads\/sites\/11\/2024\/02\/Omslag-UD-Medieinfo.png\" class=\"attachment-medium_large size-medium_large wp-image-1015\" alt=\"\" srcset=\"https:\/\/nmevents.se\/underhallsdagen\/wp-content\/uploads\/sites\/11\/2024\/02\/Omslag-UD-Medieinfo.png 594w, https:\/\/nmevents.se\/underhallsdagen\/wp-content\/uploads\/sites\/11\/2024\/02\/Omslag-UD-Medieinfo-212x300.png 212w\" sizes=\"(max-width: 594px) 100vw, 594px\" \/>\t\t\t\t\t\t\t\t\t\t\t\t\t<\/div>\n\t\t\t\t<\/div>\n\t\t\t\t<\/div>\n\t\t\t\t\t<\/div>\n\t\t\t\t<\/div>\n\t\t\t\t<\/div>\n\t\t","protected":false},"excerpt":{"rendered":"<p>Om U&#038;D UochD &#8211; f\u00f6r alla som arbetar med underh\u00e5ll. Underh\u00e5ll &amp; Drifts\u00e4kerhet har ingen motsvarighet i Sverige. Varje sida, i varje nummer, \u00e4gnas 100 procent \u00e5t underh\u00e5lls- och drifts\u00e4kerhetsfr\u00e5gor. U&amp;D\u00a0skriver i f\u00f6rsta hand om svenska f\u00f6retag och m\u00e4ssor, men eftersom m\u00e5nga av v\u00e5ra st\u00f6rre f\u00f6retag \u00e4r verksamma p\u00e5 den globala marknaden blickar vi ocks\u00e5 [&hellip;]<\/p>\n","protected":false},"author":7,"featured_media":0,"parent":0,"menu_order":0,"comment_status":"closed","ping_status":"closed","template":"","meta":{"_acf_changed":false,"footnotes":""},"acf":[],"_links":{"self":[{"href":"https:\/\/nmevents.se\/underhallsdagen\/wp-json\/wp\/v2\/pages\/1010"}],"collection":[{"href":"https:\/\/nmevents.se\/underhallsdagen\/wp-json\/wp\/v2\/pages"}],"about":[{"href":"https:\/\/nmevents.se\/underhallsdagen\/wp-json\/wp\/v2\/types\/page"}],"author":[{"embeddable":true,"href":"https:\/\/nmevents.se\/underhallsdagen\/wp-json\/wp\/v2\/users\/7"}],"replies":[{"embeddable":true,"href":"https:\/\/nmevents.se\/underhallsdagen\/wp-json\/wp\/v2\/comments?post=1010"}],"version-history":[{"count":35,"href":"https:\/\/nmevents.se\/underhallsdagen\/wp-json\/wp\/v2\/pages\/1010\/revisions"}],"predecessor-version":[{"id":3013,"href":"https:\/\/nmevents.se\/underhallsdagen\/wp-json\/wp\/v2\/pages\/1010\/revisions\/3013"}],"wp:attachment":[{"href":"https:\/\/nmevents.se\/underhallsdagen\/wp-json\/wp\/v2\/media?parent=1010"}],"curies":[{"name":"wp","href":"https:\/\/api.w.org\/{rel}","templated":true}]}}