{"id":1123,"date":"2024-03-05T09:08:15","date_gmt":"2024-03-05T08:08:15","guid":{"rendered":"https:\/\/nmevents.se\/underhallsdagen\/?page_id=1123"},"modified":"2025-06-27T14:50:30","modified_gmt":"2025-06-27T12:50:30","slug":"partners","status":"publish","type":"page","link":"https:\/\/nmevents.se\/underhallsdagen\/partners\/","title":{"rendered":"Partners"},"content":{"rendered":"\t\t<div data-elementor-type=\"wp-page\" data-elementor-id=\"1123\" class=\"elementor elementor-1123\" data-elementor-post-type=\"page\">\n\t\t\t\t<div class=\"elementor-element elementor-element-cb4c359 e-flex e-con-boxed e-con e-parent\" data-id=\"cb4c359\" data-element_type=\"container\" data-core-v316-plus=\"true\">\n\t\t\t\t\t<div class=\"e-con-inner\">\n\t\t<div class=\"elementor-element elementor-element-f8527b9 e-con-full e-flex e-con e-child\" data-id=\"f8527b9\" data-element_type=\"container\">\n\t\t\t\t<div class=\"elementor-element elementor-element-7bcf309 elementor-widget elementor-widget-heading\" data-id=\"7bcf309\" data-element_type=\"widget\" data-widget_type=\"heading.default\">\n\t\t\t\t<div class=\"elementor-widget-container\">\n\t\t\t<style>\/*! elementor - v3.20.0 - 20-03-2024 *\/\n.elementor-heading-title{padding:0;margin:0;line-height:1}.elementor-widget-heading .elementor-heading-title[class*=elementor-size-]>a{color:inherit;font-size:inherit;line-height:inherit}.elementor-widget-heading .elementor-heading-title.elementor-size-small{font-size:15px}.elementor-widget-heading .elementor-heading-title.elementor-size-medium{font-size:19px}.elementor-widget-heading .elementor-heading-title.elementor-size-large{font-size:29px}.elementor-widget-heading .elementor-heading-title.elementor-size-xl{font-size:39px}.elementor-widget-heading .elementor-heading-title.elementor-size-xxl{font-size:59px}<\/style><h1 class=\"elementor-heading-title elementor-size-default\">Partners<\/h1>\t\t<\/div>\n\t\t\t\t<\/div>\n\t\t\t\t<\/div>\n\t\t\t\t\t<\/div>\n\t\t\t\t<\/div>\n\t\t<div class=\"elementor-element elementor-element-67b0dbe e-flex e-con-boxed e-con e-parent\" data-id=\"67b0dbe\" data-element_type=\"container\" data-core-v316-plus=\"true\">\n\t\t\t\t\t<div class=\"e-con-inner\">\n\t\t<div class=\"elementor-element elementor-element-57a3271 e-con-full e-flex e-con e-child\" data-id=\"57a3271\" data-element_type=\"container\">\n\t\t\t\t<div class=\"elementor-element elementor-element-c15be25 elementor-widget elementor-widget-text-editor\" data-id=\"c15be25\" data-element_type=\"widget\" data-widget_type=\"text-editor.default\">\n\t\t\t\t<div class=\"elementor-widget-container\">\n\t\t\t<style>\/*! elementor - v3.20.0 - 20-03-2024 *\/\n.elementor-widget-text-editor.elementor-drop-cap-view-stacked .elementor-drop-cap{background-color:#69727d;color:#fff}.elementor-widget-text-editor.elementor-drop-cap-view-framed .elementor-drop-cap{color:#69727d;border:3px solid;background-color:transparent}.elementor-widget-text-editor:not(.elementor-drop-cap-view-default) .elementor-drop-cap{margin-top:8px}.elementor-widget-text-editor:not(.elementor-drop-cap-view-default) .elementor-drop-cap-letter{width:1em;height:1em}.elementor-widget-text-editor .elementor-drop-cap{float:left;text-align:center;line-height:1;font-size:50px}.elementor-widget-text-editor .elementor-drop-cap-letter{display:inline-block}<\/style>\t\t\t\t<h3>Abus Kransystem<\/h3><p>ABUS Kransystem \u00e4r en ledande leverant\u00f6r av lyftutrustning och erbjuder innovativa och p\u00e5litliga l\u00f6sningar f\u00f6r en s\u00e4ker och effektiv materialhantering. Med ett brett utbud av produkter, inklusive traverskranar, sv\u00e4ngkranar, l\u00e4ttraverssystem och olika typer av telfrar, anpassar de sina l\u00f6sningar efter kundens behov. Ut\u00f6ver h\u00f6gkvalitativa produkter tillhandah\u00e5ller ABUS \u00e4ven service och underh\u00e5ll f\u00f6r att s\u00e4kerst\u00e4lla l\u00e5ng livsl\u00e4ngd och drifts\u00e4kerhet, samt utbildning f\u00f6r att ge operat\u00f6rer r\u00e4tt kunskap i daglig tillsyn och periodiskt underh\u00e5ll. F\u00f6retaget erbjuder dessutom reservdelar och moderniseringar f\u00f6r att optimera och uppgradera befintliga kransystem. Med en stark lokal n\u00e4rvaro p\u00e5 \u00f6ver 20 orter i Sverige, fr\u00e5n Kiruna i norr till Kristianstad i s\u00f6der, finns ABUS alltid n\u00e4ra till hands f\u00f6r b\u00e5de f\u00f6rs\u00e4ljning och teknisk support.<\/p>\t\t\t\t\t\t<\/div>\n\t\t\t\t<\/div>\n\t\t\t\t<\/div>\n\t\t<div class=\"elementor-element elementor-element-39d1a41 e-con-full e-flex e-con e-child\" data-id=\"39d1a41\" data-element_type=\"container\">\n\t\t\t\t<div class=\"elementor-element elementor-element-58f0963 elementor-widget elementor-widget-image\" data-id=\"58f0963\" data-element_type=\"widget\" data-widget_type=\"image.default\">\n\t\t\t\t<div class=\"elementor-widget-container\">\n\t\t\t<style>\/*! elementor - v3.20.0 - 20-03-2024 *\/\n.elementor-widget-image{text-align:center}.elementor-widget-image a{display:inline-block}.elementor-widget-image a img[src$=\".svg\"]{width:48px}.elementor-widget-image img{vertical-align:middle;display:inline-block}<\/style>\t\t\t\t\t\t\t\t\t\t\t<a href=\"https:\/\/www.abus-kransystem.se\" target=\"_blank\">\n\t\t\t\t\t\t\t<img decoding=\"async\" width=\"300\" height=\"111\" src=\"https:\/\/nmevents.se\/underhallsdagen\/wp-content\/uploads\/sites\/11\/2024\/02\/Abus-300x111.jpg\" class=\"attachment-medium size-medium wp-image-951\" alt=\"\" srcset=\"https:\/\/nmevents.se\/underhallsdagen\/wp-content\/uploads\/sites\/11\/2024\/02\/Abus-300x111.jpg 300w, https:\/\/nmevents.se\/underhallsdagen\/wp-content\/uploads\/sites\/11\/2024\/02\/Abus.jpg 600w\" sizes=\"(max-width: 300px) 100vw, 300px\" \/>\t\t\t\t\t\t\t\t<\/a>\n\t\t\t\t\t\t\t\t\t\t\t\t\t<\/div>\n\t\t\t\t<\/div>\n\t\t\t\t<\/div>\n\t\t\t\t\t<\/div>\n\t\t\t\t<\/div>\n\t\t<div class=\"elementor-element elementor-element-74eae78 e-flex e-con-boxed e-con e-parent\" data-id=\"74eae78\" data-element_type=\"container\" data-core-v316-plus=\"true\">\n\t\t\t\t\t<div class=\"e-con-inner\">\n\t\t<div class=\"elementor-element elementor-element-ec485ac e-con-full e-flex e-con e-child\" data-id=\"ec485ac\" data-element_type=\"container\">\n\t\t\t\t<div class=\"elementor-element elementor-element-7f2bdf7 elementor-widget elementor-widget-text-editor\" data-id=\"7f2bdf7\" data-element_type=\"widget\" data-widget_type=\"text-editor.default\">\n\t\t\t\t<div class=\"elementor-widget-container\">\n\t\t\t\t\t\t\t<h3>UE Systems<\/h3>\n<p>UE Systems \u00e4r ett ledande f\u00f6retag inom tillst\u00e5nds\u00f6vervakning och tillst\u00e5ndsbed\u00f6mning av roterande maskiner och utrustning. Genom att erbjuda innovativa ultraljudstekniker och l\u00f6sningar hj\u00e4lper de industrier att uppr\u00e4tth\u00e5lla tillf\u00f6rlitlighet och effektivitet i sina anl\u00e4ggningar. F\u00f6retagets produkter och tj\u00e4nster m\u00f6jligg\u00f6r tidig uppt\u00e4ckt av mekaniska problem, vilket minskar risken f\u00f6r ov\u00e4ntade driftstopp och \u00f6kar livsl\u00e4ngden p\u00e5 utrustningen. UE Systems erbjuder \u00e4ven omfattande utbildning och expertis f\u00f6r att st\u00f6dja sina kunder i att implementera och utnyttja deras l\u00f6sningar p\u00e5 b\u00e4sta m\u00f6jliga s\u00e4tt. Med fokus p\u00e5 att optimera tillg\u00e4nglighet, tillf\u00f6rlitlighet och s\u00e4kerhet \u00e4r UE Systems en p\u00e5litlig partner f\u00f6r f\u00f6retag inom olika branscher v\u00e4rlden \u00f6ver.<\/p>\t\t\t\t\t\t<\/div>\n\t\t\t\t<\/div>\n\t\t\t\t<\/div>\n\t\t<div class=\"elementor-element elementor-element-9fca000 e-con-full e-flex e-con e-child\" data-id=\"9fca000\" data-element_type=\"container\">\n\t\t\t\t<div class=\"elementor-element elementor-element-78e2d24 elementor-widget elementor-widget-image\" data-id=\"78e2d24\" data-element_type=\"widget\" data-widget_type=\"image.default\">\n\t\t\t\t<div class=\"elementor-widget-container\">\n\t\t\t\t\t\t\t\t\t\t\t\t\t\t<a href=\"https:\/\/www.uesystems.com\/sv\/\" target=\"_blank\">\n\t\t\t\t\t\t\t<img decoding=\"async\" width=\"294\" height=\"150\" src=\"https:\/\/nmevents.se\/underhallsdagen\/wp-content\/uploads\/sites\/11\/2024\/02\/logo_PNG-300px.png\" class=\"attachment-medium size-medium wp-image-848\" alt=\"\" \/>\t\t\t\t\t\t\t\t<\/a>\n\t\t\t\t\t\t\t\t\t\t\t\t\t<\/div>\n\t\t\t\t<\/div>\n\t\t\t\t<\/div>\n\t\t\t\t\t<\/div>\n\t\t\t\t<\/div>\n\t\t<div class=\"elementor-element elementor-element-a6eed88 e-flex e-con-boxed e-con e-parent\" data-id=\"a6eed88\" data-element_type=\"container\" data-core-v316-plus=\"true\">\n\t\t\t\t\t<div class=\"e-con-inner\">\n\t\t<div class=\"elementor-element elementor-element-5e7a1d5 e-con-full e-flex e-con e-child\" data-id=\"5e7a1d5\" data-element_type=\"container\">\n\t\t\t\t<div class=\"elementor-element elementor-element-ff716ad elementor-widget elementor-widget-text-editor\" data-id=\"ff716ad\" data-element_type=\"widget\" data-widget_type=\"text-editor.default\">\n\t\t\t\t<div class=\"elementor-widget-container\">\n\t\t\t\t\t\t\t<h3><strong>Chesterton\u00a0<\/strong><\/h3><p>Chesterton \u00e4r en global ledare inom industriella t\u00e4tningar, sm\u00f6rjmedel och tillst\u00e5nds\u00f6vervakning. Med \u00f6ver 130 \u00e5rs erfarenhet hj\u00e4lper Chesterton f\u00f6retag inom processindustrin att f\u00f6rb\u00e4ttra drifts\u00e4kerhet, minska oplanerade stopp och f\u00f6rl\u00e4nga livsl\u00e4ngden p\u00e5 kritisk utrustning. Genom innovativa l\u00f6sningar och teknisk support bidrar Chesterton till ett mer h\u00e5llbart och kostnadseffektivt underh\u00e5ll. P\u00e5 Processunderh\u00e5ll delar de med sig av sin expertis f\u00f6r att hj\u00e4lpa industrin att m\u00f6ta dagens och framtidens underh\u00e5llsutmaningar.<\/p>\t\t\t\t\t\t<\/div>\n\t\t\t\t<\/div>\n\t\t\t\t<\/div>\n\t\t<div class=\"elementor-element elementor-element-63afed3 e-con-full e-flex e-con e-child\" data-id=\"63afed3\" data-element_type=\"container\">\n\t\t\t\t<div class=\"elementor-element elementor-element-2b6805d elementor-widget elementor-widget-image\" data-id=\"2b6805d\" data-element_type=\"widget\" data-widget_type=\"image.default\">\n\t\t\t\t<div class=\"elementor-widget-container\">\n\t\t\t\t\t\t\t\t\t\t\t\t\t\t<a href=\"https:\/\/chesterton.com\/\" target=\"_blank\">\n\t\t\t\t\t\t\t<img decoding=\"async\" width=\"235\" height=\"43\" src=\"https:\/\/nmevents.se\/underhallsdagen\/wp-content\/uploads\/sites\/11\/2025\/05\/Chesterton_Logo_CMYK_Vect.png\" class=\"attachment-medium size-medium wp-image-2795\" alt=\"\" \/>\t\t\t\t\t\t\t\t<\/a>\n\t\t\t\t\t\t\t\t\t\t\t\t\t<\/div>\n\t\t\t\t<\/div>\n\t\t\t\t<\/div>\n\t\t\t\t\t<\/div>\n\t\t\t\t<\/div>\n\t\t<div class=\"elementor-element elementor-element-fc93009 e-flex e-con-boxed e-con e-parent\" data-id=\"fc93009\" data-element_type=\"container\" data-core-v316-plus=\"true\">\n\t\t\t\t\t<div class=\"e-con-inner\">\n\t\t<div class=\"elementor-element elementor-element-d07cbee e-con-full e-flex e-con e-child\" data-id=\"d07cbee\" data-element_type=\"container\">\n\t\t\t\t<div class=\"elementor-element elementor-element-78f858a elementor-widget elementor-widget-text-editor\" data-id=\"78f858a\" data-element_type=\"widget\" data-widget_type=\"text-editor.default\">\n\t\t\t\t<div class=\"elementor-widget-container\">\n\t\t\t\t\t\t\t<h3><strong>Plantvision<\/strong><\/h3><p>Plantvisioin fokuserar p\u00e5 att hj\u00e4lpa kunder att skapa merv\u00e4rde genom att driva f\u00f6r\u00e4ndringsarbete. Genom att kombinera djup branschkunskap och digitalisering med expertis och h\u00f6g projektkompetens m\u00f6jligg\u00f6rs f\u00f6rb\u00e4ttrad produktivitet och flexibilitet \u2013 utan att kompromissa med kvalitet eller regelefterlevnad.<\/p><p>Med ett kundcentrerat och integrerat angreppss\u00e4tt st\u00f6djer f\u00f6retaget f\u00f6r\u00e4ndring och f\u00f6rb\u00e4ttring av tillverkningsprocesser, laboratoriedrift och kvalitetsarbete. F\u00f6r att leverera p\u00e5 detta l\u00f6fte erbjuds konsult- och professionella tj\u00e4nster tillsammans med ett av marknadens mest helt\u00e4ckande utbud av branschledande l\u00f6sningar.<\/p>\t\t\t\t\t\t<\/div>\n\t\t\t\t<\/div>\n\t\t\t\t<\/div>\n\t\t<div class=\"elementor-element elementor-element-3e792b2 e-con-full e-flex e-con e-child\" data-id=\"3e792b2\" data-element_type=\"container\">\n\t\t\t\t<div class=\"elementor-element elementor-element-3ea42a4 elementor-widget elementor-widget-image\" data-id=\"3ea42a4\" data-element_type=\"widget\" data-widget_type=\"image.default\">\n\t\t\t\t<div class=\"elementor-widget-container\">\n\t\t\t\t\t\t\t\t\t\t\t\t\t\t<a href=\"https:\/\/plantvision.se\/\" target=\"_blank\">\n\t\t\t\t\t\t\t<img loading=\"lazy\" decoding=\"async\" width=\"300\" height=\"77\" src=\"https:\/\/nmevents.se\/underhallsdagen\/wp-content\/uploads\/sites\/11\/2025\/06\/Plantvision-logga-svartlila-800px-1-300x77.png\" class=\"attachment-medium size-medium wp-image-3021\" alt=\"\" srcset=\"https:\/\/nmevents.se\/underhallsdagen\/wp-content\/uploads\/sites\/11\/2025\/06\/Plantvision-logga-svartlila-800px-1-300x77.png 300w, https:\/\/nmevents.se\/underhallsdagen\/wp-content\/uploads\/sites\/11\/2025\/06\/Plantvision-logga-svartlila-800px-1-768x196.png 768w, https:\/\/nmevents.se\/underhallsdagen\/wp-content\/uploads\/sites\/11\/2025\/06\/Plantvision-logga-svartlila-800px-1.png 800w\" sizes=\"(max-width: 300px) 100vw, 300px\" \/>\t\t\t\t\t\t\t\t<\/a>\n\t\t\t\t\t\t\t\t\t\t\t\t\t<\/div>\n\t\t\t\t<\/div>\n\t\t\t\t<\/div>\n\t\t\t\t\t<\/div>\n\t\t\t\t<\/div>\n\t\t<div class=\"elementor-element elementor-element-35f7503 e-flex e-con-boxed e-con e-parent\" data-id=\"35f7503\" data-element_type=\"container\" data-core-v316-plus=\"true\">\n\t\t\t\t\t<div class=\"e-con-inner\">\n\t\t<div class=\"elementor-element elementor-element-1c9c293 e-con-full e-flex e-con e-child\" data-id=\"1c9c293\" data-element_type=\"container\">\n\t\t\t\t<div class=\"elementor-element elementor-element-ee78d38 elementor-widget elementor-widget-text-editor\" data-id=\"ee78d38\" data-element_type=\"widget\" data-widget_type=\"text-editor.default\">\n\t\t\t\t<div class=\"elementor-widget-container\">\n\t\t\t\t\t\t\t\t\t\t\t\t\t<\/div>\n\t\t\t\t<\/div>\n\t\t\t\t<\/div>\n\t\t<div class=\"elementor-element elementor-element-bcbc289 e-con-full e-flex e-con e-child\" data-id=\"bcbc289\" data-element_type=\"container\">\n\t\t\t\t<\/div>\n\t\t\t\t\t<\/div>\n\t\t\t\t<\/div>\n\t\t<div class=\"elementor-element elementor-element-0e84a50 e-flex e-con-boxed e-con e-parent\" data-id=\"0e84a50\" data-element_type=\"container\" data-core-v316-plus=\"true\">\n\t\t\t\t\t<div class=\"e-con-inner\">\n\t\t<div class=\"elementor-element elementor-element-aa1676a e-con-full e-flex e-con e-child\" data-id=\"aa1676a\" data-element_type=\"container\">\n\t\t\t\t<div class=\"elementor-element elementor-element-42fff9c elementor-widget elementor-widget-text-editor\" data-id=\"42fff9c\" data-element_type=\"widget\" data-widget_type=\"text-editor.default\">\n\t\t\t\t<div class=\"elementor-widget-container\">\n\t\t\t\t\t\t\t\t\t\t\t\t\t<\/div>\n\t\t\t\t<\/div>\n\t\t\t\t<\/div>\n\t\t<div class=\"elementor-element elementor-element-a133049 e-con-full e-flex e-con e-child\" data-id=\"a133049\" data-element_type=\"container\">\n\t\t\t\t<\/div>\n\t\t\t\t\t<\/div>\n\t\t\t\t<\/div>\n\t\t<div class=\"elementor-element elementor-element-01db5a7 e-flex e-con-boxed e-con e-parent\" data-id=\"01db5a7\" data-element_type=\"container\" data-core-v316-plus=\"true\">\n\t\t\t\t\t<div class=\"e-con-inner\">\n\t\t<div class=\"elementor-element elementor-element-969a985 e-con-full e-flex e-con e-child\" data-id=\"969a985\" data-element_type=\"container\">\n\t\t\t\t<div class=\"elementor-element elementor-element-cd1042b elementor-widget elementor-widget-text-editor\" data-id=\"cd1042b\" data-element_type=\"widget\" data-widget_type=\"text-editor.default\">\n\t\t\t\t<div class=\"elementor-widget-container\">\n\t\t\t\t\t\t\t\t\t\t\t\t\t<\/div>\n\t\t\t\t<\/div>\n\t\t\t\t<\/div>\n\t\t<div class=\"elementor-element elementor-element-df10d90 e-con-full e-flex e-con e-child\" data-id=\"df10d90\" data-element_type=\"container\">\n\t\t\t\t<\/div>\n\t\t\t\t\t<\/div>\n\t\t\t\t<\/div>\n\t\t<div class=\"elementor-element elementor-element-3bd28b7 e-flex e-con-boxed e-con e-parent\" data-id=\"3bd28b7\" data-element_type=\"container\" data-core-v316-plus=\"true\">\n\t\t\t\t\t<div class=\"e-con-inner\">\n\t\t<div class=\"elementor-element elementor-element-358ecf2 e-con-full e-flex e-con e-child\" data-id=\"358ecf2\" data-element_type=\"container\">\n\t\t\t\t<div class=\"elementor-element elementor-element-832a1d1 elementor-widget elementor-widget-text-editor\" data-id=\"832a1d1\" data-element_type=\"widget\" data-widget_type=\"text-editor.default\">\n\t\t\t\t<div class=\"elementor-widget-container\">\n\t\t\t\t\t\t\t\t\t\t\t\t\t<\/div>\n\t\t\t\t<\/div>\n\t\t\t\t<\/div>\n\t\t<div class=\"elementor-element elementor-element-f177088 e-con-full e-flex e-con e-child\" data-id=\"f177088\" data-element_type=\"container\">\n\t\t\t\t<\/div>\n\t\t\t\t\t<\/div>\n\t\t\t\t<\/div>\n\t\t<div class=\"elementor-element elementor-element-962aa2e e-flex e-con-boxed e-con e-parent\" data-id=\"962aa2e\" data-element_type=\"container\" data-core-v316-plus=\"true\">\n\t\t\t\t\t<div class=\"e-con-inner\">\n\t\t<div class=\"elementor-element elementor-element-f08c44f e-con-full e-flex e-con e-child\" data-id=\"f08c44f\" data-element_type=\"container\">\n\t\t\t\t<div class=\"elementor-element elementor-element-60191e0 elementor-widget elementor-widget-text-editor\" data-id=\"60191e0\" data-element_type=\"widget\" data-widget_type=\"text-editor.default\">\n\t\t\t\t<div class=\"elementor-widget-container\">\n\t\t\t\t\t\t\t\t\t\t\t\t\t<\/div>\n\t\t\t\t<\/div>\n\t\t\t\t<\/div>\n\t\t<div class=\"elementor-element elementor-element-38b53b5 e-con-full e-flex e-con e-child\" data-id=\"38b53b5\" data-element_type=\"container\">\n\t\t\t\t<\/div>\n\t\t\t\t\t<\/div>\n\t\t\t\t<\/div>\n\t\t<div class=\"elementor-element elementor-element-fddfbaf e-flex e-con-boxed e-con e-parent\" data-id=\"fddfbaf\" data-element_type=\"container\" data-core-v316-plus=\"true\">\n\t\t\t\t\t<div class=\"e-con-inner\">\n\t\t<div class=\"elementor-element elementor-element-2d5153b e-con-full e-flex e-con e-child\" data-id=\"2d5153b\" data-element_type=\"container\">\n\t\t\t\t<div class=\"elementor-element elementor-element-deb6981 elementor-widget elementor-widget-text-editor\" data-id=\"deb6981\" data-element_type=\"widget\" data-widget_type=\"text-editor.default\">\n\t\t\t\t<div class=\"elementor-widget-container\">\n\t\t\t\t\t\t\t\t\t\t\t\t\t<\/div>\n\t\t\t\t<\/div>\n\t\t\t\t<\/div>\n\t\t<div class=\"elementor-element elementor-element-cc4c1a7 e-con-full e-flex e-con e-child\" data-id=\"cc4c1a7\" data-element_type=\"container\">\n\t\t\t\t<\/div>\n\t\t\t\t\t<\/div>\n\t\t\t\t<\/div>\n\t\t<div class=\"elementor-element elementor-element-d888825 e-flex e-con-boxed e-con e-parent\" data-id=\"d888825\" data-element_type=\"container\" data-core-v316-plus=\"true\">\n\t\t\t\t\t<div class=\"e-con-inner\">\n\t\t<div class=\"elementor-element elementor-element-6cd0cb5 e-con-full e-flex e-con e-child\" data-id=\"6cd0cb5\" data-element_type=\"container\">\n\t\t\t\t<div class=\"elementor-element elementor-element-9f72d21 elementor-widget elementor-widget-text-editor\" data-id=\"9f72d21\" data-element_type=\"widget\" data-widget_type=\"text-editor.default\">\n\t\t\t\t<div class=\"elementor-widget-container\">\n\t\t\t\t\t\t\t<p><strong>Vill du bli partner?<\/strong><\/p>\n<p>Ta kontakt med Lena s\u00e5 hj\u00e4lper hon er att hitta ett uppl\u00e4gg som passar!<\/p>\n<p>Lena Jacobs<br>+46 73 6825319 <br><a href=\"mailto:lens.jacobs@nordiskemedier.se\">lens.jacobs@nordiskemedier.se<\/a><\/p>\t\t\t\t\t\t<\/div>\n\t\t\t\t<\/div>\n\t\t\t\t<\/div>\n\t\t<div class=\"elementor-element elementor-element-6e6d81b e-con-full e-flex e-con e-child\" data-id=\"6e6d81b\" data-element_type=\"container\">\n\t\t\t\t<div class=\"elementor-element elementor-element-f239bbe elementor-widget elementor-widget-image\" data-id=\"f239bbe\" data-element_type=\"widget\" data-widget_type=\"image.default\">\n\t\t\t\t<div class=\"elementor-widget-container\">\n\t\t\t\t\t\t\t\t\t\t\t\t\t<img loading=\"lazy\" decoding=\"async\" width=\"300\" height=\"300\" src=\"https:\/\/nmevents.se\/underhallsdagen\/wp-content\/uploads\/sites\/11\/2024\/03\/Lena-Jacobs_svv-300x300-1.jpg\" class=\"attachment-large size-large wp-image-1604\" alt=\"\" srcset=\"https:\/\/nmevents.se\/underhallsdagen\/wp-content\/uploads\/sites\/11\/2024\/03\/Lena-Jacobs_svv-300x300-1.jpg 300w, https:\/\/nmevents.se\/underhallsdagen\/wp-content\/uploads\/sites\/11\/2024\/03\/Lena-Jacobs_svv-300x300-1-150x150.jpg 150w\" sizes=\"(max-width: 300px) 100vw, 300px\" \/>\t\t\t\t\t\t\t\t\t\t\t\t\t<\/div>\n\t\t\t\t<\/div>\n\t\t\t\t<\/div>\n\t\t<div class=\"elementor-element elementor-element-0149ee0 e-con-full e-flex e-con e-child\" data-id=\"0149ee0\" data-element_type=\"container\">\n\t\t\t\t<\/div>\n\t\t\t\t\t<\/div>\n\t\t\t\t<\/div>\n\t\t\t\t<\/div>\n\t\t","protected":false},"excerpt":{"rendered":"<p>Partners Abus Kransystem ABUS Kransystem \u00e4r en ledande leverant\u00f6r av lyftutrustning och erbjuder innovativa och p\u00e5litliga l\u00f6sningar f\u00f6r en s\u00e4ker och effektiv materialhantering. Med ett brett utbud av produkter, inklusive traverskranar, sv\u00e4ngkranar, l\u00e4ttraverssystem och olika typer av telfrar, anpassar de sina l\u00f6sningar efter kundens behov. Ut\u00f6ver h\u00f6gkvalitativa produkter tillhandah\u00e5ller ABUS \u00e4ven service och underh\u00e5ll f\u00f6r [&hellip;]<\/p>\n","protected":false},"author":7,"featured_media":0,"parent":0,"menu_order":0,"comment_status":"closed","ping_status":"closed","template":"","meta":{"_acf_changed":false,"footnotes":""},"acf":[],"_links":{"self":[{"href":"https:\/\/nmevents.se\/underhallsdagen\/wp-json\/wp\/v2\/pages\/1123"}],"collection":[{"href":"https:\/\/nmevents.se\/underhallsdagen\/wp-json\/wp\/v2\/pages"}],"about":[{"href":"https:\/\/nmevents.se\/underhallsdagen\/wp-json\/wp\/v2\/types\/page"}],"author":[{"embeddable":true,"href":"https:\/\/nmevents.se\/underhallsdagen\/wp-json\/wp\/v2\/users\/7"}],"replies":[{"embeddable":true,"href":"https:\/\/nmevents.se\/underhallsdagen\/wp-json\/wp\/v2\/comments?post=1123"}],"version-history":[{"count":118,"href":"https:\/\/nmevents.se\/underhallsdagen\/wp-json\/wp\/v2\/pages\/1123\/revisions"}],"predecessor-version":[{"id":3037,"href":"https:\/\/nmevents.se\/underhallsdagen\/wp-json\/wp\/v2\/pages\/1123\/revisions\/3037"}],"wp:attachment":[{"href":"https:\/\/nmevents.se\/underhallsdagen\/wp-json\/wp\/v2\/media?parent=1123"}],"curies":[{"name":"wp","href":"https:\/\/api.w.org\/{rel}","templated":true}]}}