{"id":201,"date":"2023-11-08T13:46:21","date_gmt":"2023-11-08T11:46:21","guid":{"rendered":"https:\/\/eventdk.nordiske-medier.dk\/pack-point-nordic\/?page_id=201"},"modified":"2025-06-26T14:18:33","modified_gmt":"2025-06-26T12:18:33","slug":"om-oss","status":"publish","type":"page","link":"https:\/\/nmevents.se\/underhallsdagen\/om-oss\/","title":{"rendered":"Om oss"},"content":{"rendered":"\t\t<div data-elementor-type=\"wp-page\" data-elementor-id=\"201\" class=\"elementor elementor-201\" data-elementor-post-type=\"page\">\n\t\t\t\t<div class=\"elementor-element elementor-element-40e74a4 e-flex e-con-boxed e-con e-parent\" data-id=\"40e74a4\" data-element_type=\"container\" data-core-v316-plus=\"true\">\n\t\t\t\t\t<div class=\"e-con-inner\">\n\t\t<div class=\"elementor-element elementor-element-980f42e e-con-full e-flex e-con e-child\" data-id=\"980f42e\" data-element_type=\"container\">\n\t\t\t\t<div class=\"elementor-element elementor-element-6d72688 elementor-widget elementor-widget-heading\" data-id=\"6d72688\" data-element_type=\"widget\" data-widget_type=\"heading.default\">\n\t\t\t\t<div class=\"elementor-widget-container\">\n\t\t\t<style>\/*! elementor - v3.20.0 - 20-03-2024 *\/\n.elementor-heading-title{padding:0;margin:0;line-height:1}.elementor-widget-heading .elementor-heading-title[class*=elementor-size-]>a{color:inherit;font-size:inherit;line-height:inherit}.elementor-widget-heading .elementor-heading-title.elementor-size-small{font-size:15px}.elementor-widget-heading .elementor-heading-title.elementor-size-medium{font-size:19px}.elementor-widget-heading .elementor-heading-title.elementor-size-large{font-size:29px}.elementor-widget-heading .elementor-heading-title.elementor-size-xl{font-size:39px}.elementor-widget-heading .elementor-heading-title.elementor-size-xxl{font-size:59px}<\/style><h1 class=\"elementor-heading-title elementor-size-default\">Om Process&Underh\u00e5ll<\/h1>\t\t<\/div>\n\t\t\t\t<\/div>\n\t\t\t\t<\/div>\n\t\t\t\t\t<\/div>\n\t\t\t\t<\/div>\n\t\t<div class=\"elementor-element elementor-element-8d5195a e-flex e-con-boxed e-con e-parent\" data-id=\"8d5195a\" data-element_type=\"container\" data-core-v316-plus=\"true\">\n\t\t\t\t\t<div class=\"e-con-inner\">\n\t\t<div class=\"elementor-element elementor-element-243a48f e-con-full e-flex e-con e-child\" data-id=\"243a48f\" data-element_type=\"container\">\n\t\t\t\t<div class=\"elementor-element elementor-element-dc21fe1 elementor-widget elementor-widget-text-editor\" data-id=\"dc21fe1\" data-element_type=\"widget\" data-widget_type=\"text-editor.default\">\n\t\t\t\t<div class=\"elementor-widget-container\">\n\t\t\t<style>\/*! elementor - v3.20.0 - 20-03-2024 *\/\n.elementor-widget-text-editor.elementor-drop-cap-view-stacked .elementor-drop-cap{background-color:#69727d;color:#fff}.elementor-widget-text-editor.elementor-drop-cap-view-framed .elementor-drop-cap{color:#69727d;border:3px solid;background-color:transparent}.elementor-widget-text-editor:not(.elementor-drop-cap-view-default) .elementor-drop-cap{margin-top:8px}.elementor-widget-text-editor:not(.elementor-drop-cap-view-default) .elementor-drop-cap-letter{width:1em;height:1em}.elementor-widget-text-editor .elementor-drop-cap{float:left;text-align:center;line-height:1;font-size:50px}.elementor-widget-text-editor .elementor-drop-cap-letter{display:inline-block}<\/style>\t\t\t\t<p><strong>Process&amp;Underh\u00e5ll<\/strong> \u00e4r konferensen f\u00f6r dig som har det \u00f6vergripande ansvaret f\u00f6r driften, tillg\u00e4ngligheten och effektiviteten i industrins hj\u00e4rta. Som chef vet du att underh\u00e5ll och processoptimering inte l\u00e4ngre \u00e4r isolerade fr\u00e5gor \u2013 de \u00e4r strategiska nycklar till l\u00f6nsamhet, h\u00e5llbarhet och framtidss\u00e4kring.<\/p><p>Genom att f\u00f6rena kraften i facktidningarna <em>Process<\/em> och <em>Underh\u00e5ll &amp; Drifts\u00e4kerhet<\/em> (U&amp;D) samlar vi nu industrins beslutsfattare till en heldag med fullt fokus p\u00e5 dina utmaningar. H\u00e4r f\u00e5r du ta del av konkreta exempel fr\u00e5n andra ledare inom branschen, l\u00f6sningar p\u00e5 verkliga problem \u2013 och insikter du direkt kan oms\u00e4tta i din egen organisation.<\/p><p>P\u00e5 <strong>Process&amp;Underh\u00e5ll<\/strong> diskuterar vi det som verkligen p\u00e5verkar din vardag:<br \/>\u2013 Hur s\u00e4kerst\u00e4ller du tillg\u00e4ngligheten i en \u00e5ldrande anl\u00e4ggning?<br \/>\u2013 Hur leder du den digitala omst\u00e4llningen inom drift och underh\u00e5ll?<br \/>\u2013 Hur balanserar du h\u00e5llbarhetskrav med produktionsekonomi?<\/p><p>V\u00e4lkommen till en konferens som ger dig b\u00e5de \u00f6verblick och djup \u2013 och en m\u00f6jlighet att n\u00e4tverka med andra i samma position. Process&amp;Underh\u00e5ll \u00e4r m\u00f6tesplatsen d\u00e4r industrins beslutsfattare samlas f\u00f6r att dela erfarenheter, hitta nya l\u00f6sningar och forma framtidens processindustri tillsammans.<\/p>\t\t\t\t\t\t<\/div>\n\t\t\t\t<\/div>\n\t\t\t\t<div class=\"elementor-element elementor-element-8a0344e elementor-widget elementor-widget-button\" data-id=\"8a0344e\" data-element_type=\"widget\" data-widget_type=\"button.default\">\n\t\t\t\t<div class=\"elementor-widget-container\">\n\t\t\t\t\t<div class=\"elementor-button-wrapper\">\n\t\t\t<a class=\"elementor-button elementor-button-link elementor-size-lg\" href=\"https:\/\/nmevents.se\/underhallsdagen\/program\/\">\n\t\t\t\t\t\t<span class=\"elementor-button-content-wrapper\">\n\t\t\t\t\t\t<span class=\"elementor-button-text\">L\u00e4s programmet<\/span>\n\t\t<\/span>\n\t\t\t\t\t<\/a>\n\t\t<\/div>\n\t\t\t\t<\/div>\n\t\t\t\t<\/div>\n\t\t\t\t<\/div>\n\t\t<div class=\"elementor-element elementor-element-be5b0ce e-con-full e-flex e-con e-child\" data-id=\"be5b0ce\" data-element_type=\"container\">\n\t\t\t\t<div class=\"elementor-element elementor-element-4ef8e9c elementor-widget elementor-widget-image\" data-id=\"4ef8e9c\" data-element_type=\"widget\" data-widget_type=\"image.default\">\n\t\t\t\t<div class=\"elementor-widget-container\">\n\t\t\t<style>\/*! elementor - v3.20.0 - 20-03-2024 *\/\n.elementor-widget-image{text-align:center}.elementor-widget-image a{display:inline-block}.elementor-widget-image a img[src$=\".svg\"]{width:48px}.elementor-widget-image img{vertical-align:middle;display:inline-block}<\/style>\t\t\t\t\t\t\t\t\t\t<img fetchpriority=\"high\" decoding=\"async\" width=\"800\" height=\"598\" src=\"https:\/\/nmevents.se\/underhallsdagen\/wp-content\/uploads\/sites\/11\/2024\/03\/IMG_20231108_120954-kopiera-1024x766.jpg\" class=\"attachment-large size-large wp-image-2180\" alt=\"\" srcset=\"https:\/\/nmevents.se\/underhallsdagen\/wp-content\/uploads\/sites\/11\/2024\/03\/IMG_20231108_120954-kopiera-1024x766.jpg 1024w, https:\/\/nmevents.se\/underhallsdagen\/wp-content\/uploads\/sites\/11\/2024\/03\/IMG_20231108_120954-kopiera-300x225.jpg 300w, https:\/\/nmevents.se\/underhallsdagen\/wp-content\/uploads\/sites\/11\/2024\/03\/IMG_20231108_120954-kopiera-768x575.jpg 768w, https:\/\/nmevents.se\/underhallsdagen\/wp-content\/uploads\/sites\/11\/2024\/03\/IMG_20231108_120954-kopiera.jpg 1336w\" sizes=\"(max-width: 800px) 100vw, 800px\" \/>\t\t\t\t\t\t\t\t\t\t\t\t\t<\/div>\n\t\t\t\t<\/div>\n\t\t\t\t<\/div>\n\t\t\t\t\t<\/div>\n\t\t\t\t<\/div>\n\t\t\t\t<\/div>\n\t\t","protected":false},"excerpt":{"rendered":"<p>Om Process&amp;Underh\u00e5ll Process&amp;Underh\u00e5ll \u00e4r konferensen f\u00f6r dig som har det \u00f6vergripande ansvaret f\u00f6r driften, tillg\u00e4ngligheten och effektiviteten i industrins hj\u00e4rta. Som chef vet du att underh\u00e5ll och processoptimering inte l\u00e4ngre \u00e4r isolerade fr\u00e5gor \u2013 de \u00e4r strategiska nycklar till l\u00f6nsamhet, h\u00e5llbarhet och framtidss\u00e4kring. Genom att f\u00f6rena kraften i facktidningarna Process och Underh\u00e5ll &amp; Drifts\u00e4kerhet (U&amp;D) [&hellip;]<\/p>\n","protected":false},"author":1,"featured_media":0,"parent":0,"menu_order":0,"comment_status":"closed","ping_status":"closed","template":"elementor_header_footer","meta":{"_acf_changed":false,"footnotes":""},"acf":[],"_links":{"self":[{"href":"https:\/\/nmevents.se\/underhallsdagen\/wp-json\/wp\/v2\/pages\/201"}],"collection":[{"href":"https:\/\/nmevents.se\/underhallsdagen\/wp-json\/wp\/v2\/pages"}],"about":[{"href":"https:\/\/nmevents.se\/underhallsdagen\/wp-json\/wp\/v2\/types\/page"}],"author":[{"embeddable":true,"href":"https:\/\/nmevents.se\/underhallsdagen\/wp-json\/wp\/v2\/users\/1"}],"replies":[{"embeddable":true,"href":"https:\/\/nmevents.se\/underhallsdagen\/wp-json\/wp\/v2\/comments?post=201"}],"version-history":[{"count":31,"href":"https:\/\/nmevents.se\/underhallsdagen\/wp-json\/wp\/v2\/pages\/201\/revisions"}],"predecessor-version":[{"id":2977,"href":"https:\/\/nmevents.se\/underhallsdagen\/wp-json\/wp\/v2\/pages\/201\/revisions\/2977"}],"wp:attachment":[{"href":"https:\/\/nmevents.se\/underhallsdagen\/wp-json\/wp\/v2\/media?parent=201"}],"curies":[{"name":"wp","href":"https:\/\/api.w.org\/{rel}","templated":true}]}}